{"id":2148,"date":"2022-01-12T15:03:51","date_gmt":"2022-01-12T13:03:51","guid":{"rendered":"https:\/\/trafipoint.alinedev.fi\/flytt-av-foretag\/"},"modified":"2022-01-25T10:17:58","modified_gmt":"2022-01-25T08:17:58","slug":"flytt-av-foretag","status":"publish","type":"page","link":"https:\/\/www.trafipoint.fi\/sv\/flytt-av-foretag\/","title":{"rendered":"Flytt av f\u00f6retag"},"content":{"rendered":"\t\t<div data-elementor-type=\"wp-page\" data-elementor-id=\"2148\" class=\"elementor elementor-2148 elementor-848\" data-elementor-settings=\"[]\">\n\t\t\t\t\t\t<div class=\"elementor-inner\">\n\t\t\t\t\t\t\t<div class=\"elementor-section-wrap\">\n\t\t\t\t\t\t\t<section class=\"elementor-section elementor-top-section elementor-element elementor-element-6a1dadb elementor-section-boxed elementor-section-height-default elementor-section-height-default\" data-id=\"6a1dadb\" data-element_type=\"section\">\n\t\t\t\t\t\t<div class=\"elementor-container elementor-column-gap-default\">\n\t\t\t\t\t\t\t<div class=\"elementor-row\">\n\t\t\t\t\t<div class=\"elementor-column elementor-col-100 elementor-top-column elementor-element elementor-element-84f51d3\" data-id=\"84f51d3\" data-element_type=\"column\">\n\t\t\t<div class=\"elementor-column-wrap elementor-element-populated\">\n\t\t\t\t\t\t\t<div class=\"elementor-widget-wrap\">\n\t\t\t\t\t\t<div class=\"elementor-element elementor-element-374cebb elementor-widget elementor-widget-heading\" data-id=\"374cebb\" data-element_type=\"widget\" data-widget_type=\"heading.default\">\n\t\t\t\t<div class=\"elementor-widget-container\">\n\t\t\t<h1 class=\"elementor-heading-title elementor-size-default\">Flytt av f\u00f6retag<\/h1>\t\t<\/div>\n\t\t\t\t<\/div>\n\t\t\t\t\t\t<\/div>\n\t\t\t\t\t<\/div>\n\t\t<\/div>\n\t\t\t\t\t\t\t\t<\/div>\n\t\t\t\t\t<\/div>\n\t\t<\/section>\n\t\t\t\t<section class=\"elementor-section elementor-top-section elementor-element elementor-element-c5e11dd elementor-section-boxed elementor-section-height-default elementor-section-height-default\" data-id=\"c5e11dd\" data-element_type=\"section\">\n\t\t\t\t\t\t<div class=\"elementor-container elementor-column-gap-default\">\n\t\t\t\t\t\t\t<div class=\"elementor-row\">\n\t\t\t\t\t<div class=\"elementor-column elementor-col-100 elementor-top-column elementor-element elementor-element-7f011e9\" data-id=\"7f011e9\" data-element_type=\"column\">\n\t\t\t<div class=\"elementor-column-wrap elementor-element-populated\">\n\t\t\t\t\t\t\t<div class=\"elementor-widget-wrap\">\n\t\t\t\t\t\t<div class=\"elementor-element elementor-element-c8100f3 elementor-widget elementor-widget-text-editor\" data-id=\"c8100f3\" data-element_type=\"widget\" data-widget_type=\"text-editor.default\">\n\t\t\t\t<div class=\"elementor-widget-container\">\n\t\t\t\t\t\t\t\t<div class=\"elementor-text-editor elementor-clearfix\">\n\t\t\t\t<p><span dir=\"ltr\" role=\"presentation\">N\u00e4r f\u00f6retag flyttar \u00e4r tid alltid pengar, oberoende om det \u00e4r fr\u00e5ga om en liten eller en stor <\/span><span dir=\"ltr\" role=\"presentation\">organisation. Bra och grundlig planering \u00e4r en f\u00f6ruts\u00e4ttning f\u00f6r en smidig <\/span><span dir=\"ltr\" role=\"presentation\">f\u00f6retagsflytt.<\/span><br role=\"presentation\" \/><span dir=\"ltr\" role=\"presentation\">Med Trafipoints konkurrensuts\u00e4ttning \u00e4r det l\u00e4tt att j\u00e4mf\u00f6ra <\/span><span dir=\"ltr\" role=\"presentation\">anbud och v\u00e4lja den tj\u00e4nst som passar f\u00f6retagets behov.<\/span><\/p>\t\t\t\t\t<\/div>\n\t\t\t\t\t\t<\/div>\n\t\t\t\t<\/div>\n\t\t\t\t\t\t<\/div>\n\t\t\t\t\t<\/div>\n\t\t<\/div>\n\t\t\t\t\t\t\t\t<\/div>\n\t\t\t\t\t<\/div>\n\t\t<\/section>\n\t\t\t\t<section class=\"elementor-section elementor-top-section elementor-element elementor-element-8d1bcf1 elementor-section-boxed elementor-section-height-default elementor-section-height-default\" data-id=\"8d1bcf1\" data-element_type=\"section\">\n\t\t\t\t\t\t<div class=\"elementor-container elementor-column-gap-default\">\n\t\t\t\t\t\t\t<div class=\"elementor-row\">\n\t\t\t\t\t<div class=\"elementor-column elementor-col-50 elementor-top-column elementor-element elementor-element-515b186\" data-id=\"515b186\" data-element_type=\"column\">\n\t\t\t<div class=\"elementor-column-wrap elementor-element-populated\">\n\t\t\t\t\t\t\t<div class=\"elementor-widget-wrap\">\n\t\t\t\t\t\t<div class=\"elementor-element elementor-element-4c5fb57 elementor-widget elementor-widget-text-editor\" data-id=\"4c5fb57\" data-element_type=\"widget\" data-widget_type=\"text-editor.default\">\n\t\t\t\t<div class=\"elementor-widget-container\">\n\t\t\t\t\t\t\t\t<div class=\"elementor-text-editor elementor-clearfix\">\n\t\t\t\t<h5>Anvisningar f\u00f6r f\u00f6retagsflytt:<\/h5><ul><li>Bra f\u00f6rpackningar<\/li><li>Bra f\u00f6rpackningsmaterial.<\/li><li>Tillr\u00e4ckligt med flyttl\u00e5dor.<\/li><li>Tillr\u00e4ckligt med flyttkarlar.<\/li><li><span dir=\"ltr\" role=\"presentation\">En ansvarig f\u00f6r flytten med vilken transportf\u00f6retagets arbetsledare h\u00e5ller <\/span><br role=\"presentation\" \/><span dir=\"ltr\" role=\"presentation\">kontakt under hela flytten.<\/span><\/li><li>Reservera tillr\u00e4ckligt med parkeringsplats f\u00f6re flytten.<\/li><\/ul><p>\u00a0<\/p>\t\t\t\t\t<\/div>\n\t\t\t\t\t\t<\/div>\n\t\t\t\t<\/div>\n\t\t\t\t\t\t<\/div>\n\t\t\t\t\t<\/div>\n\t\t<\/div>\n\t\t\t\t<div class=\"elementor-column elementor-col-50 elementor-top-column elementor-element elementor-element-537ca9f\" data-id=\"537ca9f\" data-element_type=\"column\">\n\t\t\t<div class=\"elementor-column-wrap elementor-element-populated\">\n\t\t\t\t\t\t\t<div class=\"elementor-widget-wrap\">\n\t\t\t\t\t\t<div class=\"elementor-element elementor-element-f8664a4 elementor-widget elementor-widget-text-editor\" data-id=\"f8664a4\" data-element_type=\"widget\" data-widget_type=\"text-editor.default\">\n\t\t\t\t<div class=\"elementor-widget-container\">\n\t\t\t\t\t\t\t\t<div class=\"elementor-text-editor elementor-clearfix\">\n\t\t\t\t<h5>Packning:<\/h5><ul><li><span dir=\"ltr\" role=\"presentation\">Packa alla l\u00f6sa f\u00f6rem\u00e5l fr\u00e5n bord, sk\u00e5p, l\u00e5dor och hyllor i flyttl\u00e5dor. <\/span><span dir=\"ltr\" role=\"presentation\">IT-utrustning b\u00f6r skyddas och packas d\u00e4refter direkt i flyttl\u00e5dor.<\/span><\/li><li>L\u00e5s kontorsm\u00f6blernas d\u00f6rrar och l\u00e5dor med nyckel eller tejpa fast dem.<\/li><li><span dir=\"ltr\" role=\"presentation\">Linda in tavlor och speglar i bubbelplast. Skydda m\u00f6bler med \u00f6mt\u00e5lig yta <\/span><span dir=\"ltr\" role=\"presentation\">med wellpapp eller bubbelplast.<\/span><\/li><li>Skydda gr\u00f6na v\u00e4xter med tyg eller plastp\u00e5sar, s\u00e4rskilt under vintern.<\/li><li>Packa alla andra l\u00f6sa f\u00f6rem\u00e5l i flyttl\u00e5dor.<\/li><\/ul>\t\t\t\t\t<\/div>\n\t\t\t\t\t\t<\/div>\n\t\t\t\t<\/div>\n\t\t\t\t\t\t<\/div>\n\t\t\t\t\t<\/div>\n\t\t<\/div>\n\t\t\t\t\t\t\t\t<\/div>\n\t\t\t\t\t<\/div>\n\t\t<\/section>\n\t\t\t\t<section class=\"elementor-section elementor-top-section elementor-element elementor-element-4c45253 elementor-section-boxed elementor-section-height-default elementor-section-height-default\" data-id=\"4c45253\" data-element_type=\"section\">\n\t\t\t\t\t\t<div class=\"elementor-container elementor-column-gap-default\">\n\t\t\t\t\t\t\t<div class=\"elementor-row\">\n\t\t\t\t\t<div class=\"elementor-column elementor-col-100 elementor-top-column elementor-element elementor-element-31b5d86\" data-id=\"31b5d86\" data-element_type=\"column\">\n\t\t\t<div class=\"elementor-column-wrap\">\n\t\t\t\t\t\t\t<div class=\"elementor-widget-wrap\">\n\t\t\t\t\t\t\t\t<\/div>\n\t\t\t\t\t<\/div>\n\t\t<\/div>\n\t\t\t\t\t\t\t\t<\/div>\n\t\t\t\t\t<\/div>\n\t\t<\/section>\n\t\t\t\t\t\t<\/div>\n\t\t\t\t\t\t<\/div>\n\t\t\t\t\t<\/div>\n\t\t","protected":false},"excerpt":{"rendered":"<p>Flytt av f\u00f6retag N\u00e4r f\u00f6retag flyttar \u00e4r tid alltid pengar, oberoende om det \u00e4r fr\u00e5ga om en liten eller en stor organisation. Bra och grundlig planering \u00e4r en f\u00f6ruts\u00e4ttning f\u00f6r en smidig f\u00f6retagsflytt.Med Trafipoints konkurrensuts\u00e4ttning \u00e4r det l\u00e4tt att j\u00e4mf\u00f6ra anbud och v\u00e4lja den tj\u00e4nst som passar f\u00f6retagets behov. Anvisningar f\u00f6r f\u00f6retagsflytt: Bra f\u00f6rpackningar Bra &hellip;<\/p>\n<p class=\"read-more\"> <a class=\"\" href=\"https:\/\/www.trafipoint.fi\/sv\/flytt-av-foretag\/\"> <span class=\"screen-reader-text\">Flytt av f\u00f6retag<\/span> Read More \u00bb<\/a><\/p>\n","protected":false},"author":2,"featured_media":0,"parent":0,"menu_order":0,"comment_status":"closed","ping_status":"closed","template":"","meta":[],"tags":[33],"yoast_head":"<!-- This site is optimized with the Yoast SEO plugin v17.0 - https:\/\/yoast.com\/wordpress\/plugins\/seo\/ -->\n<title>Trafipoint - Flytt av f\u00f6retag<\/title>\n<meta name=\"robots\" content=\"index, follow, max-snippet:-1, max-image-preview:large, max-video-preview:-1\" \/>\n<link rel=\"canonical\" href=\"https:\/\/www.trafipoint.fi\/sv\/flytt-av-foretag\/\" \/>\n<meta property=\"og:locale\" content=\"sv_SE\" \/>\n<meta property=\"og:type\" content=\"article\" \/>\n<meta property=\"og:title\" content=\"Trafipoint - Flytt av f\u00f6retag\" \/>\n<meta property=\"og:description\" content=\"Flytt av f\u00f6retag N\u00e4r f\u00f6retag flyttar \u00e4r tid alltid pengar, oberoende om det \u00e4r fr\u00e5ga om en liten eller en stor organisation. Bra och grundlig planering \u00e4r en f\u00f6ruts\u00e4ttning f\u00f6r en smidig f\u00f6retagsflytt.Med Trafipoints konkurrensuts\u00e4ttning \u00e4r det l\u00e4tt att j\u00e4mf\u00f6ra anbud och v\u00e4lja den tj\u00e4nst som passar f\u00f6retagets behov. Anvisningar f\u00f6r f\u00f6retagsflytt: Bra f\u00f6rpackningar Bra &hellip; Flytt av f\u00f6retag Read More \u00bb\" \/>\n<meta property=\"og:url\" content=\"https:\/\/www.trafipoint.fi\/sv\/flytt-av-foretag\/\" \/>\n<meta property=\"og:site_name\" content=\"Trafipoint\" \/>\n<meta property=\"article:publisher\" content=\"https:\/\/www.facebook.com\/trafipoint\" \/>\n<meta property=\"article:modified_time\" content=\"2022-01-25T08:17:58+00:00\" \/>\n<meta name=\"twitter:card\" content=\"summary_large_image\" \/>\n<meta name=\"twitter:label1\" content=\"Ber\u00e4knad l\u00e4stid\" \/>\n\t<meta name=\"twitter:data1\" content=\"1 minut\" \/>\n<script type=\"application\/ld+json\" class=\"yoast-schema-graph\">{\"@context\":\"https:\/\/schema.org\",\"@graph\":[{\"@type\":\"Organization\",\"@id\":\"https:\/\/www.trafipoint.fi\/sv\/#organization\",\"name\":\"Trafipoint\",\"url\":\"https:\/\/www.trafipoint.fi\/sv\/\",\"sameAs\":[\"https:\/\/www.facebook.com\/trafipoint\",\"https:\/\/www.instagram.com\/trafipoint\/\"],\"logo\":{\"@type\":\"ImageObject\",\"@id\":\"https:\/\/www.trafipoint.fi\/sv\/#logo\",\"inLanguage\":\"sv-SE\",\"url\":\"https:\/\/www.trafipoint.fi\/wp-content\/uploads\/2022\/01\/playstore.png\",\"contentUrl\":\"https:\/\/www.trafipoint.fi\/wp-content\/uploads\/2022\/01\/playstore.png\",\"width\":512,\"height\":512,\"caption\":\"Trafipoint\"},\"image\":{\"@id\":\"https:\/\/www.trafipoint.fi\/sv\/#logo\"}},{\"@type\":\"WebSite\",\"@id\":\"https:\/\/www.trafipoint.fi\/sv\/#website\",\"url\":\"https:\/\/www.trafipoint.fi\/sv\/\",\"name\":\"Trafipoint\",\"description\":\"\",\"publisher\":{\"@id\":\"https:\/\/www.trafipoint.fi\/sv\/#organization\"},\"potentialAction\":[{\"@type\":\"SearchAction\",\"target\":{\"@type\":\"EntryPoint\",\"urlTemplate\":\"https:\/\/www.trafipoint.fi\/sv\/?s={search_term_string}\"},\"query-input\":\"required name=search_term_string\"}],\"inLanguage\":\"sv-SE\"},{\"@type\":\"WebPage\",\"@id\":\"https:\/\/www.trafipoint.fi\/sv\/flytt-av-foretag\/#webpage\",\"url\":\"https:\/\/www.trafipoint.fi\/sv\/flytt-av-foretag\/\",\"name\":\"Trafipoint - Flytt av f\\u00f6retag\",\"isPartOf\":{\"@id\":\"https:\/\/www.trafipoint.fi\/sv\/#website\"},\"datePublished\":\"2022-01-12T13:03:51+00:00\",\"dateModified\":\"2022-01-25T08:17:58+00:00\",\"breadcrumb\":{\"@id\":\"https:\/\/www.trafipoint.fi\/sv\/flytt-av-foretag\/#breadcrumb\"},\"inLanguage\":\"sv-SE\",\"potentialAction\":[{\"@type\":\"ReadAction\",\"target\":[\"https:\/\/www.trafipoint.fi\/sv\/flytt-av-foretag\/\"]}]},{\"@type\":\"BreadcrumbList\",\"@id\":\"https:\/\/www.trafipoint.fi\/sv\/flytt-av-foretag\/#breadcrumb\",\"itemListElement\":[{\"@type\":\"ListItem\",\"position\":1,\"name\":\"Etusivu\",\"item\":\"https:\/\/www.trafipoint.fi\/sv\/flytt\/\"},{\"@type\":\"ListItem\",\"position\":2,\"name\":\"Flytt av f\\u00f6retag\"}]}]}<\/script>\n<!-- \/ Yoast SEO plugin. -->","yoast_head_json":{"title":"Trafipoint - Flytt av f\u00f6retag","robots":{"index":"index","follow":"follow","max-snippet":"max-snippet:-1","max-image-preview":"max-image-preview:large","max-video-preview":"max-video-preview:-1"},"canonical":"https:\/\/www.trafipoint.fi\/sv\/flytt-av-foretag\/","og_locale":"sv_SE","og_type":"article","og_title":"Trafipoint - Flytt av f\u00f6retag","og_description":"Flytt av f\u00f6retag N\u00e4r f\u00f6retag flyttar \u00e4r tid alltid pengar, oberoende om det \u00e4r fr\u00e5ga om en liten eller en stor organisation. Bra och grundlig planering \u00e4r en f\u00f6ruts\u00e4ttning f\u00f6r en smidig f\u00f6retagsflytt.Med Trafipoints konkurrensuts\u00e4ttning \u00e4r det l\u00e4tt att j\u00e4mf\u00f6ra anbud och v\u00e4lja den tj\u00e4nst som passar f\u00f6retagets behov. Anvisningar f\u00f6r f\u00f6retagsflytt: Bra f\u00f6rpackningar Bra &hellip; Flytt av f\u00f6retag Read More \u00bb","og_url":"https:\/\/www.trafipoint.fi\/sv\/flytt-av-foretag\/","og_site_name":"Trafipoint","article_publisher":"https:\/\/www.facebook.com\/trafipoint","article_modified_time":"2022-01-25T08:17:58+00:00","twitter_card":"summary_large_image","twitter_misc":{"Ber\u00e4knad l\u00e4stid":"1 minut"},"schema":{"@context":"https:\/\/schema.org","@graph":[{"@type":"Organization","@id":"https:\/\/www.trafipoint.fi\/sv\/#organization","name":"Trafipoint","url":"https:\/\/www.trafipoint.fi\/sv\/","sameAs":["https:\/\/www.facebook.com\/trafipoint","https:\/\/www.instagram.com\/trafipoint\/"],"logo":{"@type":"ImageObject","@id":"https:\/\/www.trafipoint.fi\/sv\/#logo","inLanguage":"sv-SE","url":"https:\/\/www.trafipoint.fi\/wp-content\/uploads\/2022\/01\/playstore.png","contentUrl":"https:\/\/www.trafipoint.fi\/wp-content\/uploads\/2022\/01\/playstore.png","width":512,"height":512,"caption":"Trafipoint"},"image":{"@id":"https:\/\/www.trafipoint.fi\/sv\/#logo"}},{"@type":"WebSite","@id":"https:\/\/www.trafipoint.fi\/sv\/#website","url":"https:\/\/www.trafipoint.fi\/sv\/","name":"Trafipoint","description":"","publisher":{"@id":"https:\/\/www.trafipoint.fi\/sv\/#organization"},"potentialAction":[{"@type":"SearchAction","target":{"@type":"EntryPoint","urlTemplate":"https:\/\/www.trafipoint.fi\/sv\/?s={search_term_string}"},"query-input":"required name=search_term_string"}],"inLanguage":"sv-SE"},{"@type":"WebPage","@id":"https:\/\/www.trafipoint.fi\/sv\/flytt-av-foretag\/#webpage","url":"https:\/\/www.trafipoint.fi\/sv\/flytt-av-foretag\/","name":"Trafipoint - Flytt av f\u00f6retag","isPartOf":{"@id":"https:\/\/www.trafipoint.fi\/sv\/#website"},"datePublished":"2022-01-12T13:03:51+00:00","dateModified":"2022-01-25T08:17:58+00:00","breadcrumb":{"@id":"https:\/\/www.trafipoint.fi\/sv\/flytt-av-foretag\/#breadcrumb"},"inLanguage":"sv-SE","potentialAction":[{"@type":"ReadAction","target":["https:\/\/www.trafipoint.fi\/sv\/flytt-av-foretag\/"]}]},{"@type":"BreadcrumbList","@id":"https:\/\/www.trafipoint.fi\/sv\/flytt-av-foretag\/#breadcrumb","itemListElement":[{"@type":"ListItem","position":1,"name":"Etusivu","item":"https:\/\/www.trafipoint.fi\/sv\/flytt\/"},{"@type":"ListItem","position":2,"name":"Flytt av f\u00f6retag"}]}]}},"_links":{"self":[{"href":"https:\/\/www.trafipoint.fi\/sv\/wp-json\/wp\/v2\/pages\/2148"}],"collection":[{"href":"https:\/\/www.trafipoint.fi\/sv\/wp-json\/wp\/v2\/pages"}],"about":[{"href":"https:\/\/www.trafipoint.fi\/sv\/wp-json\/wp\/v2\/types\/page"}],"author":[{"embeddable":true,"href":"https:\/\/www.trafipoint.fi\/sv\/wp-json\/wp\/v2\/users\/2"}],"replies":[{"embeddable":true,"href":"https:\/\/www.trafipoint.fi\/sv\/wp-json\/wp\/v2\/comments?post=2148"}],"version-history":[{"count":4,"href":"https:\/\/www.trafipoint.fi\/sv\/wp-json\/wp\/v2\/pages\/2148\/revisions"}],"predecessor-version":[{"id":2749,"href":"https:\/\/www.trafipoint.fi\/sv\/wp-json\/wp\/v2\/pages\/2148\/revisions\/2749"}],"wp:attachment":[{"href":"https:\/\/www.trafipoint.fi\/sv\/wp-json\/wp\/v2\/media?parent=2148"}],"wp:term":[{"taxonomy":"post_tag","embeddable":true,"href":"https:\/\/www.trafipoint.fi\/sv\/wp-json\/wp\/v2\/tags?post=2148"}],"curies":[{"name":"wp","href":"https:\/\/api.w.org\/{rel}","templated":true}]}}