{"id":2161,"date":"2022-01-12T15:04:00","date_gmt":"2022-01-12T13:04:00","guid":{"rendered":"https:\/\/trafipoint.alinedev.fi\/for-transportforetag\/"},"modified":"2022-01-12T15:04:01","modified_gmt":"2022-01-12T13:04:01","slug":"for-transportforetag","status":"publish","type":"page","link":"https:\/\/www.trafipoint.fi\/sv\/for-transportforetag\/","title":{"rendered":"F\u00f6r transportf\u00f6retag"},"content":{"rendered":"\t\t<div data-elementor-type=\"wp-page\" data-elementor-id=\"2161\" class=\"elementor elementor-2161 elementor-1003\" data-elementor-settings=\"[]\">\n\t\t\t\t\t\t<div class=\"elementor-inner\">\n\t\t\t\t\t\t\t<div class=\"elementor-section-wrap\">\n\t\t\t\t\t\t\t<section class=\"elementor-section elementor-top-section elementor-element elementor-element-0706d40 elementor-section-boxed elementor-section-height-default elementor-section-height-default\" data-id=\"0706d40\" data-element_type=\"section\">\n\t\t\t\t\t\t<div class=\"elementor-container elementor-column-gap-default\">\n\t\t\t\t\t\t\t<div class=\"elementor-row\">\n\t\t\t\t\t<div class=\"elementor-column elementor-col-100 elementor-top-column elementor-element elementor-element-c1bd26e\" data-id=\"c1bd26e\" data-element_type=\"column\">\n\t\t\t<div class=\"elementor-column-wrap elementor-element-populated\">\n\t\t\t\t\t\t\t<div class=\"elementor-widget-wrap\">\n\t\t\t\t\t\t<div class=\"elementor-element elementor-element-c0040b3 elementor-widget elementor-widget-heading\" data-id=\"c0040b3\" data-element_type=\"widget\" data-widget_type=\"heading.default\">\n\t\t\t\t<div class=\"elementor-widget-container\">\n\t\t\t<h1 class=\"elementor-heading-title elementor-size-default\">F\u00f6r transportf\u00f6retag<\/h1>\t\t<\/div>\n\t\t\t\t<\/div>\n\t\t\t\t\t\t<\/div>\n\t\t\t\t\t<\/div>\n\t\t<\/div>\n\t\t\t\t\t\t\t\t<\/div>\n\t\t\t\t\t<\/div>\n\t\t<\/section>\n\t\t\t\t<section class=\"elementor-section elementor-top-section elementor-element elementor-element-8c6c6ab elementor-section-boxed elementor-section-height-default elementor-section-height-default\" data-id=\"8c6c6ab\" data-element_type=\"section\">\n\t\t\t\t\t\t<div class=\"elementor-container elementor-column-gap-default\">\n\t\t\t\t\t\t\t<div class=\"elementor-row\">\n\t\t\t\t\t<div class=\"elementor-column elementor-col-100 elementor-top-column elementor-element elementor-element-25cbcdc\" data-id=\"25cbcdc\" data-element_type=\"column\">\n\t\t\t<div class=\"elementor-column-wrap elementor-element-populated\">\n\t\t\t\t\t\t\t<div class=\"elementor-widget-wrap\">\n\t\t\t\t\t\t<div class=\"elementor-element elementor-element-ffda1eb elementor-widget elementor-widget-text-editor\" data-id=\"ffda1eb\" data-element_type=\"widget\" data-widget_type=\"text-editor.default\">\n\t\t\t\t<div class=\"elementor-widget-container\">\n\t\t\t\t\t\t\t\t<div class=\"elementor-text-editor elementor-clearfix\">\n\t\t\t\t<p><span dir=\"ltr\" role=\"presentation\">Med Trafipoint <\/span><span dir=\"ltr\" role=\"presentation\">hittar du nya potentiella kunder.<\/span> <span dir=\"ltr\" role=\"presentation\">I v\u00e5r tj\u00e4nst hittar du uppgifter om anbudsinfordringar om frakt. Som kund f\u00e5r du<\/span><br role=\"presentation\" \/><span dir=\"ltr\" role=\"presentation\">anbudsinfordringar med kontaktuppgifter till din e-post och m\u00f6jlighet att annonsera ut ledigt <\/span><span dir=\"ltr\" role=\"presentation\">lastutrymme i v\u00e5r tj\u00e4nst. <\/span><span dir=\"ltr\" role=\"presentation\">Transportf\u00f6retag kan ansluta sig till v\u00e5r tj\u00e4nst direkt via blanketten p\u00e5 webbplatsen, varefter <\/span><span dir=\"ltr\" role=\"presentation\">du kan <\/span><span dir=\"ltr\" role=\"presentation\">annonsera ut ledigt lastutrymme och <\/span><span dir=\"ltr\" role=\"presentation\">rutter p\u00e5 webbplatsen.<br \/><\/span> <br \/><br role=\"presentation\" \/><strong><span dir=\"ltr\" role=\"presentation\">Pris f\u00f6r tj\u00e4nsten f\u00f6r f\u00f6retag<br \/><\/span><\/strong><span dir=\"ltr\" role=\"presentation\">Priset f\u00f6r tj\u00e4nsten best\u00e5r av en m\u00e5nadsavgift och en avgift f\u00f6r \u00f6ppnande av <\/span><span dir=\"ltr\" role=\"presentation\">anbudsinfordringar. Avgiften \u00e4r 1\u20133 euro.<\/span><\/p>\t\t\t\t\t<\/div>\n\t\t\t\t\t\t<\/div>\n\t\t\t\t<\/div>\n\t\t\t\t\t\t<\/div>\n\t\t\t\t\t<\/div>\n\t\t<\/div>\n\t\t\t\t\t\t\t\t<\/div>\n\t\t\t\t\t<\/div>\n\t\t<\/section>\n\t\t\t\t<section class=\"elementor-section elementor-top-section elementor-element elementor-element-b5ece65 elementor-section-boxed elementor-section-height-default elementor-section-height-default\" data-id=\"b5ece65\" data-element_type=\"section\">\n\t\t\t\t\t\t<div class=\"elementor-container elementor-column-gap-default\">\n\t\t\t\t\t\t\t<div class=\"elementor-row\">\n\t\t\t\t\t<div class=\"elementor-column elementor-col-100 elementor-top-column elementor-element elementor-element-822b644\" data-id=\"822b644\" data-element_type=\"column\">\n\t\t\t<div class=\"elementor-column-wrap\">\n\t\t\t\t\t\t\t<div class=\"elementor-widget-wrap\">\n\t\t\t\t\t\t\t\t<\/div>\n\t\t\t\t\t<\/div>\n\t\t<\/div>\n\t\t\t\t\t\t\t\t<\/div>\n\t\t\t\t\t<\/div>\n\t\t<\/section>\n\t\t\t\t\t\t<\/div>\n\t\t\t\t\t\t<\/div>\n\t\t\t\t\t<\/div>\n\t\t","protected":false},"excerpt":{"rendered":"<p>F\u00f6r transportf\u00f6retag Med Trafipoint hittar du nya potentiella kunder. I v\u00e5r tj\u00e4nst hittar du uppgifter om anbudsinfordringar om frakt. Som kund f\u00e5r duanbudsinfordringar med kontaktuppgifter till din e-post och m\u00f6jlighet att annonsera ut ledigt lastutrymme i v\u00e5r tj\u00e4nst. Transportf\u00f6retag kan ansluta sig till v\u00e5r tj\u00e4nst direkt via blanketten p\u00e5 webbplatsen, varefter du kan annonsera ut &hellip;<\/p>\n<p class=\"read-more\"> <a class=\"\" href=\"https:\/\/www.trafipoint.fi\/sv\/for-transportforetag\/\"> <span class=\"screen-reader-text\">F\u00f6r transportf\u00f6retag<\/span> Read More \u00bb<\/a><\/p>\n","protected":false},"author":2,"featured_media":0,"parent":0,"menu_order":0,"comment_status":"closed","ping_status":"closed","template":"","meta":[],"tags":[],"yoast_head":"<!-- This site is optimized with the Yoast SEO plugin v17.0 - https:\/\/yoast.com\/wordpress\/plugins\/seo\/ -->\n<title>Trafipoint - F\u00f6r transportf\u00f6retag<\/title>\n<meta name=\"robots\" content=\"index, follow, max-snippet:-1, max-image-preview:large, max-video-preview:-1\" \/>\n<link rel=\"canonical\" href=\"https:\/\/www.trafipoint.fi\/sv\/for-transportforetag\/\" \/>\n<meta property=\"og:locale\" content=\"sv_SE\" \/>\n<meta property=\"og:type\" content=\"article\" \/>\n<meta property=\"og:title\" content=\"Trafipoint - F\u00f6r transportf\u00f6retag\" \/>\n<meta property=\"og:description\" content=\"F\u00f6r transportf\u00f6retag Med Trafipoint hittar du nya potentiella kunder. I v\u00e5r tj\u00e4nst hittar du uppgifter om anbudsinfordringar om frakt. Som kund f\u00e5r duanbudsinfordringar med kontaktuppgifter till din e-post och m\u00f6jlighet att annonsera ut ledigt lastutrymme i v\u00e5r tj\u00e4nst. Transportf\u00f6retag kan ansluta sig till v\u00e5r tj\u00e4nst direkt via blanketten p\u00e5 webbplatsen, varefter du kan annonsera ut &hellip; F\u00f6r transportf\u00f6retag Read More \u00bb\" \/>\n<meta property=\"og:url\" content=\"https:\/\/www.trafipoint.fi\/sv\/for-transportforetag\/\" \/>\n<meta property=\"og:site_name\" content=\"Trafipoint\" \/>\n<meta property=\"article:publisher\" content=\"https:\/\/www.facebook.com\/trafipoint\" \/>\n<meta property=\"article:modified_time\" content=\"2022-01-12T13:04:01+00:00\" \/>\n<meta name=\"twitter:card\" content=\"summary_large_image\" \/>\n<meta name=\"twitter:label1\" content=\"Ber\u00e4knad l\u00e4stid\" \/>\n\t<meta name=\"twitter:data1\" content=\"1 minut\" \/>\n<script type=\"application\/ld+json\" class=\"yoast-schema-graph\">{\"@context\":\"https:\/\/schema.org\",\"@graph\":[{\"@type\":\"Organization\",\"@id\":\"https:\/\/www.trafipoint.fi\/sv\/#organization\",\"name\":\"Trafipoint\",\"url\":\"https:\/\/www.trafipoint.fi\/sv\/\",\"sameAs\":[\"https:\/\/www.facebook.com\/trafipoint\",\"https:\/\/www.instagram.com\/trafipoint\/\"],\"logo\":{\"@type\":\"ImageObject\",\"@id\":\"https:\/\/www.trafipoint.fi\/sv\/#logo\",\"inLanguage\":\"sv-SE\",\"url\":\"https:\/\/www.trafipoint.fi\/wp-content\/uploads\/2022\/01\/playstore.png\",\"contentUrl\":\"https:\/\/www.trafipoint.fi\/wp-content\/uploads\/2022\/01\/playstore.png\",\"width\":512,\"height\":512,\"caption\":\"Trafipoint\"},\"image\":{\"@id\":\"https:\/\/www.trafipoint.fi\/sv\/#logo\"}},{\"@type\":\"WebSite\",\"@id\":\"https:\/\/www.trafipoint.fi\/sv\/#website\",\"url\":\"https:\/\/www.trafipoint.fi\/sv\/\",\"name\":\"Trafipoint\",\"description\":\"\",\"publisher\":{\"@id\":\"https:\/\/www.trafipoint.fi\/sv\/#organization\"},\"potentialAction\":[{\"@type\":\"SearchAction\",\"target\":{\"@type\":\"EntryPoint\",\"urlTemplate\":\"https:\/\/www.trafipoint.fi\/sv\/?s={search_term_string}\"},\"query-input\":\"required name=search_term_string\"}],\"inLanguage\":\"sv-SE\"},{\"@type\":\"WebPage\",\"@id\":\"https:\/\/www.trafipoint.fi\/sv\/for-transportforetag\/#webpage\",\"url\":\"https:\/\/www.trafipoint.fi\/sv\/for-transportforetag\/\",\"name\":\"Trafipoint - F\\u00f6r transportf\\u00f6retag\",\"isPartOf\":{\"@id\":\"https:\/\/www.trafipoint.fi\/sv\/#website\"},\"datePublished\":\"2022-01-12T13:04:00+00:00\",\"dateModified\":\"2022-01-12T13:04:01+00:00\",\"breadcrumb\":{\"@id\":\"https:\/\/www.trafipoint.fi\/sv\/for-transportforetag\/#breadcrumb\"},\"inLanguage\":\"sv-SE\",\"potentialAction\":[{\"@type\":\"ReadAction\",\"target\":[\"https:\/\/www.trafipoint.fi\/sv\/for-transportforetag\/\"]}]},{\"@type\":\"BreadcrumbList\",\"@id\":\"https:\/\/www.trafipoint.fi\/sv\/for-transportforetag\/#breadcrumb\",\"itemListElement\":[{\"@type\":\"ListItem\",\"position\":1,\"name\":\"Etusivu\",\"item\":\"https:\/\/www.trafipoint.fi\/sv\/flytt\/\"},{\"@type\":\"ListItem\",\"position\":2,\"name\":\"F\\u00f6r transportf\\u00f6retag\"}]}]}<\/script>\n<!-- \/ Yoast SEO plugin. -->","yoast_head_json":{"title":"Trafipoint - F\u00f6r transportf\u00f6retag","robots":{"index":"index","follow":"follow","max-snippet":"max-snippet:-1","max-image-preview":"max-image-preview:large","max-video-preview":"max-video-preview:-1"},"canonical":"https:\/\/www.trafipoint.fi\/sv\/for-transportforetag\/","og_locale":"sv_SE","og_type":"article","og_title":"Trafipoint - F\u00f6r transportf\u00f6retag","og_description":"F\u00f6r transportf\u00f6retag Med Trafipoint hittar du nya potentiella kunder. I v\u00e5r tj\u00e4nst hittar du uppgifter om anbudsinfordringar om frakt. Som kund f\u00e5r duanbudsinfordringar med kontaktuppgifter till din e-post och m\u00f6jlighet att annonsera ut ledigt lastutrymme i v\u00e5r tj\u00e4nst. Transportf\u00f6retag kan ansluta sig till v\u00e5r tj\u00e4nst direkt via blanketten p\u00e5 webbplatsen, varefter du kan annonsera ut &hellip; F\u00f6r transportf\u00f6retag Read More \u00bb","og_url":"https:\/\/www.trafipoint.fi\/sv\/for-transportforetag\/","og_site_name":"Trafipoint","article_publisher":"https:\/\/www.facebook.com\/trafipoint","article_modified_time":"2022-01-12T13:04:01+00:00","twitter_card":"summary_large_image","twitter_misc":{"Ber\u00e4knad l\u00e4stid":"1 minut"},"schema":{"@context":"https:\/\/schema.org","@graph":[{"@type":"Organization","@id":"https:\/\/www.trafipoint.fi\/sv\/#organization","name":"Trafipoint","url":"https:\/\/www.trafipoint.fi\/sv\/","sameAs":["https:\/\/www.facebook.com\/trafipoint","https:\/\/www.instagram.com\/trafipoint\/"],"logo":{"@type":"ImageObject","@id":"https:\/\/www.trafipoint.fi\/sv\/#logo","inLanguage":"sv-SE","url":"https:\/\/www.trafipoint.fi\/wp-content\/uploads\/2022\/01\/playstore.png","contentUrl":"https:\/\/www.trafipoint.fi\/wp-content\/uploads\/2022\/01\/playstore.png","width":512,"height":512,"caption":"Trafipoint"},"image":{"@id":"https:\/\/www.trafipoint.fi\/sv\/#logo"}},{"@type":"WebSite","@id":"https:\/\/www.trafipoint.fi\/sv\/#website","url":"https:\/\/www.trafipoint.fi\/sv\/","name":"Trafipoint","description":"","publisher":{"@id":"https:\/\/www.trafipoint.fi\/sv\/#organization"},"potentialAction":[{"@type":"SearchAction","target":{"@type":"EntryPoint","urlTemplate":"https:\/\/www.trafipoint.fi\/sv\/?s={search_term_string}"},"query-input":"required name=search_term_string"}],"inLanguage":"sv-SE"},{"@type":"WebPage","@id":"https:\/\/www.trafipoint.fi\/sv\/for-transportforetag\/#webpage","url":"https:\/\/www.trafipoint.fi\/sv\/for-transportforetag\/","name":"Trafipoint - F\u00f6r transportf\u00f6retag","isPartOf":{"@id":"https:\/\/www.trafipoint.fi\/sv\/#website"},"datePublished":"2022-01-12T13:04:00+00:00","dateModified":"2022-01-12T13:04:01+00:00","breadcrumb":{"@id":"https:\/\/www.trafipoint.fi\/sv\/for-transportforetag\/#breadcrumb"},"inLanguage":"sv-SE","potentialAction":[{"@type":"ReadAction","target":["https:\/\/www.trafipoint.fi\/sv\/for-transportforetag\/"]}]},{"@type":"BreadcrumbList","@id":"https:\/\/www.trafipoint.fi\/sv\/for-transportforetag\/#breadcrumb","itemListElement":[{"@type":"ListItem","position":1,"name":"Etusivu","item":"https:\/\/www.trafipoint.fi\/sv\/flytt\/"},{"@type":"ListItem","position":2,"name":"F\u00f6r transportf\u00f6retag"}]}]}},"_links":{"self":[{"href":"https:\/\/www.trafipoint.fi\/sv\/wp-json\/wp\/v2\/pages\/2161"}],"collection":[{"href":"https:\/\/www.trafipoint.fi\/sv\/wp-json\/wp\/v2\/pages"}],"about":[{"href":"https:\/\/www.trafipoint.fi\/sv\/wp-json\/wp\/v2\/types\/page"}],"author":[{"embeddable":true,"href":"https:\/\/www.trafipoint.fi\/sv\/wp-json\/wp\/v2\/users\/2"}],"replies":[{"embeddable":true,"href":"https:\/\/www.trafipoint.fi\/sv\/wp-json\/wp\/v2\/comments?post=2161"}],"version-history":[{"count":1,"href":"https:\/\/www.trafipoint.fi\/sv\/wp-json\/wp\/v2\/pages\/2161\/revisions"}],"predecessor-version":[{"id":2162,"href":"https:\/\/www.trafipoint.fi\/sv\/wp-json\/wp\/v2\/pages\/2161\/revisions\/2162"}],"wp:attachment":[{"href":"https:\/\/www.trafipoint.fi\/sv\/wp-json\/wp\/v2\/media?parent=2161"}],"wp:term":[{"taxonomy":"post_tag","embeddable":true,"href":"https:\/\/www.trafipoint.fi\/sv\/wp-json\/wp\/v2\/tags?post=2161"}],"curies":[{"name":"wp","href":"https:\/\/api.w.org\/{rel}","templated":true}]}}