{"id":2187,"date":"2022-01-12T15:04:19","date_gmt":"2022-01-12T13:04:19","guid":{"rendered":"https:\/\/trafipoint.alinedev.fi\/flyttstadning\/"},"modified":"2022-01-12T15:04:19","modified_gmt":"2022-01-12T13:04:19","slug":"flyttstadning","status":"publish","type":"page","link":"https:\/\/www.trafipoint.fi\/sv\/flyttstadning\/","title":{"rendered":"Flyttst\u00e4dning"},"content":{"rendered":"\t\t<div data-elementor-type=\"wp-page\" data-elementor-id=\"2187\" class=\"elementor elementor-2187 elementor-829\" data-elementor-settings=\"[]\">\n\t\t\t\t\t\t<div class=\"elementor-inner\">\n\t\t\t\t\t\t\t<div class=\"elementor-section-wrap\">\n\t\t\t\t\t\t\t<section class=\"elementor-section elementor-top-section elementor-element elementor-element-8403d28 elementor-section-boxed elementor-section-height-default elementor-section-height-default\" data-id=\"8403d28\" data-element_type=\"section\">\n\t\t\t\t\t\t<div class=\"elementor-container elementor-column-gap-default\">\n\t\t\t\t\t\t\t<div class=\"elementor-row\">\n\t\t\t\t\t<div class=\"elementor-column elementor-col-100 elementor-top-column elementor-element elementor-element-d903706\" data-id=\"d903706\" data-element_type=\"column\">\n\t\t\t<div class=\"elementor-column-wrap elementor-element-populated\">\n\t\t\t\t\t\t\t<div class=\"elementor-widget-wrap\">\n\t\t\t\t\t\t<div class=\"elementor-element elementor-element-9bc7f40 elementor-widget elementor-widget-heading\" data-id=\"9bc7f40\" data-element_type=\"widget\" data-widget_type=\"heading.default\">\n\t\t\t\t<div class=\"elementor-widget-container\">\n\t\t\t<h1 class=\"elementor-heading-title elementor-size-default\">Flyttst\u00e4dning<\/h1>\t\t<\/div>\n\t\t\t\t<\/div>\n\t\t\t\t\t\t<\/div>\n\t\t\t\t\t<\/div>\n\t\t<\/div>\n\t\t\t\t\t\t\t\t<\/div>\n\t\t\t\t\t<\/div>\n\t\t<\/section>\n\t\t\t\t<section class=\"elementor-section elementor-top-section elementor-element elementor-element-79cf6bd elementor-section-boxed elementor-section-height-default elementor-section-height-default\" data-id=\"79cf6bd\" data-element_type=\"section\">\n\t\t\t\t\t\t<div class=\"elementor-container elementor-column-gap-default\">\n\t\t\t\t\t\t\t<div class=\"elementor-row\">\n\t\t\t\t\t<div class=\"elementor-column elementor-col-100 elementor-top-column elementor-element elementor-element-e9f27e5\" data-id=\"e9f27e5\" data-element_type=\"column\">\n\t\t\t<div class=\"elementor-column-wrap elementor-element-populated\">\n\t\t\t\t\t\t\t<div class=\"elementor-widget-wrap\">\n\t\t\t\t\t\t<div class=\"elementor-element elementor-element-d731d20 elementor-widget elementor-widget-text-editor\" data-id=\"d731d20\" data-element_type=\"widget\" data-widget_type=\"text-editor.default\">\n\t\t\t\t<div class=\"elementor-widget-container\">\n\t\t\t\t\t\t\t\t<div class=\"elementor-text-editor elementor-clearfix\">\n\t\t\t\t<p><span dir=\"ltr\" role=\"presentation\">Det kan ofta vara jobbigt att flytta. <br \/><\/span><span dir=\"ltr\" role=\"presentation\">Efter flyttdagen ska den som flyttar axla \u00e4nnu ett arbetsmoment: <\/span><span dir=\"ltr\" role=\"presentation\">flyttst\u00e4dningen. <br \/><\/span><span dir=\"ltr\" role=\"presentation\">Om den gamla bostaden har l\u00e4mnats i d\u00e5ligt skick kan det p\u00e5verka storleken p\u00e5 <\/span><span dir=\"ltr\" role=\"presentation\">hyresgarantin som \u00e5terbetalas. Om du ska s\u00e4lja din bostad kan man komma \u00f6verens om flyttst\u00e4dningen med den nya <\/span><br role=\"presentation\" \/><span dir=\"ltr\" role=\"presentation\">innehavaren. M\u00e5nga m\u00e4nniskor antar att den nya bostaden har st\u00e4dats <\/span><span dir=\"ltr\" role=\"presentation\">innan den \u00f6verl\u00e5ts till k\u00f6paren.<\/span> <br \/><span dir=\"ltr\" role=\"presentation\">Om du inte har tid att st\u00e4da sj\u00e4lv erbjuder m\u00e5nga flyttfirmor \u00e4ven <\/span><span dir=\"ltr\" role=\"presentation\">flyttst\u00e4dningar.<\/span><\/p><p><a href=\"\/kilpailuta-muutto\"><strong>Konkurrensuts\u00e4tt din flytt f\u00f6r att det ska g\u00e5 smidigare att flytta.<\/strong><\/a><\/p>\t\t\t\t\t<\/div>\n\t\t\t\t\t\t<\/div>\n\t\t\t\t<\/div>\n\t\t\t\t\t\t<\/div>\n\t\t\t\t\t<\/div>\n\t\t<\/div>\n\t\t\t\t\t\t\t\t<\/div>\n\t\t\t\t\t<\/div>\n\t\t<\/section>\n\t\t\t\t<section class=\"elementor-section elementor-top-section elementor-element elementor-element-9b193a0 elementor-section-boxed elementor-section-height-default elementor-section-height-default\" data-id=\"9b193a0\" data-element_type=\"section\">\n\t\t\t\t\t\t<div class=\"elementor-container elementor-column-gap-default\">\n\t\t\t\t\t\t\t<div class=\"elementor-row\">\n\t\t\t\t\t<div class=\"elementor-column elementor-col-100 elementor-top-column elementor-element elementor-element-9e89551\" data-id=\"9e89551\" data-element_type=\"column\">\n\t\t\t<div class=\"elementor-column-wrap\">\n\t\t\t\t\t\t\t<div class=\"elementor-widget-wrap\">\n\t\t\t\t\t\t\t\t<\/div>\n\t\t\t\t\t<\/div>\n\t\t<\/div>\n\t\t\t\t\t\t\t\t<\/div>\n\t\t\t\t\t<\/div>\n\t\t<\/section>\n\t\t\t\t\t\t<\/div>\n\t\t\t\t\t\t<\/div>\n\t\t\t\t\t<\/div>\n\t\t","protected":false},"excerpt":{"rendered":"<p>Flyttst\u00e4dning Det kan ofta vara jobbigt att flytta. Efter flyttdagen ska den som flyttar axla \u00e4nnu ett arbetsmoment: flyttst\u00e4dningen. Om den gamla bostaden har l\u00e4mnats i d\u00e5ligt skick kan det p\u00e5verka storleken p\u00e5 hyresgarantin som \u00e5terbetalas. Om du ska s\u00e4lja din bostad kan man komma \u00f6verens om flyttst\u00e4dningen med den nya innehavaren. M\u00e5nga m\u00e4nniskor antar &hellip;<\/p>\n<p class=\"read-more\"> <a class=\"\" href=\"https:\/\/www.trafipoint.fi\/sv\/flyttstadning\/\"> <span class=\"screen-reader-text\">Flyttst\u00e4dning<\/span> Read More \u00bb<\/a><\/p>\n","protected":false},"author":2,"featured_media":0,"parent":0,"menu_order":0,"comment_status":"closed","ping_status":"closed","template":"","meta":[],"tags":[],"yoast_head":"<!-- This site is optimized with the Yoast SEO plugin v17.0 - https:\/\/yoast.com\/wordpress\/plugins\/seo\/ -->\n<title>Trafipoint - Flyttst\u00e4dning<\/title>\n<meta name=\"robots\" content=\"index, follow, max-snippet:-1, max-image-preview:large, max-video-preview:-1\" \/>\n<link rel=\"canonical\" href=\"https:\/\/www.trafipoint.fi\/sv\/flyttstadning\/\" \/>\n<meta property=\"og:locale\" content=\"sv_SE\" \/>\n<meta property=\"og:type\" content=\"article\" \/>\n<meta property=\"og:title\" content=\"Trafipoint - Flyttst\u00e4dning\" \/>\n<meta property=\"og:description\" content=\"Flyttst\u00e4dning Det kan ofta vara jobbigt att flytta. Efter flyttdagen ska den som flyttar axla \u00e4nnu ett arbetsmoment: flyttst\u00e4dningen. Om den gamla bostaden har l\u00e4mnats i d\u00e5ligt skick kan det p\u00e5verka storleken p\u00e5 hyresgarantin som \u00e5terbetalas. Om du ska s\u00e4lja din bostad kan man komma \u00f6verens om flyttst\u00e4dningen med den nya innehavaren. M\u00e5nga m\u00e4nniskor antar &hellip; Flyttst\u00e4dning Read More \u00bb\" \/>\n<meta property=\"og:url\" content=\"https:\/\/www.trafipoint.fi\/sv\/flyttstadning\/\" \/>\n<meta property=\"og:site_name\" content=\"Trafipoint\" \/>\n<meta property=\"article:publisher\" content=\"https:\/\/www.facebook.com\/trafipoint\" \/>\n<meta name=\"twitter:card\" content=\"summary_large_image\" \/>\n<meta name=\"twitter:label1\" content=\"Ber\u00e4knad l\u00e4stid\" \/>\n\t<meta name=\"twitter:data1\" content=\"1 minut\" \/>\n<script type=\"application\/ld+json\" class=\"yoast-schema-graph\">{\"@context\":\"https:\/\/schema.org\",\"@graph\":[{\"@type\":\"Organization\",\"@id\":\"https:\/\/www.trafipoint.fi\/sv\/#organization\",\"name\":\"Trafipoint\",\"url\":\"https:\/\/www.trafipoint.fi\/sv\/\",\"sameAs\":[\"https:\/\/www.facebook.com\/trafipoint\",\"https:\/\/www.instagram.com\/trafipoint\/\"],\"logo\":{\"@type\":\"ImageObject\",\"@id\":\"https:\/\/www.trafipoint.fi\/sv\/#logo\",\"inLanguage\":\"sv-SE\",\"url\":\"https:\/\/www.trafipoint.fi\/wp-content\/uploads\/2022\/01\/playstore.png\",\"contentUrl\":\"https:\/\/www.trafipoint.fi\/wp-content\/uploads\/2022\/01\/playstore.png\",\"width\":512,\"height\":512,\"caption\":\"Trafipoint\"},\"image\":{\"@id\":\"https:\/\/www.trafipoint.fi\/sv\/#logo\"}},{\"@type\":\"WebSite\",\"@id\":\"https:\/\/www.trafipoint.fi\/sv\/#website\",\"url\":\"https:\/\/www.trafipoint.fi\/sv\/\",\"name\":\"Trafipoint\",\"description\":\"\",\"publisher\":{\"@id\":\"https:\/\/www.trafipoint.fi\/sv\/#organization\"},\"potentialAction\":[{\"@type\":\"SearchAction\",\"target\":{\"@type\":\"EntryPoint\",\"urlTemplate\":\"https:\/\/www.trafipoint.fi\/sv\/?s={search_term_string}\"},\"query-input\":\"required name=search_term_string\"}],\"inLanguage\":\"sv-SE\"},{\"@type\":\"WebPage\",\"@id\":\"https:\/\/www.trafipoint.fi\/sv\/flyttstadning\/#webpage\",\"url\":\"https:\/\/www.trafipoint.fi\/sv\/flyttstadning\/\",\"name\":\"Trafipoint - Flyttst\\u00e4dning\",\"isPartOf\":{\"@id\":\"https:\/\/www.trafipoint.fi\/sv\/#website\"},\"datePublished\":\"2022-01-12T13:04:19+00:00\",\"dateModified\":\"2022-01-12T13:04:19+00:00\",\"breadcrumb\":{\"@id\":\"https:\/\/www.trafipoint.fi\/sv\/flyttstadning\/#breadcrumb\"},\"inLanguage\":\"sv-SE\",\"potentialAction\":[{\"@type\":\"ReadAction\",\"target\":[\"https:\/\/www.trafipoint.fi\/sv\/flyttstadning\/\"]}]},{\"@type\":\"BreadcrumbList\",\"@id\":\"https:\/\/www.trafipoint.fi\/sv\/flyttstadning\/#breadcrumb\",\"itemListElement\":[{\"@type\":\"ListItem\",\"position\":1,\"name\":\"Etusivu\",\"item\":\"https:\/\/www.trafipoint.fi\/sv\/flytt\/\"},{\"@type\":\"ListItem\",\"position\":2,\"name\":\"Flyttst\\u00e4dning\"}]}]}<\/script>\n<!-- \/ Yoast SEO plugin. -->","yoast_head_json":{"title":"Trafipoint - Flyttst\u00e4dning","robots":{"index":"index","follow":"follow","max-snippet":"max-snippet:-1","max-image-preview":"max-image-preview:large","max-video-preview":"max-video-preview:-1"},"canonical":"https:\/\/www.trafipoint.fi\/sv\/flyttstadning\/","og_locale":"sv_SE","og_type":"article","og_title":"Trafipoint - Flyttst\u00e4dning","og_description":"Flyttst\u00e4dning Det kan ofta vara jobbigt att flytta. Efter flyttdagen ska den som flyttar axla \u00e4nnu ett arbetsmoment: flyttst\u00e4dningen. Om den gamla bostaden har l\u00e4mnats i d\u00e5ligt skick kan det p\u00e5verka storleken p\u00e5 hyresgarantin som \u00e5terbetalas. Om du ska s\u00e4lja din bostad kan man komma \u00f6verens om flyttst\u00e4dningen med den nya innehavaren. M\u00e5nga m\u00e4nniskor antar &hellip; Flyttst\u00e4dning Read More \u00bb","og_url":"https:\/\/www.trafipoint.fi\/sv\/flyttstadning\/","og_site_name":"Trafipoint","article_publisher":"https:\/\/www.facebook.com\/trafipoint","twitter_card":"summary_large_image","twitter_misc":{"Ber\u00e4knad l\u00e4stid":"1 minut"},"schema":{"@context":"https:\/\/schema.org","@graph":[{"@type":"Organization","@id":"https:\/\/www.trafipoint.fi\/sv\/#organization","name":"Trafipoint","url":"https:\/\/www.trafipoint.fi\/sv\/","sameAs":["https:\/\/www.facebook.com\/trafipoint","https:\/\/www.instagram.com\/trafipoint\/"],"logo":{"@type":"ImageObject","@id":"https:\/\/www.trafipoint.fi\/sv\/#logo","inLanguage":"sv-SE","url":"https:\/\/www.trafipoint.fi\/wp-content\/uploads\/2022\/01\/playstore.png","contentUrl":"https:\/\/www.trafipoint.fi\/wp-content\/uploads\/2022\/01\/playstore.png","width":512,"height":512,"caption":"Trafipoint"},"image":{"@id":"https:\/\/www.trafipoint.fi\/sv\/#logo"}},{"@type":"WebSite","@id":"https:\/\/www.trafipoint.fi\/sv\/#website","url":"https:\/\/www.trafipoint.fi\/sv\/","name":"Trafipoint","description":"","publisher":{"@id":"https:\/\/www.trafipoint.fi\/sv\/#organization"},"potentialAction":[{"@type":"SearchAction","target":{"@type":"EntryPoint","urlTemplate":"https:\/\/www.trafipoint.fi\/sv\/?s={search_term_string}"},"query-input":"required name=search_term_string"}],"inLanguage":"sv-SE"},{"@type":"WebPage","@id":"https:\/\/www.trafipoint.fi\/sv\/flyttstadning\/#webpage","url":"https:\/\/www.trafipoint.fi\/sv\/flyttstadning\/","name":"Trafipoint - Flyttst\u00e4dning","isPartOf":{"@id":"https:\/\/www.trafipoint.fi\/sv\/#website"},"datePublished":"2022-01-12T13:04:19+00:00","dateModified":"2022-01-12T13:04:19+00:00","breadcrumb":{"@id":"https:\/\/www.trafipoint.fi\/sv\/flyttstadning\/#breadcrumb"},"inLanguage":"sv-SE","potentialAction":[{"@type":"ReadAction","target":["https:\/\/www.trafipoint.fi\/sv\/flyttstadning\/"]}]},{"@type":"BreadcrumbList","@id":"https:\/\/www.trafipoint.fi\/sv\/flyttstadning\/#breadcrumb","itemListElement":[{"@type":"ListItem","position":1,"name":"Etusivu","item":"https:\/\/www.trafipoint.fi\/sv\/flytt\/"},{"@type":"ListItem","position":2,"name":"Flyttst\u00e4dning"}]}]}},"_links":{"self":[{"href":"https:\/\/www.trafipoint.fi\/sv\/wp-json\/wp\/v2\/pages\/2187"}],"collection":[{"href":"https:\/\/www.trafipoint.fi\/sv\/wp-json\/wp\/v2\/pages"}],"about":[{"href":"https:\/\/www.trafipoint.fi\/sv\/wp-json\/wp\/v2\/types\/page"}],"author":[{"embeddable":true,"href":"https:\/\/www.trafipoint.fi\/sv\/wp-json\/wp\/v2\/users\/2"}],"replies":[{"embeddable":true,"href":"https:\/\/www.trafipoint.fi\/sv\/wp-json\/wp\/v2\/comments?post=2187"}],"version-history":[{"count":1,"href":"https:\/\/www.trafipoint.fi\/sv\/wp-json\/wp\/v2\/pages\/2187\/revisions"}],"predecessor-version":[{"id":2188,"href":"https:\/\/www.trafipoint.fi\/sv\/wp-json\/wp\/v2\/pages\/2187\/revisions\/2188"}],"wp:attachment":[{"href":"https:\/\/www.trafipoint.fi\/sv\/wp-json\/wp\/v2\/media?parent=2187"}],"wp:term":[{"taxonomy":"post_tag","embeddable":true,"href":"https:\/\/www.trafipoint.fi\/sv\/wp-json\/wp\/v2\/tags?post=2187"}],"curies":[{"name":"wp","href":"https:\/\/api.w.org\/{rel}","templated":true}]}}