{"id":2191,"date":"2022-01-12T15:04:23","date_gmt":"2022-01-12T13:04:23","guid":{"rendered":"https:\/\/trafipoint.alinedev.fi\/tips-for-packning-vid-flytt\/"},"modified":"2022-01-25T10:08:15","modified_gmt":"2022-01-25T08:08:15","slug":"tips-for-packning-vid-flytt","status":"publish","type":"page","link":"https:\/\/www.trafipoint.fi\/sv\/tips-for-packning-vid-flytt\/","title":{"rendered":"Tips f\u00f6r packning vid flytt"},"content":{"rendered":"\t\t<div data-elementor-type=\"wp-page\" data-elementor-id=\"2191\" class=\"elementor elementor-2191 elementor-817\" data-elementor-settings=\"[]\">\n\t\t\t\t\t\t<div class=\"elementor-inner\">\n\t\t\t\t\t\t\t<div class=\"elementor-section-wrap\">\n\t\t\t\t\t\t\t<section class=\"elementor-section elementor-top-section elementor-element elementor-element-d5299db elementor-section-boxed elementor-section-height-default elementor-section-height-default\" data-id=\"d5299db\" data-element_type=\"section\">\n\t\t\t\t\t\t<div class=\"elementor-container elementor-column-gap-default\">\n\t\t\t\t\t\t\t<div class=\"elementor-row\">\n\t\t\t\t\t<div class=\"elementor-column elementor-col-100 elementor-top-column elementor-element elementor-element-15c42b1\" data-id=\"15c42b1\" data-element_type=\"column\">\n\t\t\t<div class=\"elementor-column-wrap elementor-element-populated\">\n\t\t\t\t\t\t\t<div class=\"elementor-widget-wrap\">\n\t\t\t\t\t\t<div class=\"elementor-element elementor-element-6dc85e1 elementor-widget elementor-widget-heading\" data-id=\"6dc85e1\" data-element_type=\"widget\" data-widget_type=\"heading.default\">\n\t\t\t\t<div class=\"elementor-widget-container\">\n\t\t\t<h1 class=\"elementor-heading-title elementor-size-default\">Tips f\u00f6r packning vid flytt<\/h1>\t\t<\/div>\n\t\t\t\t<\/div>\n\t\t\t\t\t\t<\/div>\n\t\t\t\t\t<\/div>\n\t\t<\/div>\n\t\t\t\t\t\t\t\t<\/div>\n\t\t\t\t\t<\/div>\n\t\t<\/section>\n\t\t\t\t<section class=\"elementor-section elementor-top-section elementor-element elementor-element-0a3802f elementor-section-boxed elementor-section-height-default elementor-section-height-default\" data-id=\"0a3802f\" data-element_type=\"section\">\n\t\t\t\t\t\t<div class=\"elementor-container elementor-column-gap-default\">\n\t\t\t\t\t\t\t<div class=\"elementor-row\">\n\t\t\t\t\t<div class=\"elementor-column elementor-col-100 elementor-top-column elementor-element elementor-element-92f3655\" data-id=\"92f3655\" data-element_type=\"column\">\n\t\t\t<div class=\"elementor-column-wrap elementor-element-populated\">\n\t\t\t\t\t\t\t<div class=\"elementor-widget-wrap\">\n\t\t\t\t\t\t<div class=\"elementor-element elementor-element-0d6d11d elementor-widget elementor-widget-text-editor\" data-id=\"0d6d11d\" data-element_type=\"widget\" data-widget_type=\"text-editor.default\">\n\t\t\t\t<div class=\"elementor-widget-container\">\n\t\t\t\t\t\t\t\t<div class=\"elementor-text-editor elementor-clearfix\">\n\t\t\t\t<p><span dir=\"ltr\" role=\"presentation\">Hur bohaget packas \u00e4r en faktor som har stor betydelse f\u00f6r hur smidigt flytten g\u00e5r. Att flytta hela <\/span><span dir=\"ltr\" role=\"presentation\">sitt bohag till en ny adress ger med all r\u00e4tta upphov till m\u00e5nga fr\u00e5gor.<\/span><\/p><p><span dir=\"ltr\" role=\"presentation\">Innan man b\u00f6rjar packa kan det vara bra att ta sig tid att organisera och g\u00e5 igenom <\/span><span dir=\"ltr\" role=\"presentation\">alla sina saker och sortera dem i f\u00f6rem\u00e5l som ska sparas, s\u00e4ljas, sk\u00e4nkas och <\/span><span dir=\"ltr\" role=\"presentation\">kastas.<\/span><\/p><p><span dir=\"ltr\" role=\"presentation\">Bra redskap bidrar till en lyckad flytt. Skaffa flyttl\u00e5dor<\/span><span dir=\"ltr\" role=\"presentation\">\u00a0och f\u00f6rpackningsmaterial i god tid f\u00f6re flyttdagen.<\/span><\/p>\t\t\t\t\t<\/div>\n\t\t\t\t\t\t<\/div>\n\t\t\t\t<\/div>\n\t\t\t\t\t\t<\/div>\n\t\t\t\t\t<\/div>\n\t\t<\/div>\n\t\t\t\t\t\t\t\t<\/div>\n\t\t\t\t\t<\/div>\n\t\t<\/section>\n\t\t\t\t<section class=\"elementor-section elementor-top-section elementor-element elementor-element-4fde0fb elementor-section-boxed elementor-section-height-default elementor-section-height-default\" data-id=\"4fde0fb\" data-element_type=\"section\">\n\t\t\t\t\t\t<div class=\"elementor-container elementor-column-gap-default\">\n\t\t\t\t\t\t\t<div class=\"elementor-row\">\n\t\t\t\t\t<div class=\"elementor-column elementor-col-100 elementor-top-column elementor-element elementor-element-c3a579d\" data-id=\"c3a579d\" data-element_type=\"column\">\n\t\t\t<div class=\"elementor-column-wrap elementor-element-populated\">\n\t\t\t\t\t\t\t<div class=\"elementor-widget-wrap\">\n\t\t\t\t\t\t<div class=\"elementor-element elementor-element-4d34712 elementor-widget elementor-widget-heading\" data-id=\"4d34712\" data-element_type=\"widget\" data-widget_type=\"heading.default\">\n\t\t\t\t<div class=\"elementor-widget-container\">\n\t\t\t<h3 class=\"elementor-heading-title elementor-size-default\">S\u00e5 h\u00e4r packar du de olika sakerna:<\/h3>\t\t<\/div>\n\t\t\t\t<\/div>\n\t\t\t\t\t\t<\/div>\n\t\t\t\t\t<\/div>\n\t\t<\/div>\n\t\t\t\t\t\t\t\t<\/div>\n\t\t\t\t\t<\/div>\n\t\t<\/section>\n\t\t\t\t<section class=\"elementor-section elementor-top-section elementor-element elementor-element-1eaaa40 elementor-section-boxed elementor-section-height-default elementor-section-height-default\" data-id=\"1eaaa40\" data-element_type=\"section\">\n\t\t\t\t\t\t<div class=\"elementor-container elementor-column-gap-default\">\n\t\t\t\t\t\t\t<div class=\"elementor-row\">\n\t\t\t\t\t<div class=\"elementor-column elementor-col-100 elementor-top-column elementor-element elementor-element-7a0eb21\" data-id=\"7a0eb21\" data-element_type=\"column\">\n\t\t\t<div class=\"elementor-column-wrap elementor-element-populated\">\n\t\t\t\t\t\t\t<div class=\"elementor-widget-wrap\">\n\t\t\t\t\t\t<div class=\"elementor-element elementor-element-5363332 elementor-widget elementor-widget-text-editor\" data-id=\"5363332\" data-element_type=\"widget\" data-widget_type=\"text-editor.default\">\n\t\t\t\t<div class=\"elementor-widget-container\">\n\t\t\t\t\t\t\t\t<div class=\"elementor-text-editor elementor-clearfix\">\n\t\t\t\t<ul><li><span dir=\"ltr\" role=\"presentation\">Linda in tavlor och speglas i kartong eller bubbelplast. Packa \u00e4ven andra br\u00e4ckliga saker <\/span><span dir=\"ltr\" role=\"presentation\">p\u00e5 samma s\u00e4tt. Packa och skydda k\u00e4rl, porslin och prydnadssaker v\u00e4l innan <\/span><span dir=\"ltr\" role=\"presentation\">du st\u00e4ller dem i l\u00e5dor. Taklampor lindas in i skyddsplast eller wellpapp.<\/span><\/li><li><span dir=\"ltr\" role=\"presentation\">\u00d6mt\u00e5liga m\u00f6bler skyddas med wellpapp eller plast. Bland annat soffor \u00e4r bra att <\/span><span dir=\"ltr\" role=\"presentation\">skyddas s\u00e5.<\/span><\/li><li><span dir=\"ltr\" role=\"presentation\">Kuddar, t\u00e4cken och kl\u00e4der packas med f\u00f6rdel i stora sops\u00e4ckar. Tillslut s\u00e4ckarna med <\/span><span dir=\"ltr\" role=\"presentation\">tejp.<\/span><\/li><li><span dir=\"ltr\" role=\"presentation\">Madrasser b\u00f6r skyddas med sops\u00e4ckar eller wellpapp.<\/span><\/li><li><span dir=\"ltr\" role=\"presentation\">T\u00f6m byr\u00e5er och sk\u00e5p f\u00f6re flytten. Tejpa fast d\u00f6rrarna eller l\u00e5s dem <\/span><span dir=\"ltr\" role=\"presentation\">med nyckel. L\u00f6s\u00f6re och f\u00f6rem\u00e5l som ska magasineras packas i l\u00e5dor.<\/span><\/li><li><span dir=\"ltr\" role=\"presentation\">Montera ner s\u00e4ngarna i mindre delar om m\u00f6jligt. Det \u00e4r bra att <\/span><span dir=\"ltr\" role=\"presentation\">montera ner \u00e4ven andra st\u00f6rre m\u00f6bler om det \u00e4r m\u00f6jligt.<\/span><\/li><li><span dir=\"ltr\" role=\"presentation\">Blommor\/v\u00e4xter b\u00f6r skyddas med tyg eller plastp\u00e5sar.<\/span><\/li><li><span dir=\"ltr\" role=\"presentation\">Kl\u00e4der p\u00e5 galgar kan eventuellt h\u00e4ngas i flyttbilen, men b\u00f6r <\/span> <span dir=\"ltr\" role=\"presentation\">skyddas till exempel med sops\u00e4ckar.<\/span><\/li><li><span dir=\"ltr\" role=\"presentation\">Koppla fr\u00e5n anslutningarna till tv\u00e4ttmaskiner och andra vitvaror och tejpa fast <\/span><span dir=\"ltr\" role=\"presentation\">kablarna.<\/span><\/li><li><span dir=\"ltr\" role=\"presentation\">Flytt av piano b\u00f6r sk\u00f6tas av specialister.<\/span><\/li><\/ul>\t\t\t\t\t<\/div>\n\t\t\t\t\t\t<\/div>\n\t\t\t\t<\/div>\n\t\t\t\t\t\t<\/div>\n\t\t\t\t\t<\/div>\n\t\t<\/div>\n\t\t\t\t\t\t\t\t<\/div>\n\t\t\t\t\t<\/div>\n\t\t<\/section>\n\t\t\t\t<section class=\"elementor-section elementor-top-section elementor-element elementor-element-f9d7526 elementor-section-boxed elementor-section-height-default elementor-section-height-default\" data-id=\"f9d7526\" data-element_type=\"section\">\n\t\t\t\t\t\t<div class=\"elementor-container elementor-column-gap-default\">\n\t\t\t\t\t\t\t<div class=\"elementor-row\">\n\t\t\t\t\t<div class=\"elementor-column elementor-col-100 elementor-top-column elementor-element elementor-element-317e839\" data-id=\"317e839\" data-element_type=\"column\">\n\t\t\t<div class=\"elementor-column-wrap\">\n\t\t\t\t\t\t\t<div class=\"elementor-widget-wrap\">\n\t\t\t\t\t\t\t\t<\/div>\n\t\t\t\t\t<\/div>\n\t\t<\/div>\n\t\t\t\t\t\t\t\t<\/div>\n\t\t\t\t\t<\/div>\n\t\t<\/section>\n\t\t\t\t\t\t<\/div>\n\t\t\t\t\t\t<\/div>\n\t\t\t\t\t<\/div>\n\t\t","protected":false},"excerpt":{"rendered":"<p>Tips f\u00f6r packning vid flytt Hur bohaget packas \u00e4r en faktor som har stor betydelse f\u00f6r hur smidigt flytten g\u00e5r. Att flytta hela sitt bohag till en ny adress ger med all r\u00e4tta upphov till m\u00e5nga fr\u00e5gor. Innan man b\u00f6rjar packa kan det vara bra att ta sig tid att organisera och g\u00e5 igenom alla &hellip;<\/p>\n<p class=\"read-more\"> <a class=\"\" href=\"https:\/\/www.trafipoint.fi\/sv\/tips-for-packning-vid-flytt\/\"> <span class=\"screen-reader-text\">Tips f\u00f6r packning vid flytt<\/span> Read More \u00bb<\/a><\/p>\n","protected":false},"author":2,"featured_media":0,"parent":0,"menu_order":0,"comment_status":"closed","ping_status":"closed","template":"","meta":[],"tags":[33],"yoast_head":"<!-- This site is optimized with the Yoast SEO plugin v17.0 - https:\/\/yoast.com\/wordpress\/plugins\/seo\/ -->\n<title>Trafipoint - Tips f\u00f6r packning vid flytt<\/title>\n<meta name=\"robots\" content=\"index, follow, max-snippet:-1, max-image-preview:large, max-video-preview:-1\" \/>\n<link rel=\"canonical\" href=\"https:\/\/www.trafipoint.fi\/sv\/tips-for-packning-vid-flytt\/\" \/>\n<meta property=\"og:locale\" content=\"sv_SE\" \/>\n<meta property=\"og:type\" content=\"article\" \/>\n<meta property=\"og:title\" content=\"Trafipoint - Tips f\u00f6r packning vid flytt\" \/>\n<meta property=\"og:description\" content=\"Tips f\u00f6r packning vid flytt Hur bohaget packas \u00e4r en faktor som har stor betydelse f\u00f6r hur smidigt flytten g\u00e5r. Att flytta hela sitt bohag till en ny adress ger med all r\u00e4tta upphov till m\u00e5nga fr\u00e5gor. Innan man b\u00f6rjar packa kan det vara bra att ta sig tid att organisera och g\u00e5 igenom alla &hellip; Tips f\u00f6r packning vid flytt Read More \u00bb\" \/>\n<meta property=\"og:url\" content=\"https:\/\/www.trafipoint.fi\/sv\/tips-for-packning-vid-flytt\/\" \/>\n<meta property=\"og:site_name\" content=\"Trafipoint\" \/>\n<meta property=\"article:publisher\" content=\"https:\/\/www.facebook.com\/trafipoint\" \/>\n<meta property=\"article:modified_time\" content=\"2022-01-25T08:08:15+00:00\" \/>\n<meta name=\"twitter:card\" content=\"summary_large_image\" \/>\n<meta name=\"twitter:label1\" content=\"Ber\u00e4knad l\u00e4stid\" \/>\n\t<meta name=\"twitter:data1\" content=\"2 minuter\" \/>\n<script type=\"application\/ld+json\" class=\"yoast-schema-graph\">{\"@context\":\"https:\/\/schema.org\",\"@graph\":[{\"@type\":\"Organization\",\"@id\":\"https:\/\/www.trafipoint.fi\/sv\/#organization\",\"name\":\"Trafipoint\",\"url\":\"https:\/\/www.trafipoint.fi\/sv\/\",\"sameAs\":[\"https:\/\/www.facebook.com\/trafipoint\",\"https:\/\/www.instagram.com\/trafipoint\/\"],\"logo\":{\"@type\":\"ImageObject\",\"@id\":\"https:\/\/www.trafipoint.fi\/sv\/#logo\",\"inLanguage\":\"sv-SE\",\"url\":\"https:\/\/www.trafipoint.fi\/wp-content\/uploads\/2022\/01\/playstore.png\",\"contentUrl\":\"https:\/\/www.trafipoint.fi\/wp-content\/uploads\/2022\/01\/playstore.png\",\"width\":512,\"height\":512,\"caption\":\"Trafipoint\"},\"image\":{\"@id\":\"https:\/\/www.trafipoint.fi\/sv\/#logo\"}},{\"@type\":\"WebSite\",\"@id\":\"https:\/\/www.trafipoint.fi\/sv\/#website\",\"url\":\"https:\/\/www.trafipoint.fi\/sv\/\",\"name\":\"Trafipoint\",\"description\":\"\",\"publisher\":{\"@id\":\"https:\/\/www.trafipoint.fi\/sv\/#organization\"},\"potentialAction\":[{\"@type\":\"SearchAction\",\"target\":{\"@type\":\"EntryPoint\",\"urlTemplate\":\"https:\/\/www.trafipoint.fi\/sv\/?s={search_term_string}\"},\"query-input\":\"required name=search_term_string\"}],\"inLanguage\":\"sv-SE\"},{\"@type\":\"WebPage\",\"@id\":\"https:\/\/www.trafipoint.fi\/sv\/tips-for-packning-vid-flytt\/#webpage\",\"url\":\"https:\/\/www.trafipoint.fi\/sv\/tips-for-packning-vid-flytt\/\",\"name\":\"Trafipoint - Tips f\\u00f6r packning vid flytt\",\"isPartOf\":{\"@id\":\"https:\/\/www.trafipoint.fi\/sv\/#website\"},\"datePublished\":\"2022-01-12T13:04:23+00:00\",\"dateModified\":\"2022-01-25T08:08:15+00:00\",\"breadcrumb\":{\"@id\":\"https:\/\/www.trafipoint.fi\/sv\/tips-for-packning-vid-flytt\/#breadcrumb\"},\"inLanguage\":\"sv-SE\",\"potentialAction\":[{\"@type\":\"ReadAction\",\"target\":[\"https:\/\/www.trafipoint.fi\/sv\/tips-for-packning-vid-flytt\/\"]}]},{\"@type\":\"BreadcrumbList\",\"@id\":\"https:\/\/www.trafipoint.fi\/sv\/tips-for-packning-vid-flytt\/#breadcrumb\",\"itemListElement\":[{\"@type\":\"ListItem\",\"position\":1,\"name\":\"Etusivu\",\"item\":\"https:\/\/www.trafipoint.fi\/sv\/flytt\/\"},{\"@type\":\"ListItem\",\"position\":2,\"name\":\"Tips f\\u00f6r packning vid flytt\"}]}]}<\/script>\n<!-- \/ Yoast SEO plugin. -->","yoast_head_json":{"title":"Trafipoint - Tips f\u00f6r packning vid flytt","robots":{"index":"index","follow":"follow","max-snippet":"max-snippet:-1","max-image-preview":"max-image-preview:large","max-video-preview":"max-video-preview:-1"},"canonical":"https:\/\/www.trafipoint.fi\/sv\/tips-for-packning-vid-flytt\/","og_locale":"sv_SE","og_type":"article","og_title":"Trafipoint - Tips f\u00f6r packning vid flytt","og_description":"Tips f\u00f6r packning vid flytt Hur bohaget packas \u00e4r en faktor som har stor betydelse f\u00f6r hur smidigt flytten g\u00e5r. Att flytta hela sitt bohag till en ny adress ger med all r\u00e4tta upphov till m\u00e5nga fr\u00e5gor. Innan man b\u00f6rjar packa kan det vara bra att ta sig tid att organisera och g\u00e5 igenom alla &hellip; Tips f\u00f6r packning vid flytt Read More \u00bb","og_url":"https:\/\/www.trafipoint.fi\/sv\/tips-for-packning-vid-flytt\/","og_site_name":"Trafipoint","article_publisher":"https:\/\/www.facebook.com\/trafipoint","article_modified_time":"2022-01-25T08:08:15+00:00","twitter_card":"summary_large_image","twitter_misc":{"Ber\u00e4knad l\u00e4stid":"2 minuter"},"schema":{"@context":"https:\/\/schema.org","@graph":[{"@type":"Organization","@id":"https:\/\/www.trafipoint.fi\/sv\/#organization","name":"Trafipoint","url":"https:\/\/www.trafipoint.fi\/sv\/","sameAs":["https:\/\/www.facebook.com\/trafipoint","https:\/\/www.instagram.com\/trafipoint\/"],"logo":{"@type":"ImageObject","@id":"https:\/\/www.trafipoint.fi\/sv\/#logo","inLanguage":"sv-SE","url":"https:\/\/www.trafipoint.fi\/wp-content\/uploads\/2022\/01\/playstore.png","contentUrl":"https:\/\/www.trafipoint.fi\/wp-content\/uploads\/2022\/01\/playstore.png","width":512,"height":512,"caption":"Trafipoint"},"image":{"@id":"https:\/\/www.trafipoint.fi\/sv\/#logo"}},{"@type":"WebSite","@id":"https:\/\/www.trafipoint.fi\/sv\/#website","url":"https:\/\/www.trafipoint.fi\/sv\/","name":"Trafipoint","description":"","publisher":{"@id":"https:\/\/www.trafipoint.fi\/sv\/#organization"},"potentialAction":[{"@type":"SearchAction","target":{"@type":"EntryPoint","urlTemplate":"https:\/\/www.trafipoint.fi\/sv\/?s={search_term_string}"},"query-input":"required name=search_term_string"}],"inLanguage":"sv-SE"},{"@type":"WebPage","@id":"https:\/\/www.trafipoint.fi\/sv\/tips-for-packning-vid-flytt\/#webpage","url":"https:\/\/www.trafipoint.fi\/sv\/tips-for-packning-vid-flytt\/","name":"Trafipoint - Tips f\u00f6r packning vid flytt","isPartOf":{"@id":"https:\/\/www.trafipoint.fi\/sv\/#website"},"datePublished":"2022-01-12T13:04:23+00:00","dateModified":"2022-01-25T08:08:15+00:00","breadcrumb":{"@id":"https:\/\/www.trafipoint.fi\/sv\/tips-for-packning-vid-flytt\/#breadcrumb"},"inLanguage":"sv-SE","potentialAction":[{"@type":"ReadAction","target":["https:\/\/www.trafipoint.fi\/sv\/tips-for-packning-vid-flytt\/"]}]},{"@type":"BreadcrumbList","@id":"https:\/\/www.trafipoint.fi\/sv\/tips-for-packning-vid-flytt\/#breadcrumb","itemListElement":[{"@type":"ListItem","position":1,"name":"Etusivu","item":"https:\/\/www.trafipoint.fi\/sv\/flytt\/"},{"@type":"ListItem","position":2,"name":"Tips f\u00f6r packning vid flytt"}]}]}},"_links":{"self":[{"href":"https:\/\/www.trafipoint.fi\/sv\/wp-json\/wp\/v2\/pages\/2191"}],"collection":[{"href":"https:\/\/www.trafipoint.fi\/sv\/wp-json\/wp\/v2\/pages"}],"about":[{"href":"https:\/\/www.trafipoint.fi\/sv\/wp-json\/wp\/v2\/types\/page"}],"author":[{"embeddable":true,"href":"https:\/\/www.trafipoint.fi\/sv\/wp-json\/wp\/v2\/users\/2"}],"replies":[{"embeddable":true,"href":"https:\/\/www.trafipoint.fi\/sv\/wp-json\/wp\/v2\/comments?post=2191"}],"version-history":[{"count":4,"href":"https:\/\/www.trafipoint.fi\/sv\/wp-json\/wp\/v2\/pages\/2191\/revisions"}],"predecessor-version":[{"id":2730,"href":"https:\/\/www.trafipoint.fi\/sv\/wp-json\/wp\/v2\/pages\/2191\/revisions\/2730"}],"wp:attachment":[{"href":"https:\/\/www.trafipoint.fi\/sv\/wp-json\/wp\/v2\/media?parent=2191"}],"wp:term":[{"taxonomy":"post_tag","embeddable":true,"href":"https:\/\/www.trafipoint.fi\/sv\/wp-json\/wp\/v2\/tags?post=2191"}],"curies":[{"name":"wp","href":"https:\/\/api.w.org\/{rel}","templated":true}]}}