{"id":2196,"date":"2022-01-12T15:04:25","date_gmt":"2022-01-12T13:04:25","guid":{"rendered":"https:\/\/trafipoint.alinedev.fi\/pris-pa-flyttjansten\/"},"modified":"2022-01-25T09:53:55","modified_gmt":"2022-01-25T07:53:55","slug":"pris-pa-flyttjansten","status":"publish","type":"page","link":"https:\/\/www.trafipoint.fi\/sv\/pris-pa-flyttjansten\/","title":{"rendered":"Pris p\u00e5 flyttj\u00e4nsten"},"content":{"rendered":"\t\t<div data-elementor-type=\"wp-page\" data-elementor-id=\"2196\" class=\"elementor elementor-2196 elementor-840\" data-elementor-settings=\"[]\">\n\t\t\t\t\t\t<div class=\"elementor-inner\">\n\t\t\t\t\t\t\t<div class=\"elementor-section-wrap\">\n\t\t\t\t\t\t\t<section class=\"elementor-section elementor-top-section elementor-element elementor-element-1e481de elementor-section-boxed elementor-section-height-default elementor-section-height-default\" data-id=\"1e481de\" data-element_type=\"section\">\n\t\t\t\t\t\t<div class=\"elementor-container elementor-column-gap-default\">\n\t\t\t\t\t\t\t<div class=\"elementor-row\">\n\t\t\t\t\t<div class=\"elementor-column elementor-col-100 elementor-top-column elementor-element elementor-element-e8a672a\" data-id=\"e8a672a\" data-element_type=\"column\">\n\t\t\t<div class=\"elementor-column-wrap elementor-element-populated\">\n\t\t\t\t\t\t\t<div class=\"elementor-widget-wrap\">\n\t\t\t\t\t\t<div class=\"elementor-element elementor-element-d61b4a8 elementor-widget elementor-widget-heading\" data-id=\"d61b4a8\" data-element_type=\"widget\" data-widget_type=\"heading.default\">\n\t\t\t\t<div class=\"elementor-widget-container\">\n\t\t\t<h1 class=\"elementor-heading-title elementor-size-default\">Pris p\u00e5 flyttj\u00e4nsten<\/h1>\t\t<\/div>\n\t\t\t\t<\/div>\n\t\t\t\t\t\t<\/div>\n\t\t\t\t\t<\/div>\n\t\t<\/div>\n\t\t\t\t\t\t\t\t<\/div>\n\t\t\t\t\t<\/div>\n\t\t<\/section>\n\t\t\t\t<section class=\"elementor-section elementor-top-section elementor-element elementor-element-e8aa358 elementor-section-boxed elementor-section-height-default elementor-section-height-default\" data-id=\"e8aa358\" data-element_type=\"section\">\n\t\t\t\t\t\t<div class=\"elementor-container elementor-column-gap-default\">\n\t\t\t\t\t\t\t<div class=\"elementor-row\">\n\t\t\t\t\t<div class=\"elementor-column elementor-col-100 elementor-top-column elementor-element elementor-element-a17c431\" data-id=\"a17c431\" data-element_type=\"column\">\n\t\t\t<div class=\"elementor-column-wrap elementor-element-populated\">\n\t\t\t\t\t\t\t<div class=\"elementor-widget-wrap\">\n\t\t\t\t\t\t<div class=\"elementor-element elementor-element-f227eec elementor-widget elementor-widget-text-editor\" data-id=\"f227eec\" data-element_type=\"widget\" data-widget_type=\"text-editor.default\">\n\t\t\t\t<div class=\"elementor-widget-container\">\n\t\t\t\t\t\t\t\t<div class=\"elementor-text-editor elementor-clearfix\">\n\t\t\t\t<p><span dir=\"ltr\" role=\"presentation\">Priset p\u00e5 flyttj\u00e4nsten varierar fr\u00e5n fall till fall: priset beror p\u00e5 arbetsm\u00e4ngden och <\/span><span dir=\"ltr\" role=\"presentation\">hur l\u00e4nge flytten tar, vilket p\u00e5verkas bland annat av avst\u00e5ndet, hur l\u00e5ngt varorna ska b\u00e4ras och <\/span><span dir=\"ltr\" role=\"presentation\">hur varorna har packats. <br \/><\/span><span dir=\"ltr\" role=\"presentation\">Trafipoint \u00e4r en v\u00e4rdefull hj\u00e4lp f\u00f6r den som flyttar i och med att vi konkurrensuts\u00e4tter <\/span><span dir=\"ltr\" role=\"presentation\">flyttj\u00e4nsterna och deras priser. Du f\u00f6rbinder dig inte till n\u00e5gonting n\u00e4r du anv\u00e4nder Trafipoint!<\/span><\/p>\t\t\t\t\t<\/div>\n\t\t\t\t\t\t<\/div>\n\t\t\t\t<\/div>\n\t\t\t\t\t\t<\/div>\n\t\t\t\t\t<\/div>\n\t\t<\/div>\n\t\t\t\t\t\t\t\t<\/div>\n\t\t\t\t\t<\/div>\n\t\t<\/section>\n\t\t\t\t<section class=\"elementor-section elementor-top-section elementor-element elementor-element-f1ae4cf elementor-section-boxed elementor-section-height-default elementor-section-height-default\" data-id=\"f1ae4cf\" data-element_type=\"section\">\n\t\t\t\t\t\t<div class=\"elementor-container elementor-column-gap-default\">\n\t\t\t\t\t\t\t<div class=\"elementor-row\">\n\t\t\t\t\t<div class=\"elementor-column elementor-col-100 elementor-top-column elementor-element elementor-element-9836355\" data-id=\"9836355\" data-element_type=\"column\">\n\t\t\t<div class=\"elementor-column-wrap\">\n\t\t\t\t\t\t\t<div class=\"elementor-widget-wrap\">\n\t\t\t\t\t\t\t\t<\/div>\n\t\t\t\t\t<\/div>\n\t\t<\/div>\n\t\t\t\t\t\t\t\t<\/div>\n\t\t\t\t\t<\/div>\n\t\t<\/section>\n\t\t\t\t\t\t<\/div>\n\t\t\t\t\t\t<\/div>\n\t\t\t\t\t<\/div>\n\t\t","protected":false},"excerpt":{"rendered":"<p>Pris p\u00e5 flyttj\u00e4nsten Priset p\u00e5 flyttj\u00e4nsten varierar fr\u00e5n fall till fall: priset beror p\u00e5 arbetsm\u00e4ngden och hur l\u00e4nge flytten tar, vilket p\u00e5verkas bland annat av avst\u00e5ndet, hur l\u00e5ngt varorna ska b\u00e4ras och hur varorna har packats. Trafipoint \u00e4r en v\u00e4rdefull hj\u00e4lp f\u00f6r den som flyttar i och med att vi konkurrensuts\u00e4tter flyttj\u00e4nsterna och deras priser. &hellip;<\/p>\n<p class=\"read-more\"> <a class=\"\" href=\"https:\/\/www.trafipoint.fi\/sv\/pris-pa-flyttjansten\/\"> <span class=\"screen-reader-text\">Pris p\u00e5 flyttj\u00e4nsten<\/span> Read More \u00bb<\/a><\/p>\n","protected":false},"author":2,"featured_media":0,"parent":0,"menu_order":0,"comment_status":"closed","ping_status":"closed","template":"","meta":[],"tags":[33],"yoast_head":"<!-- This site is optimized with the Yoast SEO plugin v17.0 - https:\/\/yoast.com\/wordpress\/plugins\/seo\/ -->\n<title>Trafipoint - Pris p\u00e5 flyttj\u00e4nsten<\/title>\n<meta name=\"robots\" content=\"index, follow, max-snippet:-1, max-image-preview:large, max-video-preview:-1\" \/>\n<link rel=\"canonical\" href=\"https:\/\/www.trafipoint.fi\/sv\/pris-pa-flyttjansten\/\" \/>\n<meta property=\"og:locale\" content=\"sv_SE\" \/>\n<meta property=\"og:type\" content=\"article\" \/>\n<meta property=\"og:title\" content=\"Trafipoint - Pris p\u00e5 flyttj\u00e4nsten\" \/>\n<meta property=\"og:description\" content=\"Pris p\u00e5 flyttj\u00e4nsten Priset p\u00e5 flyttj\u00e4nsten varierar fr\u00e5n fall till fall: priset beror p\u00e5 arbetsm\u00e4ngden och hur l\u00e4nge flytten tar, vilket p\u00e5verkas bland annat av avst\u00e5ndet, hur l\u00e5ngt varorna ska b\u00e4ras och hur varorna har packats. Trafipoint \u00e4r en v\u00e4rdefull hj\u00e4lp f\u00f6r den som flyttar i och med att vi konkurrensuts\u00e4tter flyttj\u00e4nsterna och deras priser. &hellip; Pris p\u00e5 flyttj\u00e4nsten Read More \u00bb\" \/>\n<meta property=\"og:url\" content=\"https:\/\/www.trafipoint.fi\/sv\/pris-pa-flyttjansten\/\" \/>\n<meta property=\"og:site_name\" content=\"Trafipoint\" \/>\n<meta property=\"article:publisher\" content=\"https:\/\/www.facebook.com\/trafipoint\" \/>\n<meta property=\"article:modified_time\" content=\"2022-01-25T07:53:55+00:00\" \/>\n<meta name=\"twitter:card\" content=\"summary_large_image\" \/>\n<meta name=\"twitter:label1\" content=\"Ber\u00e4knad l\u00e4stid\" \/>\n\t<meta name=\"twitter:data1\" content=\"1 minut\" \/>\n<script type=\"application\/ld+json\" class=\"yoast-schema-graph\">{\"@context\":\"https:\/\/schema.org\",\"@graph\":[{\"@type\":\"Organization\",\"@id\":\"https:\/\/www.trafipoint.fi\/sv\/#organization\",\"name\":\"Trafipoint\",\"url\":\"https:\/\/www.trafipoint.fi\/sv\/\",\"sameAs\":[\"https:\/\/www.facebook.com\/trafipoint\",\"https:\/\/www.instagram.com\/trafipoint\/\"],\"logo\":{\"@type\":\"ImageObject\",\"@id\":\"https:\/\/www.trafipoint.fi\/sv\/#logo\",\"inLanguage\":\"sv-SE\",\"url\":\"https:\/\/www.trafipoint.fi\/wp-content\/uploads\/2022\/01\/playstore.png\",\"contentUrl\":\"https:\/\/www.trafipoint.fi\/wp-content\/uploads\/2022\/01\/playstore.png\",\"width\":512,\"height\":512,\"caption\":\"Trafipoint\"},\"image\":{\"@id\":\"https:\/\/www.trafipoint.fi\/sv\/#logo\"}},{\"@type\":\"WebSite\",\"@id\":\"https:\/\/www.trafipoint.fi\/sv\/#website\",\"url\":\"https:\/\/www.trafipoint.fi\/sv\/\",\"name\":\"Trafipoint\",\"description\":\"\",\"publisher\":{\"@id\":\"https:\/\/www.trafipoint.fi\/sv\/#organization\"},\"potentialAction\":[{\"@type\":\"SearchAction\",\"target\":{\"@type\":\"EntryPoint\",\"urlTemplate\":\"https:\/\/www.trafipoint.fi\/sv\/?s={search_term_string}\"},\"query-input\":\"required name=search_term_string\"}],\"inLanguage\":\"sv-SE\"},{\"@type\":\"WebPage\",\"@id\":\"https:\/\/www.trafipoint.fi\/sv\/pris-pa-flyttjansten\/#webpage\",\"url\":\"https:\/\/www.trafipoint.fi\/sv\/pris-pa-flyttjansten\/\",\"name\":\"Trafipoint - Pris p\\u00e5 flyttj\\u00e4nsten\",\"isPartOf\":{\"@id\":\"https:\/\/www.trafipoint.fi\/sv\/#website\"},\"datePublished\":\"2022-01-12T13:04:25+00:00\",\"dateModified\":\"2022-01-25T07:53:55+00:00\",\"breadcrumb\":{\"@id\":\"https:\/\/www.trafipoint.fi\/sv\/pris-pa-flyttjansten\/#breadcrumb\"},\"inLanguage\":\"sv-SE\",\"potentialAction\":[{\"@type\":\"ReadAction\",\"target\":[\"https:\/\/www.trafipoint.fi\/sv\/pris-pa-flyttjansten\/\"]}]},{\"@type\":\"BreadcrumbList\",\"@id\":\"https:\/\/www.trafipoint.fi\/sv\/pris-pa-flyttjansten\/#breadcrumb\",\"itemListElement\":[{\"@type\":\"ListItem\",\"position\":1,\"name\":\"Etusivu\",\"item\":\"https:\/\/www.trafipoint.fi\/sv\/flytt\/\"},{\"@type\":\"ListItem\",\"position\":2,\"name\":\"Pris p\\u00e5 flyttj\\u00e4nsten\"}]}]}<\/script>\n<!-- \/ Yoast SEO plugin. -->","yoast_head_json":{"title":"Trafipoint - Pris p\u00e5 flyttj\u00e4nsten","robots":{"index":"index","follow":"follow","max-snippet":"max-snippet:-1","max-image-preview":"max-image-preview:large","max-video-preview":"max-video-preview:-1"},"canonical":"https:\/\/www.trafipoint.fi\/sv\/pris-pa-flyttjansten\/","og_locale":"sv_SE","og_type":"article","og_title":"Trafipoint - Pris p\u00e5 flyttj\u00e4nsten","og_description":"Pris p\u00e5 flyttj\u00e4nsten Priset p\u00e5 flyttj\u00e4nsten varierar fr\u00e5n fall till fall: priset beror p\u00e5 arbetsm\u00e4ngden och hur l\u00e4nge flytten tar, vilket p\u00e5verkas bland annat av avst\u00e5ndet, hur l\u00e5ngt varorna ska b\u00e4ras och hur varorna har packats. Trafipoint \u00e4r en v\u00e4rdefull hj\u00e4lp f\u00f6r den som flyttar i och med att vi konkurrensuts\u00e4tter flyttj\u00e4nsterna och deras priser. &hellip; Pris p\u00e5 flyttj\u00e4nsten Read More \u00bb","og_url":"https:\/\/www.trafipoint.fi\/sv\/pris-pa-flyttjansten\/","og_site_name":"Trafipoint","article_publisher":"https:\/\/www.facebook.com\/trafipoint","article_modified_time":"2022-01-25T07:53:55+00:00","twitter_card":"summary_large_image","twitter_misc":{"Ber\u00e4knad l\u00e4stid":"1 minut"},"schema":{"@context":"https:\/\/schema.org","@graph":[{"@type":"Organization","@id":"https:\/\/www.trafipoint.fi\/sv\/#organization","name":"Trafipoint","url":"https:\/\/www.trafipoint.fi\/sv\/","sameAs":["https:\/\/www.facebook.com\/trafipoint","https:\/\/www.instagram.com\/trafipoint\/"],"logo":{"@type":"ImageObject","@id":"https:\/\/www.trafipoint.fi\/sv\/#logo","inLanguage":"sv-SE","url":"https:\/\/www.trafipoint.fi\/wp-content\/uploads\/2022\/01\/playstore.png","contentUrl":"https:\/\/www.trafipoint.fi\/wp-content\/uploads\/2022\/01\/playstore.png","width":512,"height":512,"caption":"Trafipoint"},"image":{"@id":"https:\/\/www.trafipoint.fi\/sv\/#logo"}},{"@type":"WebSite","@id":"https:\/\/www.trafipoint.fi\/sv\/#website","url":"https:\/\/www.trafipoint.fi\/sv\/","name":"Trafipoint","description":"","publisher":{"@id":"https:\/\/www.trafipoint.fi\/sv\/#organization"},"potentialAction":[{"@type":"SearchAction","target":{"@type":"EntryPoint","urlTemplate":"https:\/\/www.trafipoint.fi\/sv\/?s={search_term_string}"},"query-input":"required name=search_term_string"}],"inLanguage":"sv-SE"},{"@type":"WebPage","@id":"https:\/\/www.trafipoint.fi\/sv\/pris-pa-flyttjansten\/#webpage","url":"https:\/\/www.trafipoint.fi\/sv\/pris-pa-flyttjansten\/","name":"Trafipoint - Pris p\u00e5 flyttj\u00e4nsten","isPartOf":{"@id":"https:\/\/www.trafipoint.fi\/sv\/#website"},"datePublished":"2022-01-12T13:04:25+00:00","dateModified":"2022-01-25T07:53:55+00:00","breadcrumb":{"@id":"https:\/\/www.trafipoint.fi\/sv\/pris-pa-flyttjansten\/#breadcrumb"},"inLanguage":"sv-SE","potentialAction":[{"@type":"ReadAction","target":["https:\/\/www.trafipoint.fi\/sv\/pris-pa-flyttjansten\/"]}]},{"@type":"BreadcrumbList","@id":"https:\/\/www.trafipoint.fi\/sv\/pris-pa-flyttjansten\/#breadcrumb","itemListElement":[{"@type":"ListItem","position":1,"name":"Etusivu","item":"https:\/\/www.trafipoint.fi\/sv\/flytt\/"},{"@type":"ListItem","position":2,"name":"Pris p\u00e5 flyttj\u00e4nsten"}]}]}},"_links":{"self":[{"href":"https:\/\/www.trafipoint.fi\/sv\/wp-json\/wp\/v2\/pages\/2196"}],"collection":[{"href":"https:\/\/www.trafipoint.fi\/sv\/wp-json\/wp\/v2\/pages"}],"about":[{"href":"https:\/\/www.trafipoint.fi\/sv\/wp-json\/wp\/v2\/types\/page"}],"author":[{"embeddable":true,"href":"https:\/\/www.trafipoint.fi\/sv\/wp-json\/wp\/v2\/users\/2"}],"replies":[{"embeddable":true,"href":"https:\/\/www.trafipoint.fi\/sv\/wp-json\/wp\/v2\/comments?post=2196"}],"version-history":[{"count":4,"href":"https:\/\/www.trafipoint.fi\/sv\/wp-json\/wp\/v2\/pages\/2196\/revisions"}],"predecessor-version":[{"id":2712,"href":"https:\/\/www.trafipoint.fi\/sv\/wp-json\/wp\/v2\/pages\/2196\/revisions\/2712"}],"wp:attachment":[{"href":"https:\/\/www.trafipoint.fi\/sv\/wp-json\/wp\/v2\/media?parent=2196"}],"wp:term":[{"taxonomy":"post_tag","embeddable":true,"href":"https:\/\/www.trafipoint.fi\/sv\/wp-json\/wp\/v2\/tags?post=2196"}],"curies":[{"name":"wp","href":"https:\/\/api.w.org\/{rel}","templated":true}]}}