{"id":2198,"date":"2022-01-12T15:04:27","date_gmt":"2022-01-12T13:04:27","guid":{"rendered":"https:\/\/trafipoint.alinedev.fi\/registerbeskrivning\/"},"modified":"2022-01-12T15:04:27","modified_gmt":"2022-01-12T13:04:27","slug":"registerbeskrivning","status":"publish","type":"page","link":"https:\/\/www.trafipoint.fi\/sv\/registerbeskrivning\/","title":{"rendered":"Registerbeskrivning"},"content":{"rendered":"\t\t<div data-elementor-type=\"wp-page\" data-elementor-id=\"2198\" class=\"elementor elementor-2198 elementor-1515\" data-elementor-settings=\"[]\">\n\t\t\t\t\t\t<div class=\"elementor-inner\">\n\t\t\t\t\t\t\t<div class=\"elementor-section-wrap\">\n\t\t\t\t\t\t\t<section class=\"elementor-section elementor-top-section elementor-element elementor-element-0899cc2 elementor-section-boxed elementor-section-height-default elementor-section-height-default\" data-id=\"0899cc2\" data-element_type=\"section\">\n\t\t\t\t\t\t<div class=\"elementor-container elementor-column-gap-default\">\n\t\t\t\t\t\t\t<div class=\"elementor-row\">\n\t\t\t\t\t<div class=\"elementor-column elementor-col-100 elementor-top-column elementor-element elementor-element-d1555b9\" data-id=\"d1555b9\" data-element_type=\"column\">\n\t\t\t<div class=\"elementor-column-wrap elementor-element-populated\">\n\t\t\t\t\t\t\t<div class=\"elementor-widget-wrap\">\n\t\t\t\t\t\t<div class=\"elementor-element elementor-element-3b4f23c elementor-widget elementor-widget-heading\" data-id=\"3b4f23c\" data-element_type=\"widget\" data-widget_type=\"heading.default\">\n\t\t\t\t<div class=\"elementor-widget-container\">\n\t\t\t<h2 class=\"elementor-heading-title elementor-size-default\">Registerbeskrivning<\/h2>\t\t<\/div>\n\t\t\t\t<\/div>\n\t\t\t\t\t\t<\/div>\n\t\t\t\t\t<\/div>\n\t\t<\/div>\n\t\t\t\t\t\t\t\t<\/div>\n\t\t\t\t\t<\/div>\n\t\t<\/section>\n\t\t\t\t<section class=\"elementor-section elementor-top-section elementor-element elementor-element-6b12d50 elementor-section-boxed elementor-section-height-default elementor-section-height-default\" data-id=\"6b12d50\" data-element_type=\"section\">\n\t\t\t\t\t\t<div class=\"elementor-container elementor-column-gap-default\">\n\t\t\t\t\t\t\t<div class=\"elementor-row\">\n\t\t\t\t\t<div class=\"elementor-column elementor-col-100 elementor-top-column elementor-element elementor-element-6465786\" data-id=\"6465786\" data-element_type=\"column\">\n\t\t\t<div class=\"elementor-column-wrap elementor-element-populated\">\n\t\t\t\t\t\t\t<div class=\"elementor-widget-wrap\">\n\t\t\t\t\t\t<div class=\"elementor-element elementor-element-9ccf492 elementor-widget elementor-widget-text-editor\" data-id=\"9ccf492\" data-element_type=\"widget\" data-widget_type=\"text-editor.default\">\n\t\t\t\t<div class=\"elementor-widget-container\">\n\t\t\t\t\t\t\t\t<div class=\"elementor-text-editor elementor-clearfix\">\n\t\t\t\t<p>Registerbeskrivning om den personuppgiftsansvarige i enlighet med 10 \u00a7 i personuppgiftslagen (523\/99)<\/p><p>1. Personuppgiftsansvarig<br \/>Personuppgiftsansvarig: Tombcape &amp; Tippler Oy<br \/>E-post: <a href=\"mailto:info@trafipoint.fi\" target=\"_blank\" rel=\"noopener\">info@trafipoint.fi<\/a><\/p><p>2. Registrets namn<br \/>Kundregister, trafipoint.fi och trafipoint.com<\/p><p>3. Syftet med behandlingen av\npersonuppgifter (registrets anv\u00e4ndnings\u00e4ndam\u00e5l)<br \/>Den personuppgiftsansvarige behandlar kundernas f\u00f6retags- och personuppgifter<br \/>f\u00f6r f\u00f6ljande \u00e4ndam\u00e5l:<br \/>&#8211; v\u00e5rd och utveckling av kundrelationer<br \/>&#8211; marknadsf\u00f6ring av den personuppgiftsansvariges produkter och tj\u00e4nster och<br \/>direktmarknadsf\u00f6ring, inklusive elektronisk direktmarknadsf\u00f6ring<br \/>&#8211; utveckling av den personuppgiftsansvariges aff\u00e4rsverksamhet och<br \/>kundtj\u00e4nst<br \/>&#8211; kartl\u00e4ggning av kundernas intressen samt<br \/>marknadsf\u00f6ringsbehoven &#8211; uppf\u00f6ljning och analysering av kundernas val och \u00f6nskem\u00e5l samt<br \/>utveckling av d\u00e4rtill relaterade kundtj\u00e4nstdata<br \/>&#8211; beaktande av kundernas \u00f6nskem\u00e5l, utveckling av<br \/>kundtj\u00e4nsten samt riktning av marknadsf\u00f6ring.<br \/>Hanteringen av f\u00f6retags- och personuppgifter grundar sig p\u00e5 8 \u00a7 1 mom. 1, 2, 5 och 6 punkten<br \/>i personuppgiftslagen.<\/p><p>4. Registrets datainneh\u00e5ll<br \/>F\u00f6ljande uppgifter om kunderna samlas in och sparas:<br \/>&#8211; kunduppgifter: f\u00f6retagets namn, kontaktuppgifter (till exempel adressuppgifter,<br \/>mobiltelefonnummer samt e-postadress) f\u00f6r kontakt med kunden.<\/p><p>5. Regelm\u00e4ssiga uppgiftsk\u00e4llor<br \/>Kunduppgifterna erh\u00e5lls med kundens samtycke<br \/>av kunden sj\u00e4lv (8 \u00a7 1 mom. 1 punkten i personuppgiftslagen).<\/p><p>6. Principer f\u00f6r skydd av registret<br \/>\u00c5tkomst till registret beviljas endast personer som beh\u00f6ver uppgifterna<br \/>i sitt arbete.<\/p><p>6.1 Elektroniskt material<br \/>Datasystem som skyddas med anv\u00e4ndarnamn och l\u00f6senord i tj\u00e4nsteleverant\u00f6rens skyddade<br \/>servermilj\u00f6.<\/p><p>7. Offentlighetsprincipen i enlighet med 24 \u00a7 i personuppgiftslagen<\/p><p>7.1. Granskningsr\u00e4tt och r\u00e4tt att korrigera felaktiga uppgifter<br \/>Kunden har r\u00e4tt att kontrollera uppgifterna om sig sj\u00e4lv i<br \/>kundregistret. N\u00e4r kunden \u00f6nskar ut\u00f6va sin r\u00e4tt att kontrollera uppgifter om sig sj\u00e4lv, ska hen<br \/>beg\u00e4ra detta med en egenh\u00e4ndigt undertecknad handling. Om<br \/>det finns fel i kunduppgifterna kan kunden beg\u00e4ra att<br \/>de r\u00e4ttas.<\/p><p>7.2. F\u00f6rbudsr\u00e4tt<br \/>Kunden har r\u00e4tt att f\u00f6rbjuda den personuppgiftsansvarige att behandla uppgifter som g\u00e4ller kunden<br \/>f\u00f6r direktreklam, distansf\u00f6rs\u00e4ljning och annan<br \/>direktmarknadsf\u00f6ring genom att meddela den personuppgiftsansvarige om detta skriftligen eller<br \/>genom att skicka en beg\u00e4ran per e-post till adressen:<br \/><a href=\"mailto:info@trafipoint.fi\" target=\"_blank\" rel=\"noopener\">info@trafipoint.fi<\/a><\/p>\t\t\t\t\t<\/div>\n\t\t\t\t\t\t<\/div>\n\t\t\t\t<\/div>\n\t\t\t\t\t\t<\/div>\n\t\t\t\t\t<\/div>\n\t\t<\/div>\n\t\t\t\t\t\t\t\t<\/div>\n\t\t\t\t\t<\/div>\n\t\t<\/section>\n\t\t\t\t\t\t<\/div>\n\t\t\t\t\t\t<\/div>\n\t\t\t\t\t<\/div>\n\t\t","protected":false},"excerpt":{"rendered":"<p>Registerbeskrivning Registerbeskrivning om den personuppgiftsansvarige i enlighet med 10 \u00a7 i personuppgiftslagen (523\/99) 1. PersonuppgiftsansvarigPersonuppgiftsansvarig: Tombcape &amp; Tippler OyE-post: info@trafipoint.fi 2. Registrets namnKundregister, trafipoint.fi och trafipoint.com 3. Syftet med behandlingen av personuppgifter (registrets anv\u00e4ndnings\u00e4ndam\u00e5l)Den personuppgiftsansvarige behandlar kundernas f\u00f6retags- och personuppgifterf\u00f6r f\u00f6ljande \u00e4ndam\u00e5l:&#8211; v\u00e5rd och utveckling av kundrelationer&#8211; marknadsf\u00f6ring av den personuppgiftsansvariges produkter och tj\u00e4nster ochdirektmarknadsf\u00f6ring, &hellip;<\/p>\n<p class=\"read-more\"> <a class=\"\" href=\"https:\/\/www.trafipoint.fi\/sv\/registerbeskrivning\/\"> <span class=\"screen-reader-text\">Registerbeskrivning<\/span> Read More \u00bb<\/a><\/p>\n","protected":false},"author":1,"featured_media":0,"parent":0,"menu_order":999,"comment_status":"closed","ping_status":"closed","template":"","meta":[],"tags":[],"yoast_head":"<!-- This site is optimized with the Yoast SEO plugin v17.0 - https:\/\/yoast.com\/wordpress\/plugins\/seo\/ -->\n<title>Trafipoint - Registerbeskrivning<\/title>\n<meta name=\"robots\" content=\"index, follow, max-snippet:-1, max-image-preview:large, max-video-preview:-1\" \/>\n<link rel=\"canonical\" href=\"https:\/\/www.trafipoint.fi\/sv\/registerbeskrivning\/\" \/>\n<meta property=\"og:locale\" content=\"sv_SE\" \/>\n<meta property=\"og:type\" content=\"article\" \/>\n<meta property=\"og:title\" content=\"Trafipoint - Registerbeskrivning\" \/>\n<meta property=\"og:description\" content=\"Registerbeskrivning Registerbeskrivning om den personuppgiftsansvarige i enlighet med 10 \u00a7 i personuppgiftslagen (523\/99) 1. PersonuppgiftsansvarigPersonuppgiftsansvarig: Tombcape &amp; Tippler OyE-post: info@trafipoint.fi 2. Registrets namnKundregister, trafipoint.fi och trafipoint.com 3. Syftet med behandlingen av personuppgifter (registrets anv\u00e4ndnings\u00e4ndam\u00e5l)Den personuppgiftsansvarige behandlar kundernas f\u00f6retags- och personuppgifterf\u00f6r f\u00f6ljande \u00e4ndam\u00e5l:&#8211; v\u00e5rd och utveckling av kundrelationer&#8211; marknadsf\u00f6ring av den personuppgiftsansvariges produkter och tj\u00e4nster ochdirektmarknadsf\u00f6ring, &hellip; Registerbeskrivning Read More \u00bb\" \/>\n<meta property=\"og:url\" content=\"https:\/\/www.trafipoint.fi\/sv\/registerbeskrivning\/\" \/>\n<meta property=\"og:site_name\" content=\"Trafipoint\" \/>\n<meta property=\"article:publisher\" content=\"https:\/\/www.facebook.com\/trafipoint\" \/>\n<meta name=\"twitter:card\" content=\"summary_large_image\" \/>\n<meta name=\"twitter:label1\" content=\"Ber\u00e4knad l\u00e4stid\" \/>\n\t<meta name=\"twitter:data1\" content=\"2 minuter\" \/>\n<script type=\"application\/ld+json\" class=\"yoast-schema-graph\">{\"@context\":\"https:\/\/schema.org\",\"@graph\":[{\"@type\":\"Organization\",\"@id\":\"https:\/\/www.trafipoint.fi\/sv\/#organization\",\"name\":\"Trafipoint\",\"url\":\"https:\/\/www.trafipoint.fi\/sv\/\",\"sameAs\":[\"https:\/\/www.facebook.com\/trafipoint\",\"https:\/\/www.instagram.com\/trafipoint\/\"],\"logo\":{\"@type\":\"ImageObject\",\"@id\":\"https:\/\/www.trafipoint.fi\/sv\/#logo\",\"inLanguage\":\"sv-SE\",\"url\":\"https:\/\/www.trafipoint.fi\/wp-content\/uploads\/2022\/01\/playstore.png\",\"contentUrl\":\"https:\/\/www.trafipoint.fi\/wp-content\/uploads\/2022\/01\/playstore.png\",\"width\":512,\"height\":512,\"caption\":\"Trafipoint\"},\"image\":{\"@id\":\"https:\/\/www.trafipoint.fi\/sv\/#logo\"}},{\"@type\":\"WebSite\",\"@id\":\"https:\/\/www.trafipoint.fi\/sv\/#website\",\"url\":\"https:\/\/www.trafipoint.fi\/sv\/\",\"name\":\"Trafipoint\",\"description\":\"\",\"publisher\":{\"@id\":\"https:\/\/www.trafipoint.fi\/sv\/#organization\"},\"potentialAction\":[{\"@type\":\"SearchAction\",\"target\":{\"@type\":\"EntryPoint\",\"urlTemplate\":\"https:\/\/www.trafipoint.fi\/sv\/?s={search_term_string}\"},\"query-input\":\"required name=search_term_string\"}],\"inLanguage\":\"sv-SE\"},{\"@type\":\"WebPage\",\"@id\":\"https:\/\/www.trafipoint.fi\/sv\/registerbeskrivning\/#webpage\",\"url\":\"https:\/\/www.trafipoint.fi\/sv\/registerbeskrivning\/\",\"name\":\"Trafipoint - Registerbeskrivning\",\"isPartOf\":{\"@id\":\"https:\/\/www.trafipoint.fi\/sv\/#website\"},\"datePublished\":\"2022-01-12T13:04:27+00:00\",\"dateModified\":\"2022-01-12T13:04:27+00:00\",\"breadcrumb\":{\"@id\":\"https:\/\/www.trafipoint.fi\/sv\/registerbeskrivning\/#breadcrumb\"},\"inLanguage\":\"sv-SE\",\"potentialAction\":[{\"@type\":\"ReadAction\",\"target\":[\"https:\/\/www.trafipoint.fi\/sv\/registerbeskrivning\/\"]}]},{\"@type\":\"BreadcrumbList\",\"@id\":\"https:\/\/www.trafipoint.fi\/sv\/registerbeskrivning\/#breadcrumb\",\"itemListElement\":[{\"@type\":\"ListItem\",\"position\":1,\"name\":\"Etusivu\",\"item\":\"https:\/\/www.trafipoint.fi\/sv\/flytt\/\"},{\"@type\":\"ListItem\",\"position\":2,\"name\":\"Registerbeskrivning\"}]}]}<\/script>\n<!-- \/ Yoast SEO plugin. -->","yoast_head_json":{"title":"Trafipoint - Registerbeskrivning","robots":{"index":"index","follow":"follow","max-snippet":"max-snippet:-1","max-image-preview":"max-image-preview:large","max-video-preview":"max-video-preview:-1"},"canonical":"https:\/\/www.trafipoint.fi\/sv\/registerbeskrivning\/","og_locale":"sv_SE","og_type":"article","og_title":"Trafipoint - Registerbeskrivning","og_description":"Registerbeskrivning Registerbeskrivning om den personuppgiftsansvarige i enlighet med 10 \u00a7 i personuppgiftslagen (523\/99) 1. PersonuppgiftsansvarigPersonuppgiftsansvarig: Tombcape &amp; Tippler OyE-post: info@trafipoint.fi 2. Registrets namnKundregister, trafipoint.fi och trafipoint.com 3. Syftet med behandlingen av personuppgifter (registrets anv\u00e4ndnings\u00e4ndam\u00e5l)Den personuppgiftsansvarige behandlar kundernas f\u00f6retags- och personuppgifterf\u00f6r f\u00f6ljande \u00e4ndam\u00e5l:&#8211; v\u00e5rd och utveckling av kundrelationer&#8211; marknadsf\u00f6ring av den personuppgiftsansvariges produkter och tj\u00e4nster ochdirektmarknadsf\u00f6ring, &hellip; Registerbeskrivning Read More \u00bb","og_url":"https:\/\/www.trafipoint.fi\/sv\/registerbeskrivning\/","og_site_name":"Trafipoint","article_publisher":"https:\/\/www.facebook.com\/trafipoint","twitter_card":"summary_large_image","twitter_misc":{"Ber\u00e4knad l\u00e4stid":"2 minuter"},"schema":{"@context":"https:\/\/schema.org","@graph":[{"@type":"Organization","@id":"https:\/\/www.trafipoint.fi\/sv\/#organization","name":"Trafipoint","url":"https:\/\/www.trafipoint.fi\/sv\/","sameAs":["https:\/\/www.facebook.com\/trafipoint","https:\/\/www.instagram.com\/trafipoint\/"],"logo":{"@type":"ImageObject","@id":"https:\/\/www.trafipoint.fi\/sv\/#logo","inLanguage":"sv-SE","url":"https:\/\/www.trafipoint.fi\/wp-content\/uploads\/2022\/01\/playstore.png","contentUrl":"https:\/\/www.trafipoint.fi\/wp-content\/uploads\/2022\/01\/playstore.png","width":512,"height":512,"caption":"Trafipoint"},"image":{"@id":"https:\/\/www.trafipoint.fi\/sv\/#logo"}},{"@type":"WebSite","@id":"https:\/\/www.trafipoint.fi\/sv\/#website","url":"https:\/\/www.trafipoint.fi\/sv\/","name":"Trafipoint","description":"","publisher":{"@id":"https:\/\/www.trafipoint.fi\/sv\/#organization"},"potentialAction":[{"@type":"SearchAction","target":{"@type":"EntryPoint","urlTemplate":"https:\/\/www.trafipoint.fi\/sv\/?s={search_term_string}"},"query-input":"required name=search_term_string"}],"inLanguage":"sv-SE"},{"@type":"WebPage","@id":"https:\/\/www.trafipoint.fi\/sv\/registerbeskrivning\/#webpage","url":"https:\/\/www.trafipoint.fi\/sv\/registerbeskrivning\/","name":"Trafipoint - Registerbeskrivning","isPartOf":{"@id":"https:\/\/www.trafipoint.fi\/sv\/#website"},"datePublished":"2022-01-12T13:04:27+00:00","dateModified":"2022-01-12T13:04:27+00:00","breadcrumb":{"@id":"https:\/\/www.trafipoint.fi\/sv\/registerbeskrivning\/#breadcrumb"},"inLanguage":"sv-SE","potentialAction":[{"@type":"ReadAction","target":["https:\/\/www.trafipoint.fi\/sv\/registerbeskrivning\/"]}]},{"@type":"BreadcrumbList","@id":"https:\/\/www.trafipoint.fi\/sv\/registerbeskrivning\/#breadcrumb","itemListElement":[{"@type":"ListItem","position":1,"name":"Etusivu","item":"https:\/\/www.trafipoint.fi\/sv\/flytt\/"},{"@type":"ListItem","position":2,"name":"Registerbeskrivning"}]}]}},"_links":{"self":[{"href":"https:\/\/www.trafipoint.fi\/sv\/wp-json\/wp\/v2\/pages\/2198"}],"collection":[{"href":"https:\/\/www.trafipoint.fi\/sv\/wp-json\/wp\/v2\/pages"}],"about":[{"href":"https:\/\/www.trafipoint.fi\/sv\/wp-json\/wp\/v2\/types\/page"}],"author":[{"embeddable":true,"href":"https:\/\/www.trafipoint.fi\/sv\/wp-json\/wp\/v2\/users\/1"}],"replies":[{"embeddable":true,"href":"https:\/\/www.trafipoint.fi\/sv\/wp-json\/wp\/v2\/comments?post=2198"}],"version-history":[{"count":1,"href":"https:\/\/www.trafipoint.fi\/sv\/wp-json\/wp\/v2\/pages\/2198\/revisions"}],"predecessor-version":[{"id":2199,"href":"https:\/\/www.trafipoint.fi\/sv\/wp-json\/wp\/v2\/pages\/2198\/revisions\/2199"}],"wp:attachment":[{"href":"https:\/\/www.trafipoint.fi\/sv\/wp-json\/wp\/v2\/media?parent=2198"}],"wp:term":[{"taxonomy":"post_tag","embeddable":true,"href":"https:\/\/www.trafipoint.fi\/sv\/wp-json\/wp\/v2\/tags?post=2198"}],"curies":[{"name":"wp","href":"https:\/\/api.w.org\/{rel}","templated":true}]}}