{"id":2215,"date":"2022-01-13T08:52:31","date_gmt":"2022-01-13T06:52:31","guid":{"rendered":"https:\/\/trafipoint.alinedev.fi\/info-2\/"},"modified":"2022-01-26T10:37:23","modified_gmt":"2022-01-26T08:37:23","slug":"info-2","status":"publish","type":"page","link":"https:\/\/www.trafipoint.fi\/sv\/info-2\/","title":{"rendered":"Info"},"content":{"rendered":"\t\t<div data-elementor-type=\"wp-page\" data-elementor-id=\"2215\" class=\"elementor elementor-2215 elementor-1664\" data-elementor-settings=\"[]\">\n\t\t\t\t\t\t<div class=\"elementor-inner\">\n\t\t\t\t\t\t\t<div class=\"elementor-section-wrap\">\n\t\t\t\t\t\t\t<section class=\"elementor-section elementor-top-section elementor-element elementor-element-b723112 elementor-section-boxed elementor-section-height-default elementor-section-height-default\" data-id=\"b723112\" data-element_type=\"section\">\n\t\t\t\t\t\t<div class=\"elementor-container elementor-column-gap-default\">\n\t\t\t\t\t\t\t<div class=\"elementor-row\">\n\t\t\t\t\t<div class=\"elementor-column elementor-col-100 elementor-top-column elementor-element elementor-element-70647a9\" data-id=\"70647a9\" data-element_type=\"column\">\n\t\t\t<div class=\"elementor-column-wrap elementor-element-populated\">\n\t\t\t\t\t\t\t<div class=\"elementor-widget-wrap\">\n\t\t\t\t\t\t<div class=\"elementor-element elementor-element-0d4029f elementor-widget elementor-widget-heading\" data-id=\"0d4029f\" data-element_type=\"widget\" data-widget_type=\"heading.default\">\n\t\t\t\t<div class=\"elementor-widget-container\">\n\t\t\t<h2 class=\"elementor-heading-title elementor-size-default\">Info<\/h2>\t\t<\/div>\n\t\t\t\t<\/div>\n\t\t\t\t<div class=\"elementor-element elementor-element-84c6448 elementor-widget elementor-widget-text-editor\" data-id=\"84c6448\" data-element_type=\"widget\" data-widget_type=\"text-editor.default\">\n\t\t\t\t<div class=\"elementor-widget-container\">\n\t\t\t\t\t\t\t\t<div class=\"elementor-text-editor elementor-clearfix\">\n\t\t\t\t<p><span dir=\"ltr\" role=\"presentation\">Trafipoint \u00e4r en kostnadsfri tj\u00e4nst som hj\u00e4lper dig v\u00e4lja en l\u00e4mplig <\/span><span dir=\"ltr\" role=\"presentation\">flyttj\u00e4nst bland otaliga flyttfirmor!<\/span><\/p><p><span dir=\"ltr\" role=\"presentation\">Med blanketten f\u00f6r anbudsinfordran ber\u00e4ttar du om din flytt och dina behov. <\/span><span dir=\"ltr\" role=\"presentation\">Flyttfirmor som \u00e4r intresserade av din flytt kommer att kontakta dig inom kort och <\/span><span dir=\"ltr\" role=\"presentation\">f\u00f6resl\u00e5 en passande flyttj\u00e4nst f\u00f6r dig.<br \/><\/span><strong><span dir=\"ltr\" role=\"presentation\">Det \u00e4r kostnadsfritt och <\/span> riskfritt att anv\u00e4nda Trafipoint.<\/span><\/strong><\/p>\t\t\t\t\t<\/div>\n\t\t\t\t\t\t<\/div>\n\t\t\t\t<\/div>\n\t\t\t\t\t\t<\/div>\n\t\t\t\t\t<\/div>\n\t\t<\/div>\n\t\t\t\t\t\t\t\t<\/div>\n\t\t\t\t\t<\/div>\n\t\t<\/section>\n\t\t\t\t<section class=\"elementor-section elementor-top-section elementor-element elementor-element-75f4692 elementor-section-boxed elementor-section-height-default elementor-section-height-default\" data-id=\"75f4692\" data-element_type=\"section\">\n\t\t\t\t\t\t<div class=\"elementor-container elementor-column-gap-default\">\n\t\t\t\t\t\t\t<div class=\"elementor-row\">\n\t\t\t\t\t<div class=\"elementor-column elementor-col-100 elementor-top-column elementor-element elementor-element-9a93cf1\" data-id=\"9a93cf1\" data-element_type=\"column\">\n\t\t\t<div class=\"elementor-column-wrap elementor-element-populated\">\n\t\t\t\t\t\t\t<div class=\"elementor-widget-wrap\">\n\t\t\t\t\t\t<div class=\"elementor-element elementor-element-8327932 elementor-widget elementor-widget-heading\" data-id=\"8327932\" data-element_type=\"widget\" data-widget_type=\"heading.default\">\n\t\t\t\t<div class=\"elementor-widget-container\">\n\t\t\t<h2 class=\"elementor-heading-title elementor-size-default\">Kontakta oss<\/h2>\t\t<\/div>\n\t\t\t\t<\/div>\n\t\t\t\t\t\t<\/div>\n\t\t\t\t\t<\/div>\n\t\t<\/div>\n\t\t\t\t\t\t\t\t<\/div>\n\t\t\t\t\t<\/div>\n\t\t<\/section>\n\t\t\t\t<section class=\"elementor-section elementor-top-section elementor-element elementor-element-d066e0b elementor-section-boxed elementor-section-height-default elementor-section-height-default\" data-id=\"d066e0b\" data-element_type=\"section\">\n\t\t\t\t\t\t<div class=\"elementor-container elementor-column-gap-default\">\n\t\t\t\t\t\t\t<div class=\"elementor-row\">\n\t\t\t\t\t<div class=\"elementor-column elementor-col-50 elementor-top-column elementor-element elementor-element-80e226b\" data-id=\"80e226b\" data-element_type=\"column\">\n\t\t\t<div class=\"elementor-column-wrap elementor-element-populated\">\n\t\t\t\t\t\t\t<div class=\"elementor-widget-wrap\">\n\t\t\t\t\t\t<div class=\"elementor-element elementor-element-dc20973 elementor-widget elementor-widget-text-editor\" data-id=\"dc20973\" data-element_type=\"widget\" data-widget_type=\"text-editor.default\">\n\t\t\t\t<div class=\"elementor-widget-container\">\n\t\t\t\t\t\t\t\t<div class=\"elementor-text-editor elementor-clearfix\">\n\t\t\t\t<p><span style=\"text-decoration: underline;\"><a href=\"mailto:info@trafipoint.fi\"><span style=\"font-weight: 400;\">info@trafipoint.fi<\/span><\/a><\/span><\/p>\t\t\t\t\t<\/div>\n\t\t\t\t\t\t<\/div>\n\t\t\t\t<\/div>\n\t\t\t\t\t\t<\/div>\n\t\t\t\t\t<\/div>\n\t\t<\/div>\n\t\t\t\t<div class=\"elementor-column elementor-col-50 elementor-top-column elementor-element elementor-element-6318f86\" data-id=\"6318f86\" data-element_type=\"column\">\n\t\t\t<div class=\"elementor-column-wrap elementor-element-populated\">\n\t\t\t\t\t\t\t<div class=\"elementor-widget-wrap\">\n\t\t\t\t\t\t<div class=\"elementor-element elementor-element-c8f5a54 elementor-button-align-stretch elementor-widget elementor-widget-form\" data-id=\"c8f5a54\" data-element_type=\"widget\" data-settings=\"{&quot;button_width&quot;:&quot;20&quot;,&quot;step_next_label&quot;:&quot;Next&quot;,&quot;step_previous_label&quot;:&quot;Previous&quot;,&quot;step_type&quot;:&quot;number_text&quot;,&quot;step_icon_shape&quot;:&quot;circle&quot;}\" data-widget_type=\"form.default\">\n\t\t\t\t<div class=\"elementor-widget-container\">\n\t\t\t\t\t<form class=\"elementor-form\" method=\"post\" name=\"Yhteydenottolomake\">\n\t\t\t<input type=\"hidden\" name=\"post_id\" value=\"2215\"\/>\n\t\t\t<input type=\"hidden\" name=\"form_id\" value=\"c8f5a54\"\/>\n\t\t\t<input type=\"hidden\" name=\"referer_title\" value=\"Trafipoint\" \/>\n\n\t\t\t\n\t\t\t<div class=\"elementor-form-fields-wrapper elementor-labels-above\">\n\t\t\t\t\t\t\t\t<div class=\"elementor-field-type-text elementor-field-group elementor-column elementor-field-group-nimi elementor-col-100 elementor-field-required elementor-mark-required\">\n\t\t\t\t\t<label for=\"form-field-nimi\" class=\"elementor-field-label\">Namn<\/label><input size=\"1\" type=\"text\" name=\"form_fields[nimi]\" id=\"form-field-nimi\" class=\"elementor-field elementor-size-sm  elementor-field-textual\" placeholder=\"Namn\" required=\"required\" aria-required=\"true\">\t\t\t\t<\/div>\n\t\t\t\t\t\t\t\t<div class=\"elementor-field-type-tel elementor-field-group elementor-column elementor-field-group-puhelinnumero elementor-col-100 elementor-field-required elementor-mark-required\">\n\t\t\t\t\t<label for=\"form-field-puhelinnumero\" class=\"elementor-field-label\">Telefonnummer<\/label><input size=\"1\" type=\"tel\" name=\"form_fields[puhelinnumero]\" id=\"form-field-puhelinnumero\" class=\"elementor-field elementor-size-sm  elementor-field-textual\" placeholder=\"Telefonnummer\" required=\"required\" aria-required=\"true\" pattern=\"[0-9()#&amp;+*-=.]+\" title=\"Endast siffror och telefontecken (#, -, *, etc) accepteras.\">\t\t\t\t<\/div>\n\t\t\t\t\t\t\t\t<div class=\"elementor-field-type-email elementor-field-group elementor-column elementor-field-group-sahkoposti elementor-col-100 elementor-field-required elementor-mark-required\">\n\t\t\t\t\t<label for=\"form-field-sahkoposti\" class=\"elementor-field-label\">E-post<\/label><input size=\"1\" type=\"email\" name=\"form_fields[sahkoposti]\" id=\"form-field-sahkoposti\" class=\"elementor-field elementor-size-sm  elementor-field-textual\" placeholder=\"E-post\" required=\"required\" aria-required=\"true\">\t\t\t\t<\/div>\n\t\t\t\t\t\t\t\t<div class=\"elementor-field-type-textarea elementor-field-group elementor-column elementor-field-group-viesti elementor-col-100 elementor-field-required elementor-mark-required\">\n\t\t\t\t\t<label for=\"form-field-viesti\" class=\"elementor-field-label\">Dina meddelanden<\/label><textarea class=\"elementor-field-textual elementor-field  elementor-size-sm\" name=\"form_fields[viesti]\" id=\"form-field-viesti\" rows=\"4\" placeholder=\"Dina meddelanden\" required=\"required\" aria-required=\"true\"><\/textarea>\t\t\t\t<\/div>\n\t\t\t\t\t\t\t\t<div class=\"elementor-field-type-recaptcha_v3 elementor-field-group elementor-column elementor-field-group-field_7238878 elementor-col-100 recaptcha_v3-bottomright\">\n\t\t\t\t\t<div class=\"elementor-field\" id=\"form-field-field_7238878\"><div class=\"elementor-g-recaptcha\" data-sitekey=\"6Lfd9DMeAAAAAPOyiFlDsHGj5_XCD419kDqIIING\" data-type=\"v3\" data-action=\"Form\" data-badge=\"bottomright\" data-size=\"invisible\"><\/div><\/div>\t\t\t\t<\/div>\n\t\t\t\t\t\t\t\t<div class=\"elementor-field-group elementor-column elementor-field-type-submit elementor-col-20 e-form__buttons\">\n\t\t\t\t\t<button type=\"submit\" class=\"elementor-button elementor-size-sm\">\n\t\t\t\t\t\t<span >\n\t\t\t\t\t\t\t\t\t\t\t\t\t\t\t<span class=\" elementor-button-icon\">\n\t\t\t\t\t\t\t\t\t\t\t\t\t\t\t\t\t\t\t\t\t\t\t\t\t\t<\/span>\n\t\t\t\t\t\t\t\t\t\t\t\t\t\t\t\t\t\t\t\t\t\t<span class=\"elementor-button-text\">Skicka<\/span>\n\t\t\t\t\t\t\t\t\t\t\t\t\t<\/span>\n\t\t\t\t\t<\/button>\n\t\t\t\t<\/div>\n\t\t\t<\/div>\n\t\t<\/form>\n\t\t\t\t<\/div>\n\t\t\t\t<\/div>\n\t\t\t\t\t\t<\/div>\n\t\t\t\t\t<\/div>\n\t\t<\/div>\n\t\t\t\t\t\t\t\t<\/div>\n\t\t\t\t\t<\/div>\n\t\t<\/section>\n\t\t\t\t<section class=\"elementor-section elementor-top-section elementor-element elementor-element-e772699 elementor-section-boxed elementor-section-height-default elementor-section-height-default\" data-id=\"e772699\" data-element_type=\"section\">\n\t\t\t\t\t\t<div class=\"elementor-container elementor-column-gap-default\">\n\t\t\t\t\t\t\t<div class=\"elementor-row\">\n\t\t\t\t\t<div class=\"elementor-column elementor-col-100 elementor-top-column elementor-element elementor-element-8978535\" data-id=\"8978535\" data-element_type=\"column\">\n\t\t\t<div class=\"elementor-column-wrap\">\n\t\t\t\t\t\t\t<div class=\"elementor-widget-wrap\">\n\t\t\t\t\t\t\t\t<\/div>\n\t\t\t\t\t<\/div>\n\t\t<\/div>\n\t\t\t\t\t\t\t\t<\/div>\n\t\t\t\t\t<\/div>\n\t\t<\/section>\n\t\t\t\t\t\t<\/div>\n\t\t\t\t\t\t<\/div>\n\t\t\t\t\t<\/div>\n\t\t","protected":false},"excerpt":{"rendered":"<p>Info Trafipoint \u00e4r en kostnadsfri tj\u00e4nst som hj\u00e4lper dig v\u00e4lja en l\u00e4mplig flyttj\u00e4nst bland otaliga flyttfirmor! Med blanketten f\u00f6r anbudsinfordran ber\u00e4ttar du om din flytt och dina behov. Flyttfirmor som \u00e4r intresserade av din flytt kommer att kontakta dig inom kort och f\u00f6resl\u00e5 en passande flyttj\u00e4nst f\u00f6r dig.Det \u00e4r kostnadsfritt och riskfritt att anv\u00e4nda Trafipoint. &hellip;<\/p>\n<p class=\"read-more\"> <a class=\"\" href=\"https:\/\/www.trafipoint.fi\/sv\/info-2\/\"> <span class=\"screen-reader-text\">Info<\/span> Read More \u00bb<\/a><\/p>\n","protected":false},"author":1,"featured_media":0,"parent":0,"menu_order":0,"comment_status":"closed","ping_status":"closed","template":"","meta":[],"tags":[],"yoast_head":"<!-- This site is optimized with the Yoast SEO plugin v17.0 - https:\/\/yoast.com\/wordpress\/plugins\/seo\/ -->\n<title>Trafipoint - Info<\/title>\n<meta name=\"robots\" content=\"index, follow, max-snippet:-1, max-image-preview:large, max-video-preview:-1\" \/>\n<link rel=\"canonical\" href=\"https:\/\/www.trafipoint.fi\/info\/\" \/>\n<meta property=\"og:locale\" content=\"sv_SE\" \/>\n<meta property=\"og:type\" content=\"article\" \/>\n<meta property=\"og:title\" content=\"Trafipoint - Info\" \/>\n<meta property=\"og:description\" content=\"Info Trafipoint \u00e4r en kostnadsfri tj\u00e4nst som hj\u00e4lper dig v\u00e4lja en l\u00e4mplig flyttj\u00e4nst bland otaliga flyttfirmor! Med blanketten f\u00f6r anbudsinfordran ber\u00e4ttar du om din flytt och dina behov. Flyttfirmor som \u00e4r intresserade av din flytt kommer att kontakta dig inom kort och f\u00f6resl\u00e5 en passande flyttj\u00e4nst f\u00f6r dig.Det \u00e4r kostnadsfritt och riskfritt att anv\u00e4nda Trafipoint. &hellip; Info Read More \u00bb\" \/>\n<meta property=\"og:url\" content=\"https:\/\/www.trafipoint.fi\/info\/\" \/>\n<meta property=\"og:site_name\" content=\"Trafipoint\" \/>\n<meta property=\"article:publisher\" content=\"https:\/\/www.facebook.com\/trafipoint\" \/>\n<meta property=\"article:modified_time\" content=\"2022-01-26T08:37:23+00:00\" \/>\n<meta name=\"twitter:card\" content=\"summary_large_image\" \/>\n<meta name=\"twitter:label1\" content=\"Ber\u00e4knad l\u00e4stid\" \/>\n\t<meta name=\"twitter:data1\" content=\"1 minut\" \/>\n<script type=\"application\/ld+json\" class=\"yoast-schema-graph\">{\"@context\":\"https:\/\/schema.org\",\"@graph\":[{\"@type\":\"Organization\",\"@id\":\"https:\/\/www.trafipoint.fi\/sv\/#organization\",\"name\":\"Trafipoint\",\"url\":\"https:\/\/www.trafipoint.fi\/sv\/\",\"sameAs\":[\"https:\/\/www.facebook.com\/trafipoint\",\"https:\/\/www.instagram.com\/trafipoint\/\"],\"logo\":{\"@type\":\"ImageObject\",\"@id\":\"https:\/\/www.trafipoint.fi\/sv\/#logo\",\"inLanguage\":\"sv-SE\",\"url\":\"https:\/\/www.trafipoint.fi\/wp-content\/uploads\/2022\/01\/playstore.png\",\"contentUrl\":\"https:\/\/www.trafipoint.fi\/wp-content\/uploads\/2022\/01\/playstore.png\",\"width\":512,\"height\":512,\"caption\":\"Trafipoint\"},\"image\":{\"@id\":\"https:\/\/www.trafipoint.fi\/sv\/#logo\"}},{\"@type\":\"WebSite\",\"@id\":\"https:\/\/www.trafipoint.fi\/sv\/#website\",\"url\":\"https:\/\/www.trafipoint.fi\/sv\/\",\"name\":\"Trafipoint\",\"description\":\"\",\"publisher\":{\"@id\":\"https:\/\/www.trafipoint.fi\/sv\/#organization\"},\"potentialAction\":[{\"@type\":\"SearchAction\",\"target\":{\"@type\":\"EntryPoint\",\"urlTemplate\":\"https:\/\/www.trafipoint.fi\/sv\/?s={search_term_string}\"},\"query-input\":\"required name=search_term_string\"}],\"inLanguage\":\"sv-SE\"},{\"@type\":\"WebPage\",\"@id\":\"https:\/\/www.trafipoint.fi\/info\/#webpage\",\"url\":\"https:\/\/www.trafipoint.fi\/info\/\",\"name\":\"Trafipoint - Info\",\"isPartOf\":{\"@id\":\"https:\/\/www.trafipoint.fi\/sv\/#website\"},\"datePublished\":\"2022-01-13T06:52:31+00:00\",\"dateModified\":\"2022-01-26T08:37:23+00:00\",\"breadcrumb\":{\"@id\":\"https:\/\/www.trafipoint.fi\/info\/#breadcrumb\"},\"inLanguage\":\"sv-SE\",\"potentialAction\":[{\"@type\":\"ReadAction\",\"target\":[\"https:\/\/www.trafipoint.fi\/info\/\"]}]},{\"@type\":\"BreadcrumbList\",\"@id\":\"https:\/\/www.trafipoint.fi\/info\/#breadcrumb\",\"itemListElement\":[{\"@type\":\"ListItem\",\"position\":1,\"name\":\"Etusivu\",\"item\":\"https:\/\/www.trafipoint.fi\/sv\/flytt\/\"},{\"@type\":\"ListItem\",\"position\":2,\"name\":\"Info\"}]}]}<\/script>\n<!-- \/ Yoast SEO plugin. -->","yoast_head_json":{"title":"Trafipoint - Info","robots":{"index":"index","follow":"follow","max-snippet":"max-snippet:-1","max-image-preview":"max-image-preview:large","max-video-preview":"max-video-preview:-1"},"canonical":"https:\/\/www.trafipoint.fi\/info\/","og_locale":"sv_SE","og_type":"article","og_title":"Trafipoint - Info","og_description":"Info Trafipoint \u00e4r en kostnadsfri tj\u00e4nst som hj\u00e4lper dig v\u00e4lja en l\u00e4mplig flyttj\u00e4nst bland otaliga flyttfirmor! Med blanketten f\u00f6r anbudsinfordran ber\u00e4ttar du om din flytt och dina behov. Flyttfirmor som \u00e4r intresserade av din flytt kommer att kontakta dig inom kort och f\u00f6resl\u00e5 en passande flyttj\u00e4nst f\u00f6r dig.Det \u00e4r kostnadsfritt och riskfritt att anv\u00e4nda Trafipoint. &hellip; Info Read More \u00bb","og_url":"https:\/\/www.trafipoint.fi\/info\/","og_site_name":"Trafipoint","article_publisher":"https:\/\/www.facebook.com\/trafipoint","article_modified_time":"2022-01-26T08:37:23+00:00","twitter_card":"summary_large_image","twitter_misc":{"Ber\u00e4knad l\u00e4stid":"1 minut"},"schema":{"@context":"https:\/\/schema.org","@graph":[{"@type":"Organization","@id":"https:\/\/www.trafipoint.fi\/sv\/#organization","name":"Trafipoint","url":"https:\/\/www.trafipoint.fi\/sv\/","sameAs":["https:\/\/www.facebook.com\/trafipoint","https:\/\/www.instagram.com\/trafipoint\/"],"logo":{"@type":"ImageObject","@id":"https:\/\/www.trafipoint.fi\/sv\/#logo","inLanguage":"sv-SE","url":"https:\/\/www.trafipoint.fi\/wp-content\/uploads\/2022\/01\/playstore.png","contentUrl":"https:\/\/www.trafipoint.fi\/wp-content\/uploads\/2022\/01\/playstore.png","width":512,"height":512,"caption":"Trafipoint"},"image":{"@id":"https:\/\/www.trafipoint.fi\/sv\/#logo"}},{"@type":"WebSite","@id":"https:\/\/www.trafipoint.fi\/sv\/#website","url":"https:\/\/www.trafipoint.fi\/sv\/","name":"Trafipoint","description":"","publisher":{"@id":"https:\/\/www.trafipoint.fi\/sv\/#organization"},"potentialAction":[{"@type":"SearchAction","target":{"@type":"EntryPoint","urlTemplate":"https:\/\/www.trafipoint.fi\/sv\/?s={search_term_string}"},"query-input":"required name=search_term_string"}],"inLanguage":"sv-SE"},{"@type":"WebPage","@id":"https:\/\/www.trafipoint.fi\/info\/#webpage","url":"https:\/\/www.trafipoint.fi\/info\/","name":"Trafipoint - Info","isPartOf":{"@id":"https:\/\/www.trafipoint.fi\/sv\/#website"},"datePublished":"2022-01-13T06:52:31+00:00","dateModified":"2022-01-26T08:37:23+00:00","breadcrumb":{"@id":"https:\/\/www.trafipoint.fi\/info\/#breadcrumb"},"inLanguage":"sv-SE","potentialAction":[{"@type":"ReadAction","target":["https:\/\/www.trafipoint.fi\/info\/"]}]},{"@type":"BreadcrumbList","@id":"https:\/\/www.trafipoint.fi\/info\/#breadcrumb","itemListElement":[{"@type":"ListItem","position":1,"name":"Etusivu","item":"https:\/\/www.trafipoint.fi\/sv\/flytt\/"},{"@type":"ListItem","position":2,"name":"Info"}]}]}},"_links":{"self":[{"href":"https:\/\/www.trafipoint.fi\/sv\/wp-json\/wp\/v2\/pages\/2215"}],"collection":[{"href":"https:\/\/www.trafipoint.fi\/sv\/wp-json\/wp\/v2\/pages"}],"about":[{"href":"https:\/\/www.trafipoint.fi\/sv\/wp-json\/wp\/v2\/types\/page"}],"author":[{"embeddable":true,"href":"https:\/\/www.trafipoint.fi\/sv\/wp-json\/wp\/v2\/users\/1"}],"replies":[{"embeddable":true,"href":"https:\/\/www.trafipoint.fi\/sv\/wp-json\/wp\/v2\/comments?post=2215"}],"version-history":[{"count":10,"href":"https:\/\/www.trafipoint.fi\/sv\/wp-json\/wp\/v2\/pages\/2215\/revisions"}],"predecessor-version":[{"id":2779,"href":"https:\/\/www.trafipoint.fi\/sv\/wp-json\/wp\/v2\/pages\/2215\/revisions\/2779"}],"wp:attachment":[{"href":"https:\/\/www.trafipoint.fi\/sv\/wp-json\/wp\/v2\/media?parent=2215"}],"wp:term":[{"taxonomy":"post_tag","embeddable":true,"href":"https:\/\/www.trafipoint.fi\/sv\/wp-json\/wp\/v2\/tags?post=2215"}],"curies":[{"name":"wp","href":"https:\/\/api.w.org\/{rel}","templated":true}]}}