{"id":2258,"date":"2021-09-14T14:50:00","date_gmt":"2021-09-14T11:50:00","guid":{"rendered":"https:\/\/trafipoint.alinedev.fi\/muutto-ohjeet\/"},"modified":"2022-01-25T10:05:57","modified_gmt":"2022-01-25T08:05:57","slug":"anvisningar-for-flytt","status":"publish","type":"page","link":"https:\/\/www.trafipoint.fi\/sv\/anvisningar-for-flytt\/","title":{"rendered":"Anvisningar f\u00f6r flytt"},"content":{"rendered":"\t\t<div data-elementor-type=\"wp-page\" data-elementor-id=\"2258\" class=\"elementor elementor-2258 elementor-775\" data-elementor-settings=\"[]\">\n\t\t\t\t\t\t<div class=\"elementor-inner\">\n\t\t\t\t\t\t\t<div class=\"elementor-section-wrap\">\n\t\t\t\t\t\t\t<section class=\"elementor-section elementor-top-section elementor-element elementor-element-8a46adb elementor-section-boxed elementor-section-height-default elementor-section-height-default\" data-id=\"8a46adb\" data-element_type=\"section\">\n\t\t\t\t\t\t<div class=\"elementor-container elementor-column-gap-default\">\n\t\t\t\t\t\t\t<div class=\"elementor-row\">\n\t\t\t\t\t<div class=\"elementor-column elementor-col-100 elementor-top-column elementor-element elementor-element-bedceaa\" data-id=\"bedceaa\" data-element_type=\"column\">\n\t\t\t<div class=\"elementor-column-wrap elementor-element-populated\">\n\t\t\t\t\t\t\t<div class=\"elementor-widget-wrap\">\n\t\t\t\t\t\t<div class=\"elementor-element elementor-element-dc0b467 elementor-widget elementor-widget-heading\" data-id=\"dc0b467\" data-element_type=\"widget\" data-widget_type=\"heading.default\">\n\t\t\t\t<div class=\"elementor-widget-container\">\n\t\t\t<h1 class=\"elementor-heading-title elementor-size-default\">Anvisningar f\u00f6r flytt<\/h1>\t\t<\/div>\n\t\t\t\t<\/div>\n\t\t\t\t\t\t<\/div>\n\t\t\t\t\t<\/div>\n\t\t<\/div>\n\t\t\t\t\t\t\t\t<\/div>\n\t\t\t\t\t<\/div>\n\t\t<\/section>\n\t\t\t\t<section class=\"elementor-section elementor-top-section elementor-element elementor-element-053d856 elementor-section-boxed elementor-section-height-default elementor-section-height-default\" data-id=\"053d856\" data-element_type=\"section\">\n\t\t\t\t\t\t<div class=\"elementor-container elementor-column-gap-default\">\n\t\t\t\t\t\t\t<div class=\"elementor-row\">\n\t\t\t\t\t<div class=\"elementor-column elementor-col-100 elementor-top-column elementor-element elementor-element-b125fcf\" data-id=\"b125fcf\" data-element_type=\"column\">\n\t\t\t<div class=\"elementor-column-wrap elementor-element-populated\">\n\t\t\t\t\t\t\t<div class=\"elementor-widget-wrap\">\n\t\t\t\t\t\t<div class=\"elementor-element elementor-element-7203221 elementor-widget elementor-widget-text-editor\" data-id=\"7203221\" data-element_type=\"widget\" data-widget_type=\"text-editor.default\">\n\t\t\t\t<div class=\"elementor-widget-container\">\n\t\t\t\t\t\t\t\t<div class=\"elementor-text-editor elementor-clearfix\">\n\t\t\t\t<div data-type=\"memsource_elementor_data\" data-id=\"7203221\" data-key=\"editor\"><p><span dir=\"ltr\" role=\"presentation\">Trafipoint har uppr\u00e4ttat en checklista f\u00f6r flyttning s\u00e5 att din flytt ska g\u00e5<\/span><br role=\"presentation\" \/><span dir=\"ltr\" role=\"presentation\">s\u00e5 smidigt som m\u00f6jligt.<\/span><\/p><\/div>\t\t\t\t\t<\/div>\n\t\t\t\t\t\t<\/div>\n\t\t\t\t<\/div>\n\t\t\t\t\t\t<\/div>\n\t\t\t\t\t<\/div>\n\t\t<\/div>\n\t\t\t\t\t\t\t\t<\/div>\n\t\t\t\t\t<\/div>\n\t\t<\/section>\n\t\t\t\t<section class=\"elementor-section elementor-top-section elementor-element elementor-element-c764b98 elementor-section-boxed elementor-section-height-default elementor-section-height-default\" data-id=\"c764b98\" data-element_type=\"section\">\n\t\t\t\t\t\t<div class=\"elementor-container elementor-column-gap-default\">\n\t\t\t\t\t\t\t<div class=\"elementor-row\">\n\t\t\t\t\t<div class=\"elementor-column elementor-col-50 elementor-top-column elementor-element elementor-element-88cb07b\" data-id=\"88cb07b\" data-element_type=\"column\">\n\t\t\t<div class=\"elementor-column-wrap elementor-element-populated\">\n\t\t\t\t\t\t\t<div class=\"elementor-widget-wrap\">\n\t\t\t\t\t\t<div class=\"elementor-element elementor-element-07116ff elementor-widget elementor-widget-text-editor\" data-id=\"07116ff\" data-element_type=\"widget\" data-widget_type=\"text-editor.default\">\n\t\t\t\t<div class=\"elementor-widget-container\">\n\t\t\t\t\t\t\t\t<div class=\"elementor-text-editor elementor-clearfix\">\n\t\t\t\t<h6>En m\u00e5nad f\u00f6re flytten<\/h6><p>Det \u00e4r bra att b\u00f6rja f\u00f6rbereda flytten i god tid. Best\u00e4m dig f\u00f6r flyttidpunkten och hur du flyttar: ska du sk\u00f6ta flytten sj\u00e4lv eller beh\u00f6ver du hj\u00e4lp? Konkurrensuts\u00e4tt flyttj\u00e4nsten vid behov eller skaffa flyttl\u00e5dor. G\u00f6r dig av med saker som du inte l\u00e4ngre beh\u00f6ver och g\u00e5 igenom f\u00f6rvaringsutrymmena s\u00e5som f\u00f6rr\u00e5d, vinden och k\u00e4llaren. Var noga med adress\u00e4ndringarna och avsluta avtal eller flytta dem till den nya adressen. Om du har barn, ta reda p\u00e5 daghem och skolor i ditt kommande bostadsomr\u00e5de och anm\u00e4l barnen till ett nytt daghem och\/eller en ny skola.<\/p><p>Rekommenderat antal flyttkarlar:<br role=\"presentation\" \/>1\u20132 r+k \/ 2\u20134 flyttkarlar<br role=\"presentation\" \/>3\u20134 r+k \/ 3\u20135 flyttkarlar<br role=\"presentation\" \/>mer \u00e4n 5 r \/ 4\u20137 flyttkarlar<\/p>\t\t\t\t\t<\/div>\n\t\t\t\t\t\t<\/div>\n\t\t\t\t<\/div>\n\t\t\t\t\t\t<\/div>\n\t\t\t\t\t<\/div>\n\t\t<\/div>\n\t\t\t\t<div class=\"elementor-column elementor-col-50 elementor-top-column elementor-element elementor-element-db68307\" data-id=\"db68307\" data-element_type=\"column\">\n\t\t\t<div class=\"elementor-column-wrap elementor-element-populated\">\n\t\t\t\t\t\t\t<div class=\"elementor-widget-wrap\">\n\t\t\t\t\t\t<div class=\"elementor-element elementor-element-ce0bbf1 elementor-widget elementor-widget-text-editor\" data-id=\"ce0bbf1\" data-element_type=\"widget\" data-widget_type=\"text-editor.default\">\n\t\t\t\t<div class=\"elementor-widget-container\">\n\t\t\t\t\t\t\t\t<div class=\"elementor-text-editor elementor-clearfix\">\n\t\t\t\t<h6>En vecka f\u00f6re flytten<\/h6><div data-type=\"memsource_elementor_data\" data-id=\"ce0bbf1\" data-key=\"editor\"><p><span dir=\"ltr\" role=\"presentation\">Anm\u00e4l adress\u00e4ndringen senast nu till alla parter som beh\u00f6ver veta din nya adress och g\u00f6r en flyttanm\u00e4lan p\u00e5 Posten. B\u00f6rja packa: ta ner de besv\u00e4rligaste f\u00f6rem\u00e5len i god tid, till exempel tunga speglar, tavlor och m\u00f6bler som \u00e4r fastmonterade i v\u00e4ggen.<\/span><\/p><\/div>\t\t\t\t\t<\/div>\n\t\t\t\t\t\t<\/div>\n\t\t\t\t<\/div>\n\t\t\t\t\t\t<\/div>\n\t\t\t\t\t<\/div>\n\t\t<\/div>\n\t\t\t\t\t\t\t\t<\/div>\n\t\t\t\t\t<\/div>\n\t\t<\/section>\n\t\t\t\t<section class=\"elementor-section elementor-top-section elementor-element elementor-element-f245f8f elementor-section-boxed elementor-section-height-default elementor-section-height-default\" data-id=\"f245f8f\" data-element_type=\"section\">\n\t\t\t\t\t\t<div class=\"elementor-container elementor-column-gap-default\">\n\t\t\t\t\t\t\t<div class=\"elementor-row\">\n\t\t\t\t\t<div class=\"elementor-column elementor-col-50 elementor-top-column elementor-element elementor-element-e42d6ed\" data-id=\"e42d6ed\" data-element_type=\"column\">\n\t\t\t<div class=\"elementor-column-wrap elementor-element-populated\">\n\t\t\t\t\t\t\t<div class=\"elementor-widget-wrap\">\n\t\t\t\t\t\t<div class=\"elementor-element elementor-element-6e5e073 elementor-widget elementor-widget-text-editor\" data-id=\"6e5e073\" data-element_type=\"widget\" data-widget_type=\"text-editor.default\">\n\t\t\t\t<div class=\"elementor-widget-container\">\n\t\t\t\t\t\t\t\t<div class=\"elementor-text-editor elementor-clearfix\">\n\t\t\t\t<h6>Flyttdagen<\/h6><p><span dir=\"ltr\" role=\"presentation\">F\u00f6rs\u00e4kra dig om att den gamla och den nya bostaden har skyddats adekvat under flytten.\u00a0<\/span><span dir=\"ltr\" role=\"presentation\">F\u00f6r att flytten ska g\u00e5 smidigt \u00e4r det viktigt att bohaget har packats p\u00e5 r\u00e4tt s\u00e4tt och att det finns<\/span>\u00a0<span dir=\"ltr\" role=\"presentation\">tillr\u00e4ckligt med hj\u00e4lp p\u00e5 plats.\u00a0<\/span><span dir=\"ltr\" role=\"presentation\">Om du har konkurrensutsatt flyttj\u00e4nsten, sk\u00f6ter flyttj\u00e4nsten <\/span><span dir=\"ltr\" role=\"presentation\">professionellt alla eller endast den del som du \u00f6nskar av de uppgifter som ing\u00e5r i\u00a0<\/span><span dir=\"ltr\" role=\"presentation\">flytten.<\/span><br role=\"presentation\" \/><span dir=\"ltr\" role=\"presentation\">Genomf\u00f6r flyttst\u00e4dningen och meddela det nya husbolaget om din flytt.<\/span><\/p>\t\t\t\t\t<\/div>\n\t\t\t\t\t\t<\/div>\n\t\t\t\t<\/div>\n\t\t\t\t\t\t<\/div>\n\t\t\t\t\t<\/div>\n\t\t<\/div>\n\t\t\t\t<div class=\"elementor-column elementor-col-50 elementor-top-column elementor-element elementor-element-df4e366\" data-id=\"df4e366\" data-element_type=\"column\">\n\t\t\t<div class=\"elementor-column-wrap elementor-element-populated\">\n\t\t\t\t\t\t\t<div class=\"elementor-widget-wrap\">\n\t\t\t\t\t\t<div class=\"elementor-element elementor-element-8ebfbd9 elementor-widget elementor-widget-text-editor\" data-id=\"8ebfbd9\" data-element_type=\"widget\" data-widget_type=\"text-editor.default\">\n\t\t\t\t<div class=\"elementor-widget-container\">\n\t\t\t\t\t\t\t\t<div class=\"elementor-text-editor elementor-clearfix\">\n\t\t\t\t<h6>Annat att komma ih\u00e5g:<\/h6><div class=\"p-pdf_iframe__page\" aria-label=\"Page 3\" data-page-number=\"3\"><div class=\"textLayer\"><span dir=\"ltr\" role=\"presentation\">L\u00e4mna tillbaka nycklarna till din gamla bostad till disponenten eller bostads\u00e4garen n\u00e4r du flyttar\u00a0<\/span><span dir=\"ltr\" role=\"presentation\">ut. F\u00f6rs\u00e4kra dig om att du inte har tappat bort n\u00e5gra nycklar, eftersom det kan bli dyrt att byta\u00a0<\/span><span dir=\"ltr\" role=\"presentation\">l\u00e5scylinder.\u00a0<\/span><span dir=\"ltr\" role=\"presentation\">L\u00e4mna dina kontaktuppgifter till den nya innehavaren av den gamla l\u00e4genheten eftersom du fortfarande kan f\u00e5 post till din gamla adress.\u00a0<\/span><span dir=\"ltr\" role=\"presentation\">Meddela disponenten eller husbolaget att du flyttar ut<\/span><\/div><\/div>\t\t\t\t\t<\/div>\n\t\t\t\t\t\t<\/div>\n\t\t\t\t<\/div>\n\t\t\t\t\t\t<\/div>\n\t\t\t\t\t<\/div>\n\t\t<\/div>\n\t\t\t\t\t\t\t\t<\/div>\n\t\t\t\t\t<\/div>\n\t\t<\/section>\n\t\t\t\t<section class=\"elementor-section elementor-top-section elementor-element elementor-element-bcbded3 elementor-section-boxed elementor-section-height-default elementor-section-height-default\" data-id=\"bcbded3\" data-element_type=\"section\">\n\t\t\t\t\t\t<div class=\"elementor-container elementor-column-gap-default\">\n\t\t\t\t\t\t\t<div class=\"elementor-row\">\n\t\t\t\t\t<div class=\"elementor-column elementor-col-100 elementor-top-column elementor-element elementor-element-d6a08c2\" data-id=\"d6a08c2\" data-element_type=\"column\">\n\t\t\t<div class=\"elementor-column-wrap\">\n\t\t\t\t\t\t\t<div class=\"elementor-widget-wrap\">\n\t\t\t\t\t\t\t\t<\/div>\n\t\t\t\t\t<\/div>\n\t\t<\/div>\n\t\t\t\t\t\t\t\t<\/div>\n\t\t\t\t\t<\/div>\n\t\t<\/section>\n\t\t\t\t\t\t<\/div>\n\t\t\t\t\t\t<\/div>\n\t\t\t\t\t<\/div>\n\t\t","protected":false},"excerpt":{"rendered":"<p>Anvisningar f\u00f6r flytt Trafipoint har uppr\u00e4ttat en checklista f\u00f6r flyttning s\u00e5 att din flytt ska g\u00e5s\u00e5 smidigt som m\u00f6jligt. En m\u00e5nad f\u00f6re flytten Det \u00e4r bra att b\u00f6rja f\u00f6rbereda flytten i god tid. Best\u00e4m dig f\u00f6r flyttidpunkten och hur du flyttar: ska du sk\u00f6ta flytten sj\u00e4lv eller beh\u00f6ver du hj\u00e4lp? Konkurrensuts\u00e4tt flyttj\u00e4nsten vid behov eller &hellip;<\/p>\n<p class=\"read-more\"> <a class=\"\" href=\"https:\/\/www.trafipoint.fi\/sv\/anvisningar-for-flytt\/\"> <span class=\"screen-reader-text\">Anvisningar f\u00f6r flytt<\/span> Read More \u00bb<\/a><\/p>\n","protected":false},"author":2,"featured_media":0,"parent":0,"menu_order":0,"comment_status":"closed","ping_status":"closed","template":"","meta":[],"tags":[33],"yoast_head":"<!-- This site is optimized with the Yoast SEO plugin v17.0 - https:\/\/yoast.com\/wordpress\/plugins\/seo\/ -->\n<title>Trafipoint - Anvisningar f\u00f6r flytt<\/title>\n<meta name=\"robots\" content=\"index, follow, max-snippet:-1, max-image-preview:large, max-video-preview:-1\" \/>\n<link rel=\"canonical\" href=\"https:\/\/www.trafipoint.fi\/sv\/anvisningar-for-flytt\/\" \/>\n<meta property=\"og:locale\" content=\"sv_SE\" \/>\n<meta property=\"og:type\" content=\"article\" \/>\n<meta property=\"og:title\" content=\"Trafipoint - Anvisningar f\u00f6r flytt\" \/>\n<meta property=\"og:description\" content=\"Anvisningar f\u00f6r flytt Trafipoint har uppr\u00e4ttat en checklista f\u00f6r flyttning s\u00e5 att din flytt ska g\u00e5s\u00e5 smidigt som m\u00f6jligt. En m\u00e5nad f\u00f6re flytten Det \u00e4r bra att b\u00f6rja f\u00f6rbereda flytten i god tid. Best\u00e4m dig f\u00f6r flyttidpunkten och hur du flyttar: ska du sk\u00f6ta flytten sj\u00e4lv eller beh\u00f6ver du hj\u00e4lp? Konkurrensuts\u00e4tt flyttj\u00e4nsten vid behov eller &hellip; Anvisningar f\u00f6r flytt Read More \u00bb\" \/>\n<meta property=\"og:url\" content=\"https:\/\/www.trafipoint.fi\/sv\/anvisningar-for-flytt\/\" \/>\n<meta property=\"og:site_name\" content=\"Trafipoint\" \/>\n<meta property=\"article:publisher\" content=\"https:\/\/www.facebook.com\/trafipoint\" \/>\n<meta property=\"article:modified_time\" content=\"2022-01-25T08:05:57+00:00\" \/>\n<meta name=\"twitter:card\" content=\"summary_large_image\" \/>\n<meta name=\"twitter:label1\" content=\"Ber\u00e4knad l\u00e4stid\" \/>\n\t<meta name=\"twitter:data1\" content=\"2 minuter\" \/>\n<script type=\"application\/ld+json\" class=\"yoast-schema-graph\">{\"@context\":\"https:\/\/schema.org\",\"@graph\":[{\"@type\":\"Organization\",\"@id\":\"https:\/\/www.trafipoint.fi\/sv\/#organization\",\"name\":\"Trafipoint\",\"url\":\"https:\/\/www.trafipoint.fi\/sv\/\",\"sameAs\":[\"https:\/\/www.facebook.com\/trafipoint\",\"https:\/\/www.instagram.com\/trafipoint\/\"],\"logo\":{\"@type\":\"ImageObject\",\"@id\":\"https:\/\/www.trafipoint.fi\/sv\/#logo\",\"inLanguage\":\"sv-SE\",\"url\":\"https:\/\/www.trafipoint.fi\/wp-content\/uploads\/2022\/01\/playstore.png\",\"contentUrl\":\"https:\/\/www.trafipoint.fi\/wp-content\/uploads\/2022\/01\/playstore.png\",\"width\":512,\"height\":512,\"caption\":\"Trafipoint\"},\"image\":{\"@id\":\"https:\/\/www.trafipoint.fi\/sv\/#logo\"}},{\"@type\":\"WebSite\",\"@id\":\"https:\/\/www.trafipoint.fi\/sv\/#website\",\"url\":\"https:\/\/www.trafipoint.fi\/sv\/\",\"name\":\"Trafipoint\",\"description\":\"\",\"publisher\":{\"@id\":\"https:\/\/www.trafipoint.fi\/sv\/#organization\"},\"potentialAction\":[{\"@type\":\"SearchAction\",\"target\":{\"@type\":\"EntryPoint\",\"urlTemplate\":\"https:\/\/www.trafipoint.fi\/sv\/?s={search_term_string}\"},\"query-input\":\"required name=search_term_string\"}],\"inLanguage\":\"sv-SE\"},{\"@type\":\"WebPage\",\"@id\":\"https:\/\/www.trafipoint.fi\/sv\/anvisningar-for-flytt\/#webpage\",\"url\":\"https:\/\/www.trafipoint.fi\/sv\/anvisningar-for-flytt\/\",\"name\":\"Trafipoint - Anvisningar f\\u00f6r flytt\",\"isPartOf\":{\"@id\":\"https:\/\/www.trafipoint.fi\/sv\/#website\"},\"datePublished\":\"2021-09-14T11:50:00+00:00\",\"dateModified\":\"2022-01-25T08:05:57+00:00\",\"breadcrumb\":{\"@id\":\"https:\/\/www.trafipoint.fi\/sv\/anvisningar-for-flytt\/#breadcrumb\"},\"inLanguage\":\"sv-SE\",\"potentialAction\":[{\"@type\":\"ReadAction\",\"target\":[\"https:\/\/www.trafipoint.fi\/sv\/anvisningar-for-flytt\/\"]}]},{\"@type\":\"BreadcrumbList\",\"@id\":\"https:\/\/www.trafipoint.fi\/sv\/anvisningar-for-flytt\/#breadcrumb\",\"itemListElement\":[{\"@type\":\"ListItem\",\"position\":1,\"name\":\"Etusivu\",\"item\":\"https:\/\/www.trafipoint.fi\/sv\/flytt\/\"},{\"@type\":\"ListItem\",\"position\":2,\"name\":\"Anvisningar f\\u00f6r flytt\"}]}]}<\/script>\n<!-- \/ Yoast SEO plugin. -->","yoast_head_json":{"title":"Trafipoint - Anvisningar f\u00f6r flytt","robots":{"index":"index","follow":"follow","max-snippet":"max-snippet:-1","max-image-preview":"max-image-preview:large","max-video-preview":"max-video-preview:-1"},"canonical":"https:\/\/www.trafipoint.fi\/sv\/anvisningar-for-flytt\/","og_locale":"sv_SE","og_type":"article","og_title":"Trafipoint - Anvisningar f\u00f6r flytt","og_description":"Anvisningar f\u00f6r flytt Trafipoint har uppr\u00e4ttat en checklista f\u00f6r flyttning s\u00e5 att din flytt ska g\u00e5s\u00e5 smidigt som m\u00f6jligt. En m\u00e5nad f\u00f6re flytten Det \u00e4r bra att b\u00f6rja f\u00f6rbereda flytten i god tid. Best\u00e4m dig f\u00f6r flyttidpunkten och hur du flyttar: ska du sk\u00f6ta flytten sj\u00e4lv eller beh\u00f6ver du hj\u00e4lp? Konkurrensuts\u00e4tt flyttj\u00e4nsten vid behov eller &hellip; Anvisningar f\u00f6r flytt Read More \u00bb","og_url":"https:\/\/www.trafipoint.fi\/sv\/anvisningar-for-flytt\/","og_site_name":"Trafipoint","article_publisher":"https:\/\/www.facebook.com\/trafipoint","article_modified_time":"2022-01-25T08:05:57+00:00","twitter_card":"summary_large_image","twitter_misc":{"Ber\u00e4knad l\u00e4stid":"2 minuter"},"schema":{"@context":"https:\/\/schema.org","@graph":[{"@type":"Organization","@id":"https:\/\/www.trafipoint.fi\/sv\/#organization","name":"Trafipoint","url":"https:\/\/www.trafipoint.fi\/sv\/","sameAs":["https:\/\/www.facebook.com\/trafipoint","https:\/\/www.instagram.com\/trafipoint\/"],"logo":{"@type":"ImageObject","@id":"https:\/\/www.trafipoint.fi\/sv\/#logo","inLanguage":"sv-SE","url":"https:\/\/www.trafipoint.fi\/wp-content\/uploads\/2022\/01\/playstore.png","contentUrl":"https:\/\/www.trafipoint.fi\/wp-content\/uploads\/2022\/01\/playstore.png","width":512,"height":512,"caption":"Trafipoint"},"image":{"@id":"https:\/\/www.trafipoint.fi\/sv\/#logo"}},{"@type":"WebSite","@id":"https:\/\/www.trafipoint.fi\/sv\/#website","url":"https:\/\/www.trafipoint.fi\/sv\/","name":"Trafipoint","description":"","publisher":{"@id":"https:\/\/www.trafipoint.fi\/sv\/#organization"},"potentialAction":[{"@type":"SearchAction","target":{"@type":"EntryPoint","urlTemplate":"https:\/\/www.trafipoint.fi\/sv\/?s={search_term_string}"},"query-input":"required name=search_term_string"}],"inLanguage":"sv-SE"},{"@type":"WebPage","@id":"https:\/\/www.trafipoint.fi\/sv\/anvisningar-for-flytt\/#webpage","url":"https:\/\/www.trafipoint.fi\/sv\/anvisningar-for-flytt\/","name":"Trafipoint - Anvisningar f\u00f6r flytt","isPartOf":{"@id":"https:\/\/www.trafipoint.fi\/sv\/#website"},"datePublished":"2021-09-14T11:50:00+00:00","dateModified":"2022-01-25T08:05:57+00:00","breadcrumb":{"@id":"https:\/\/www.trafipoint.fi\/sv\/anvisningar-for-flytt\/#breadcrumb"},"inLanguage":"sv-SE","potentialAction":[{"@type":"ReadAction","target":["https:\/\/www.trafipoint.fi\/sv\/anvisningar-for-flytt\/"]}]},{"@type":"BreadcrumbList","@id":"https:\/\/www.trafipoint.fi\/sv\/anvisningar-for-flytt\/#breadcrumb","itemListElement":[{"@type":"ListItem","position":1,"name":"Etusivu","item":"https:\/\/www.trafipoint.fi\/sv\/flytt\/"},{"@type":"ListItem","position":2,"name":"Anvisningar f\u00f6r flytt"}]}]}},"_links":{"self":[{"href":"https:\/\/www.trafipoint.fi\/sv\/wp-json\/wp\/v2\/pages\/2258"}],"collection":[{"href":"https:\/\/www.trafipoint.fi\/sv\/wp-json\/wp\/v2\/pages"}],"about":[{"href":"https:\/\/www.trafipoint.fi\/sv\/wp-json\/wp\/v2\/types\/page"}],"author":[{"embeddable":true,"href":"https:\/\/www.trafipoint.fi\/sv\/wp-json\/wp\/v2\/users\/2"}],"replies":[{"embeddable":true,"href":"https:\/\/www.trafipoint.fi\/sv\/wp-json\/wp\/v2\/comments?post=2258"}],"version-history":[{"count":17,"href":"https:\/\/www.trafipoint.fi\/sv\/wp-json\/wp\/v2\/pages\/2258\/revisions"}],"predecessor-version":[{"id":2721,"href":"https:\/\/www.trafipoint.fi\/sv\/wp-json\/wp\/v2\/pages\/2258\/revisions\/2721"}],"wp:attachment":[{"href":"https:\/\/www.trafipoint.fi\/sv\/wp-json\/wp\/v2\/media?parent=2258"}],"wp:term":[{"taxonomy":"post_tag","embeddable":true,"href":"https:\/\/www.trafipoint.fi\/sv\/wp-json\/wp\/v2\/tags?post=2258"}],"curies":[{"name":"wp","href":"https:\/\/api.w.org\/{rel}","templated":true}]}}