{"id":3497,"date":"2023-12-19T10:45:05","date_gmt":"2023-12-19T08:45:05","guid":{"rendered":"https:\/\/www.trafipoint.fi\/?page_id=3497"},"modified":"2025-05-23T14:15:40","modified_gmt":"2025-05-23T11:15:40","slug":"bli-transportor","status":"publish","type":"page","link":"https:\/\/www.trafipoint.fi\/sv\/bli-transportor\/","title":{"rendered":"Bli transport\u00f6r!"},"content":{"rendered":"\t\t<div data-elementor-type=\"wp-page\" data-elementor-id=\"3497\" class=\"elementor elementor-3497 elementor-888\" data-elementor-settings=\"[]\">\n\t\t\t\t\t\t<div class=\"elementor-inner\">\n\t\t\t\t\t\t\t<div class=\"elementor-section-wrap\">\n\t\t\t\t\t\t\t<section class=\"elementor-section elementor-top-section elementor-element elementor-element-4b965bc elementor-section-full_width elementor-section-height-min-height elementor-section-height-default elementor-section-items-middle\" data-id=\"4b965bc\" data-element_type=\"section\" data-settings=\"{&quot;background_background&quot;:&quot;classic&quot;}\">\n\t\t\t\t\t\t<div class=\"elementor-container elementor-column-gap-default\">\n\t\t\t\t\t\t\t<div class=\"elementor-row\">\n\t\t\t\t\t<div class=\"elementor-column elementor-col-100 elementor-top-column elementor-element elementor-element-921cda3\" data-id=\"921cda3\" data-element_type=\"column\">\n\t\t\t<div class=\"elementor-column-wrap\">\n\t\t\t\t\t\t\t<div class=\"elementor-widget-wrap\">\n\t\t\t\t\t\t\t\t<\/div>\n\t\t\t\t\t<\/div>\n\t\t<\/div>\n\t\t\t\t\t\t\t\t<\/div>\n\t\t\t\t\t<\/div>\n\t\t<\/section>\n\t\t\t\t<section class=\"elementor-section elementor-top-section elementor-element elementor-element-3288ff3 elementor-section-boxed elementor-section-height-default elementor-section-height-default\" data-id=\"3288ff3\" data-element_type=\"section\">\n\t\t\t\t\t\t<div class=\"elementor-container elementor-column-gap-default\">\n\t\t\t\t\t\t\t<div class=\"elementor-row\">\n\t\t\t\t\t<div class=\"elementor-column elementor-col-100 elementor-top-column elementor-element elementor-element-d18b9eb\" data-id=\"d18b9eb\" data-element_type=\"column\">\n\t\t\t<div class=\"elementor-column-wrap elementor-element-populated\">\n\t\t\t\t\t\t\t<div class=\"elementor-widget-wrap\">\n\t\t\t\t\t\t<div class=\"elementor-element elementor-element-06010fc elementor-widget elementor-widget-heading\" data-id=\"06010fc\" data-element_type=\"widget\" data-widget_type=\"heading.default\">\n\t\t\t\t<div class=\"elementor-widget-container\">\n\t\t\t<h1 class=\"elementor-heading-title elementor-size-default\">Bli transport\u00f6r!<\/h1>\t\t<\/div>\n\t\t\t\t<\/div>\n\t\t\t\t<div class=\"elementor-element elementor-element-dbc212b elementor-widget elementor-widget-text-editor\" data-id=\"dbc212b\" data-element_type=\"widget\" data-widget_type=\"text-editor.default\">\n\t\t\t\t<div class=\"elementor-widget-container\">\n\t\t\t\t\t\t\t\t<div class=\"elementor-text-editor elementor-clearfix\">\n\t\t\t\t<p>Med Trafipoint hittar transportf\u00f6retag varje dag nya kunder enkelt och kostnadseffektivt. Med mobilappen \u00e4r det l\u00e4tt att hantera och svara p\u00e5 anbudsinfordringar<\/p><p>Trafipoint samlar anbudsinfordringar fr\u00e5n hela Finland f\u00f6r f\u00f6retag att granska.<\/p>\t\t\t\t\t<\/div>\n\t\t\t\t\t\t<\/div>\n\t\t\t\t<\/div>\n\t\t\t\t<div class=\"elementor-element elementor-element-3c8b94b elementor-widget elementor-widget-text-editor\" data-id=\"3c8b94b\" data-element_type=\"widget\" data-widget_type=\"text-editor.default\">\n\t\t\t\t<div class=\"elementor-widget-container\">\n\t\t\t\t\t\t\t\t<div class=\"elementor-text-editor elementor-clearfix\">\n\t\t\t\t<h4>Pris f\u00f6r tj\u00e4nsten f\u00f6r f\u00f6retag<\/h4><p>20,00\u202f\u20ac \/ m\u00e5n.<\/p><p>Provisionsavgiften f\u00f6r genomf\u00f6rda offertf\u00f6rfr\u00e5gningar \u00e4r endast 19,00\u202f\u20ac \/ offertf\u00f6rfr\u00e5gan.<\/p>\t\t\t\t\t<\/div>\n\t\t\t\t\t\t<\/div>\n\t\t\t\t<\/div>\n\t\t\t\t<div class=\"elementor-element elementor-element-c544432 elementor-widget elementor-widget-text-editor\" data-id=\"c544432\" data-element_type=\"widget\" data-widget_type=\"text-editor.default\">\n\t\t\t\t<div class=\"elementor-widget-container\">\n\t\t\t\t\t\t\t\t<div class=\"elementor-text-editor elementor-clearfix\">\n\t\t\t\t<h4><span style=\"font-style: inherit; font-weight: inherit;\"> Att ansluta sig till tj\u00e4nsten <\/span><\/h4><p>N\u00e4r du ansluter dig till tj\u00e4nsten via blanketten nedan kan du b\u00f6rja skicka dina egna anbud.<br \/>1. Fyll i uppgifterna p\u00e5 blanketten<br \/>2. Du f\u00e5r inloggningsuppgifterna till din e-post. Du kan anv\u00e4nda tj\u00e4nsten i en webbl\u00e4sare eller med appen.<br \/>3. Ladda ner appen<br \/>4. Tj\u00e4nsten kr\u00e4ver uppgifter om ett bank- eller kreditkort s\u00e5 att du kan \u00f6ppna anbudsinfordringar och besvara dem.<\/p>\t\t\t\t\t<\/div>\n\t\t\t\t\t\t<\/div>\n\t\t\t\t<\/div>\n\t\t\t\t\t\t<\/div>\n\t\t\t\t\t<\/div>\n\t\t<\/div>\n\t\t\t\t\t\t\t\t<\/div>\n\t\t\t\t\t<\/div>\n\t\t<\/section>\n\t\t\t\t<section class=\"elementor-section elementor-top-section elementor-element elementor-element-99d40c7 elementor-section-boxed elementor-section-height-default elementor-section-height-default\" data-id=\"99d40c7\" data-element_type=\"section\">\n\t\t\t\t\t\t<div class=\"elementor-container elementor-column-gap-default\">\n\t\t\t\t\t\t\t<div class=\"elementor-row\">\n\t\t\t\t\t<div class=\"elementor-column elementor-col-100 elementor-top-column elementor-element elementor-element-be9ed9a\" data-id=\"be9ed9a\" data-element_type=\"column\">\n\t\t\t<div class=\"elementor-column-wrap elementor-element-populated\">\n\t\t\t\t\t\t\t<div class=\"elementor-widget-wrap\">\n\t\t\t\t\t\t<div class=\"elementor-element elementor-element-7963fac elementor-widget elementor-widget-text-editor\" data-id=\"7963fac\" data-element_type=\"widget\" data-widget_type=\"text-editor.default\">\n\t\t\t\t<div class=\"elementor-widget-container\">\n\t\t\t\t\t\t\t\t<div class=\"elementor-text-editor elementor-clearfix\">\n\t\t\t\t<h4> Ladda ner appen <\/h4>\t\t\t\t\t<\/div>\n\t\t\t\t\t\t<\/div>\n\t\t\t\t<\/div>\n\t\t\t\t<div class=\"elementor-element elementor-element-345b7df elementor-widget__width-auto elementor-view-default elementor-widget elementor-widget-icon\" data-id=\"345b7df\" data-element_type=\"widget\" data-widget_type=\"icon.default\">\n\t\t\t\t<div class=\"elementor-widget-container\">\n\t\t\t\t\t<div class=\"elementor-icon-wrapper\">\n\t\t\t<a class=\"elementor-icon\" href=\"https:\/\/apps.apple.com\/app\/id1588775491\" target=\"_blank\">\n\t\t\t<i aria-hidden=\"true\" class=\"fab fa-apple\"><\/i>\t\t\t<\/a>\n\t\t<\/div>\n\t\t\t\t<\/div>\n\t\t\t\t<\/div>\n\t\t\t\t<div class=\"elementor-element elementor-element-facd8fe elementor-widget__width-auto elementor-view-default elementor-widget elementor-widget-icon\" data-id=\"facd8fe\" data-element_type=\"widget\" data-widget_type=\"icon.default\">\n\t\t\t\t<div class=\"elementor-widget-container\">\n\t\t\t\t\t<div class=\"elementor-icon-wrapper\">\n\t\t\t<a class=\"elementor-icon\" href=\"https:\/\/play.google.com\/store\/apps\/details?id=fi.trafipoint.app\" target=\"_blank\">\n\t\t\t<i aria-hidden=\"true\" class=\"fab fa-android\"><\/i>\t\t\t<\/a>\n\t\t<\/div>\n\t\t\t\t<\/div>\n\t\t\t\t<\/div>\n\t\t\t\t\t\t<\/div>\n\t\t\t\t\t<\/div>\n\t\t<\/div>\n\t\t\t\t\t\t\t\t<\/div>\n\t\t\t\t\t<\/div>\n\t\t<\/section>\n\t\t\t\t<section class=\"elementor-section elementor-top-section elementor-element elementor-element-2098fb7 elementor-section-boxed elementor-section-height-default elementor-section-height-default\" data-id=\"2098fb7\" data-element_type=\"section\">\n\t\t\t\t\t\t<div class=\"elementor-container elementor-column-gap-default\">\n\t\t\t\t\t\t\t<div class=\"elementor-row\">\n\t\t\t\t\t<div class=\"elementor-column elementor-col-100 elementor-top-column elementor-element elementor-element-bd39cb1\" data-id=\"bd39cb1\" data-element_type=\"column\">\n\t\t\t<div class=\"elementor-column-wrap elementor-element-populated\">\n\t\t\t\t\t\t\t<div class=\"elementor-widget-wrap\">\n\t\t\t\t\t\t<div class=\"elementor-element elementor-element-0787884 elementor-widget elementor-widget-heading\" data-id=\"0787884\" data-element_type=\"widget\" data-widget_type=\"heading.default\">\n\t\t\t\t<div class=\"elementor-widget-container\">\n\t\t\t<h2 class=\"elementor-heading-title elementor-size-default\">Bli transport\u00f6r!\n\n<\/h2>\t\t<\/div>\n\t\t\t\t<\/div>\n\t\t\t\t<div class=\"elementor-element elementor-element-9744a8d elementor-button-align-start elementor-widget elementor-widget-form\" data-id=\"9744a8d\" data-element_type=\"widget\" data-settings=\"{&quot;button_width&quot;:&quot;20&quot;,&quot;step_next_label&quot;:&quot;Next&quot;,&quot;step_previous_label&quot;:&quot;Previous&quot;,&quot;step_type&quot;:&quot;number_text&quot;,&quot;step_icon_shape&quot;:&quot;circle&quot;}\" data-widget_type=\"form.default\">\n\t\t\t\t<div class=\"elementor-widget-container\">\n\t\t\t\t\t<form class=\"elementor-form\" method=\"post\" name=\"Kuljettajaksi\">\n\t\t\t<input type=\"hidden\" name=\"post_id\" value=\"3497\"\/>\n\t\t\t<input type=\"hidden\" name=\"form_id\" value=\"9744a8d\"\/>\n\t\t\t<input type=\"hidden\" name=\"referer_title\" value=\"Trafipoint\" \/>\n\n\t\t\t\n\t\t\t<div class=\"elementor-form-fields-wrapper elementor-labels-above\">\n\t\t\t\t\t\t\t\t<div class=\"elementor-field-type-html elementor-field-group elementor-column elementor-field-group-field_268c45f elementor-col-100\">\n\t\t\t\t\t<h4 style=\"margin-bottom:0;\"> Transportf\u00f6retagets uppgifter <\/h4>\t\t\t\t<\/div>\n\t\t\t\t\t\t\t\t<div class=\"elementor-field-type-text elementor-field-group elementor-column elementor-field-group-yritys elementor-col-33 elementor-field-required elementor-mark-required\">\n\t\t\t\t\t<label for=\"form-field-yritys\" class=\"elementor-field-label\">F\u00f6retag<\/label><input size=\"1\" type=\"text\" name=\"form_fields[yritys]\" id=\"form-field-yritys\" class=\"elementor-field elementor-size-sm  elementor-field-textual\" placeholder=\"F\u00f6retag\" required=\"required\" aria-required=\"true\">\t\t\t\t<\/div>\n\t\t\t\t\t\t\t\t<div class=\"elementor-field-type-text elementor-field-group elementor-column elementor-field-group-ytunnus elementor-col-33 elementor-field-required elementor-mark-required\">\n\t\t\t\t\t<label for=\"form-field-ytunnus\" class=\"elementor-field-label\">FO-nummer<\/label><input size=\"1\" type=\"text\" name=\"form_fields[ytunnus]\" id=\"form-field-ytunnus\" class=\"elementor-field elementor-size-sm  elementor-field-textual\" placeholder=\"FO-nummer\" required=\"required\" aria-required=\"true\">\t\t\t\t<\/div>\n\t\t\t\t\t\t\t\t<div class=\"elementor-field-type-html elementor-field-group elementor-column elementor-field-group-is_same elementor-col-33\">\n\t\t\t\t\t<div><\/div>\t\t\t\t<\/div>\n\t\t\t\t\t\t\t\t<div class=\"elementor-field-type-text elementor-field-group elementor-column elementor-field-group-yhteyshenkilo elementor-col-33 elementor-field-required elementor-mark-required\">\n\t\t\t\t\t<label for=\"form-field-yhteyshenkilo\" class=\"elementor-field-label\">Kontaktperson<\/label><input size=\"1\" type=\"text\" name=\"form_fields[yhteyshenkilo]\" id=\"form-field-yhteyshenkilo\" class=\"elementor-field elementor-size-sm  elementor-field-textual\" placeholder=\"Kontaktperson\" required=\"required\" aria-required=\"true\">\t\t\t\t<\/div>\n\t\t\t\t\t\t\t\t<div class=\"elementor-field-type-tel elementor-field-group elementor-column elementor-field-group-yritys_mobiili elementor-col-33 elementor-field-required elementor-mark-required\">\n\t\t\t\t\t<label for=\"form-field-yritys_mobiili\" class=\"elementor-field-label\">Telefonnummer<\/label><input size=\"1\" type=\"tel\" name=\"form_fields[yritys_mobiili]\" id=\"form-field-yritys_mobiili\" class=\"elementor-field elementor-size-sm  elementor-field-textual\" placeholder=\"Telefonnummer\" required=\"required\" aria-required=\"true\" pattern=\"[0-9()#&amp;+*-=.]+\" title=\"Endast siffror och telefontecken (#, -, *, etc) accepteras.\">\t\t\t\t<\/div>\n\t\t\t\t\t\t\t\t<div class=\"elementor-field-type-email elementor-field-group elementor-column elementor-field-group-yritys_email elementor-col-33 elementor-field-required elementor-mark-required\">\n\t\t\t\t\t<label for=\"form-field-yritys_email\" class=\"elementor-field-label\">E-postadress<\/label><input size=\"1\" type=\"email\" name=\"form_fields[yritys_email]\" id=\"form-field-yritys_email\" class=\"elementor-field elementor-size-sm  elementor-field-textual\" placeholder=\"E-postadress\" required=\"required\" aria-required=\"true\">\t\t\t\t<\/div>\n\t\t\t\t\t\t\t\t<div class=\"elementor-field-type-html elementor-field-group elementor-column elementor-field-group-field_15cc7c6 elementor-col-100\">\n\t\t\t\t\t<h4 style=\"margin-top:25px;margin-bottom:0;\"> Uppgifter om f\u00f6retagets huvudanv\u00e4ndare <\/h4>\t\t\t\t<\/div>\n\t\t\t\t\t\t\t\t<div class=\"elementor-field-type-text elementor-field-group elementor-column elementor-field-group-etunimi elementor-col-33 elementor-field-required elementor-mark-required\">\n\t\t\t\t\t<label for=\"form-field-etunimi\" class=\"elementor-field-label\">F\u00f6rnamn<\/label><input size=\"1\" type=\"text\" name=\"form_fields[etunimi]\" id=\"form-field-etunimi\" class=\"elementor-field elementor-size-sm  elementor-field-textual\" placeholder=\"F\u00f6rnamn\" required=\"required\" aria-required=\"true\">\t\t\t\t<\/div>\n\t\t\t\t\t\t\t\t<div class=\"elementor-field-type-text elementor-field-group elementor-column elementor-field-group-sukunimi elementor-col-33 elementor-field-required elementor-mark-required\">\n\t\t\t\t\t<label for=\"form-field-sukunimi\" class=\"elementor-field-label\">Efternamn<\/label><input size=\"1\" type=\"text\" name=\"form_fields[sukunimi]\" id=\"form-field-sukunimi\" class=\"elementor-field elementor-size-sm  elementor-field-textual\" placeholder=\"Efternamn\" required=\"required\" aria-required=\"true\">\t\t\t\t<\/div>\n\t\t\t\t\t\t\t\t<div class=\"elementor-field-type-html elementor-field-group elementor-column elementor-field-group-field_c9c96c7 elementor-col-33\">\n\t\t\t\t\t&nbsp;\t\t\t\t<\/div>\n\t\t\t\t\t\t\t\t<div class=\"elementor-field-type-tel elementor-field-group elementor-column elementor-field-group-mobile elementor-col-33 elementor-field-required elementor-mark-required\">\n\t\t\t\t\t<label for=\"form-field-mobile\" class=\"elementor-field-label\">Telefonnummer<\/label><input size=\"1\" type=\"tel\" name=\"form_fields[mobile]\" id=\"form-field-mobile\" class=\"elementor-field elementor-size-sm  elementor-field-textual\" placeholder=\"Telefonnummer\" required=\"required\" aria-required=\"true\" pattern=\"[0-9()#&amp;+*-=.]+\" title=\"Endast siffror och telefontecken (#, -, *, etc) accepteras.\">\t\t\t\t<\/div>\n\t\t\t\t\t\t\t\t<div class=\"elementor-field-type-email elementor-field-group elementor-column elementor-field-group-email elementor-col-33 elementor-field-required elementor-mark-required\">\n\t\t\t\t\t<label for=\"form-field-email\" class=\"elementor-field-label\">E-postadress<\/label><input size=\"1\" type=\"email\" name=\"form_fields[email]\" id=\"form-field-email\" class=\"elementor-field elementor-size-sm  elementor-field-textual\" placeholder=\"E-postadress\" required=\"required\" aria-required=\"true\">\t\t\t\t<\/div>\n\t\t\t\t\t\t\t\t<div class=\"elementor-field-type-html elementor-field-group elementor-column elementor-field-group-field_4325703 elementor-col-33\">\n\t\t\t\t\t<div><\/div>\t\t\t\t<\/div>\n\t\t\t\t\t\t\t\t<div class=\"elementor-field-type-html elementor-field-group elementor-column elementor-field-group-field_4a747d8 elementor-col-100\">\n\t\t\t\t\t<div style=\"margin-bottom:25px;\"><i>Din anv\u00e4ndare skapas i systemet med dessa uppgifter.<\/i><\/div>\t\t\t\t<\/div>\n\t\t\t\t\t\t\t\t<div class=\"elementor-field-type-acceptance elementor-field-group elementor-column elementor-field-group-field_87872f2 elementor-col-100 elementor-field-required elementor-mark-required\">\n\t\t\t\t\t<div class=\"elementor-field-subgroup\"><span class=\"elementor-field-option\"><input type=\"checkbox\" name=\"form_fields[field_87872f2]\" id=\"form-field-field_87872f2\" class=\"elementor-field elementor-size-sm  elementor-acceptance-field\" required=\"required\" aria-required=\"true\"> <label for=\"form-field-field_87872f2\">Jag har l\u00e4st och godk\u00e4nt avtalsvillkoren och registerbeskrivningen.\n<\/label><\/span><\/div>\t\t\t\t<\/div>\n\t\t\t\t\t\t\t\t<div class=\"elementor-field-type-recaptcha_v3 elementor-field-group elementor-column elementor-field-group-field_cdee69a elementor-col-100 recaptcha_v3-bottomright\">\n\t\t\t\t\t<div class=\"elementor-field\" id=\"form-field-field_cdee69a\"><div class=\"elementor-g-recaptcha\" data-sitekey=\"6Lfd9DMeAAAAAPOyiFlDsHGj5_XCD419kDqIIING\" data-type=\"v3\" data-action=\"Form\" data-badge=\"bottomright\" data-size=\"invisible\"><\/div><\/div>\t\t\t\t<\/div>\n\t\t\t\t\t\t\t\t<div class=\"elementor-field-group elementor-column elementor-field-type-submit elementor-col-20 e-form__buttons\">\n\t\t\t\t\t<button type=\"submit\" class=\"elementor-button elementor-size-sm\" id=\"rekisteroidy\">\n\t\t\t\t\t\t<span >\n\t\t\t\t\t\t\t\t\t\t\t\t\t\t\t<span class=\" elementor-button-icon\">\n\t\t\t\t\t\t\t\t\t\t\t\t\t\t\t\t\t\t\t\t\t\t\t\t\t\t<\/span>\n\t\t\t\t\t\t\t\t\t\t\t\t\t\t\t\t\t\t\t\t\t\t<span class=\"elementor-button-text\">Skicka<\/span>\n\t\t\t\t\t\t\t\t\t\t\t\t\t<\/span>\n\t\t\t\t\t<\/button>\n\t\t\t\t<\/div>\n\t\t\t<\/div>\n\t\t<\/form>\n\t\t\t\t<\/div>\n\t\t\t\t<\/div>\n\t\t\t\t\t\t<\/div>\n\t\t\t\t\t<\/div>\n\t\t<\/div>\n\t\t\t\t\t\t\t\t<\/div>\n\t\t\t\t\t<\/div>\n\t\t<\/section>\n\t\t\t\t\t\t<\/div>\n\t\t\t\t\t\t<\/div>\n\t\t\t\t\t<\/div>\n\t\t","protected":false},"excerpt":{"rendered":"<p>Bli transport\u00f6r! Med Trafipoint hittar transportf\u00f6retag varje dag nya kunder enkelt och kostnadseffektivt. Med mobilappen \u00e4r det l\u00e4tt att hantera och svara p\u00e5 anbudsinfordringar Trafipoint samlar anbudsinfordringar fr\u00e5n hela Finland f\u00f6r f\u00f6retag att granska. Pris f\u00f6r tj\u00e4nsten f\u00f6r f\u00f6retag 20,00\u202f\u20ac \/ m\u00e5n. Provisionsavgiften f\u00f6r genomf\u00f6rda offertf\u00f6rfr\u00e5gningar \u00e4r endast 19,00\u202f\u20ac \/ offertf\u00f6rfr\u00e5gan. Att ansluta sig till &hellip;<\/p>\n<p class=\"read-more\"> <a class=\"\" href=\"https:\/\/www.trafipoint.fi\/sv\/bli-transportor\/\"> <span class=\"screen-reader-text\">Bli transport\u00f6r!<\/span> Read More \u00bb<\/a><\/p>\n","protected":false},"author":1,"featured_media":0,"parent":0,"menu_order":0,"comment_status":"closed","ping_status":"closed","template":"","meta":[],"tags":[34],"yoast_head":"<!-- This site is optimized with the Yoast SEO plugin v17.0 - https:\/\/yoast.com\/wordpress\/plugins\/seo\/ -->\n<title>Trafipoint - Bli transport\u00f6r!<\/title>\n<meta name=\"robots\" content=\"index, follow, max-snippet:-1, max-image-preview:large, max-video-preview:-1\" \/>\n<link rel=\"canonical\" href=\"https:\/\/www.trafipoint.fi\/tule-kuljettamaan\/\" \/>\n<meta property=\"og:locale\" content=\"sv_SE\" \/>\n<meta property=\"og:type\" content=\"article\" \/>\n<meta property=\"og:title\" content=\"Trafipoint - Bli transport\u00f6r!\" \/>\n<meta property=\"og:description\" content=\"Bli transport\u00f6r! Med Trafipoint hittar transportf\u00f6retag varje dag nya kunder enkelt och kostnadseffektivt. Med mobilappen \u00e4r det l\u00e4tt att hantera och svara p\u00e5 anbudsinfordringar Trafipoint samlar anbudsinfordringar fr\u00e5n hela Finland f\u00f6r f\u00f6retag att granska. Pris f\u00f6r tj\u00e4nsten f\u00f6r f\u00f6retag 20,00\u202f\u20ac \/ m\u00e5n. Provisionsavgiften f\u00f6r genomf\u00f6rda offertf\u00f6rfr\u00e5gningar \u00e4r endast 19,00\u202f\u20ac \/ offertf\u00f6rfr\u00e5gan. Att ansluta sig till &hellip; Bli transport\u00f6r! Read More \u00bb\" \/>\n<meta property=\"og:url\" content=\"https:\/\/www.trafipoint.fi\/tule-kuljettamaan\/\" \/>\n<meta property=\"og:site_name\" content=\"Trafipoint\" \/>\n<meta property=\"article:publisher\" content=\"https:\/\/www.facebook.com\/trafipoint\" \/>\n<meta property=\"article:modified_time\" content=\"2025-05-23T11:15:40+00:00\" \/>\n<meta name=\"twitter:card\" content=\"summary_large_image\" \/>\n<meta name=\"twitter:label1\" content=\"Ber\u00e4knad l\u00e4stid\" \/>\n\t<meta name=\"twitter:data1\" content=\"1 minut\" \/>\n<script type=\"application\/ld+json\" class=\"yoast-schema-graph\">{\"@context\":\"https:\/\/schema.org\",\"@graph\":[{\"@type\":\"Organization\",\"@id\":\"https:\/\/www.trafipoint.fi\/sv\/#organization\",\"name\":\"Trafipoint\",\"url\":\"https:\/\/www.trafipoint.fi\/sv\/\",\"sameAs\":[\"https:\/\/www.facebook.com\/trafipoint\",\"https:\/\/www.instagram.com\/trafipoint\/\"],\"logo\":{\"@type\":\"ImageObject\",\"@id\":\"https:\/\/www.trafipoint.fi\/sv\/#logo\",\"inLanguage\":\"sv-SE\",\"url\":\"https:\/\/www.trafipoint.fi\/wp-content\/uploads\/2022\/01\/playstore.png\",\"contentUrl\":\"https:\/\/www.trafipoint.fi\/wp-content\/uploads\/2022\/01\/playstore.png\",\"width\":512,\"height\":512,\"caption\":\"Trafipoint\"},\"image\":{\"@id\":\"https:\/\/www.trafipoint.fi\/sv\/#logo\"}},{\"@type\":\"WebSite\",\"@id\":\"https:\/\/www.trafipoint.fi\/sv\/#website\",\"url\":\"https:\/\/www.trafipoint.fi\/sv\/\",\"name\":\"Trafipoint\",\"description\":\"\",\"publisher\":{\"@id\":\"https:\/\/www.trafipoint.fi\/sv\/#organization\"},\"potentialAction\":[{\"@type\":\"SearchAction\",\"target\":{\"@type\":\"EntryPoint\",\"urlTemplate\":\"https:\/\/www.trafipoint.fi\/sv\/?s={search_term_string}\"},\"query-input\":\"required name=search_term_string\"}],\"inLanguage\":\"sv-SE\"},{\"@type\":\"WebPage\",\"@id\":\"https:\/\/www.trafipoint.fi\/tule-kuljettamaan\/#webpage\",\"url\":\"https:\/\/www.trafipoint.fi\/tule-kuljettamaan\/\",\"name\":\"Trafipoint - Bli transport\\u00f6r!\",\"isPartOf\":{\"@id\":\"https:\/\/www.trafipoint.fi\/sv\/#website\"},\"datePublished\":\"2023-12-19T08:45:05+00:00\",\"dateModified\":\"2025-05-23T11:15:40+00:00\",\"breadcrumb\":{\"@id\":\"https:\/\/www.trafipoint.fi\/tule-kuljettamaan\/#breadcrumb\"},\"inLanguage\":\"sv-SE\",\"potentialAction\":[{\"@type\":\"ReadAction\",\"target\":[\"https:\/\/www.trafipoint.fi\/tule-kuljettamaan\/\"]}]},{\"@type\":\"BreadcrumbList\",\"@id\":\"https:\/\/www.trafipoint.fi\/tule-kuljettamaan\/#breadcrumb\",\"itemListElement\":[{\"@type\":\"ListItem\",\"position\":1,\"name\":\"Etusivu\",\"item\":\"https:\/\/www.trafipoint.fi\/sv\/flytt\/\"},{\"@type\":\"ListItem\",\"position\":2,\"name\":\"Bli transport\\u00f6r!\"}]}]}<\/script>\n<!-- \/ Yoast SEO plugin. -->","yoast_head_json":{"title":"Trafipoint - Bli transport\u00f6r!","robots":{"index":"index","follow":"follow","max-snippet":"max-snippet:-1","max-image-preview":"max-image-preview:large","max-video-preview":"max-video-preview:-1"},"canonical":"https:\/\/www.trafipoint.fi\/tule-kuljettamaan\/","og_locale":"sv_SE","og_type":"article","og_title":"Trafipoint - Bli transport\u00f6r!","og_description":"Bli transport\u00f6r! Med Trafipoint hittar transportf\u00f6retag varje dag nya kunder enkelt och kostnadseffektivt. Med mobilappen \u00e4r det l\u00e4tt att hantera och svara p\u00e5 anbudsinfordringar Trafipoint samlar anbudsinfordringar fr\u00e5n hela Finland f\u00f6r f\u00f6retag att granska. Pris f\u00f6r tj\u00e4nsten f\u00f6r f\u00f6retag 20,00\u202f\u20ac \/ m\u00e5n. Provisionsavgiften f\u00f6r genomf\u00f6rda offertf\u00f6rfr\u00e5gningar \u00e4r endast 19,00\u202f\u20ac \/ offertf\u00f6rfr\u00e5gan. Att ansluta sig till &hellip; Bli transport\u00f6r! Read More \u00bb","og_url":"https:\/\/www.trafipoint.fi\/tule-kuljettamaan\/","og_site_name":"Trafipoint","article_publisher":"https:\/\/www.facebook.com\/trafipoint","article_modified_time":"2025-05-23T11:15:40+00:00","twitter_card":"summary_large_image","twitter_misc":{"Ber\u00e4knad l\u00e4stid":"1 minut"},"schema":{"@context":"https:\/\/schema.org","@graph":[{"@type":"Organization","@id":"https:\/\/www.trafipoint.fi\/sv\/#organization","name":"Trafipoint","url":"https:\/\/www.trafipoint.fi\/sv\/","sameAs":["https:\/\/www.facebook.com\/trafipoint","https:\/\/www.instagram.com\/trafipoint\/"],"logo":{"@type":"ImageObject","@id":"https:\/\/www.trafipoint.fi\/sv\/#logo","inLanguage":"sv-SE","url":"https:\/\/www.trafipoint.fi\/wp-content\/uploads\/2022\/01\/playstore.png","contentUrl":"https:\/\/www.trafipoint.fi\/wp-content\/uploads\/2022\/01\/playstore.png","width":512,"height":512,"caption":"Trafipoint"},"image":{"@id":"https:\/\/www.trafipoint.fi\/sv\/#logo"}},{"@type":"WebSite","@id":"https:\/\/www.trafipoint.fi\/sv\/#website","url":"https:\/\/www.trafipoint.fi\/sv\/","name":"Trafipoint","description":"","publisher":{"@id":"https:\/\/www.trafipoint.fi\/sv\/#organization"},"potentialAction":[{"@type":"SearchAction","target":{"@type":"EntryPoint","urlTemplate":"https:\/\/www.trafipoint.fi\/sv\/?s={search_term_string}"},"query-input":"required name=search_term_string"}],"inLanguage":"sv-SE"},{"@type":"WebPage","@id":"https:\/\/www.trafipoint.fi\/tule-kuljettamaan\/#webpage","url":"https:\/\/www.trafipoint.fi\/tule-kuljettamaan\/","name":"Trafipoint - Bli transport\u00f6r!","isPartOf":{"@id":"https:\/\/www.trafipoint.fi\/sv\/#website"},"datePublished":"2023-12-19T08:45:05+00:00","dateModified":"2025-05-23T11:15:40+00:00","breadcrumb":{"@id":"https:\/\/www.trafipoint.fi\/tule-kuljettamaan\/#breadcrumb"},"inLanguage":"sv-SE","potentialAction":[{"@type":"ReadAction","target":["https:\/\/www.trafipoint.fi\/tule-kuljettamaan\/"]}]},{"@type":"BreadcrumbList","@id":"https:\/\/www.trafipoint.fi\/tule-kuljettamaan\/#breadcrumb","itemListElement":[{"@type":"ListItem","position":1,"name":"Etusivu","item":"https:\/\/www.trafipoint.fi\/sv\/flytt\/"},{"@type":"ListItem","position":2,"name":"Bli transport\u00f6r!"}]}]}},"_links":{"self":[{"href":"https:\/\/www.trafipoint.fi\/sv\/wp-json\/wp\/v2\/pages\/3497"}],"collection":[{"href":"https:\/\/www.trafipoint.fi\/sv\/wp-json\/wp\/v2\/pages"}],"about":[{"href":"https:\/\/www.trafipoint.fi\/sv\/wp-json\/wp\/v2\/types\/page"}],"author":[{"embeddable":true,"href":"https:\/\/www.trafipoint.fi\/sv\/wp-json\/wp\/v2\/users\/1"}],"replies":[{"embeddable":true,"href":"https:\/\/www.trafipoint.fi\/sv\/wp-json\/wp\/v2\/comments?post=3497"}],"version-history":[{"count":20,"href":"https:\/\/www.trafipoint.fi\/sv\/wp-json\/wp\/v2\/pages\/3497\/revisions"}],"predecessor-version":[{"id":3648,"href":"https:\/\/www.trafipoint.fi\/sv\/wp-json\/wp\/v2\/pages\/3497\/revisions\/3648"}],"wp:attachment":[{"href":"https:\/\/www.trafipoint.fi\/sv\/wp-json\/wp\/v2\/media?parent=3497"}],"wp:term":[{"taxonomy":"post_tag","embeddable":true,"href":"https:\/\/www.trafipoint.fi\/sv\/wp-json\/wp\/v2\/tags?post=3497"}],"curies":[{"name":"wp","href":"https:\/\/api.w.org\/{rel}","templated":true}]}}